{"id":1297,"date":"2023-10-04T19:07:31","date_gmt":"2023-10-04T16:07:31","guid":{"rendered":"https:\/\/kaglobal.com.tr\/?page_id=1297"},"modified":"2026-02-07T13:58:31","modified_gmt":"2026-02-07T10:58:31","slug":"k-505-kagit-bobin-dilimleme","status":"publish","type":"page","link":"https:\/\/kaglobal.com.tr\/ru\/urunler\/kagit-dilimleme-makinesi\/k-505-kagit-bobin-dilimleme\/","title":{"rendered":"\u041c\u0430\u0448\u0438\u043d\u0430 \u0434\u043b\u044f \u043f\u0440\u043e\u0434\u043e\u043b\u044c\u043d\u043e\u0439 \u0440\u0435\u0437\u043a\u0438 \u0440\u0443\u043b\u043e\u043d\u043e\u0432 \u0431\u0443\u043c\u0430\u0433\u0438 K-505"},"content":{"rendered":"<div class=\"wpb-content-wrapper\"><div class=\"fullwidth\" ><div class=\"vc_row wpb_row vc_row-fluid vc_custom_1696636756945\"><div class=\"wpb_column vc_column_container vc_col-sm-12\"><div class=\"vc_column-inner\"><div class=\"wpb_wrapper\"><div class=\"container\" ><div class=\"vc_row wpb_row vc_inner vc_row-fluid vc_custom_1640603113396\"><div class=\"wpb_column vc_column_container vc_col-sm-6\"><div class=\"vc_column-inner\"><div class=\"wpb_wrapper\">\n\t<div class=\"wpb_text_column wpb_content_element  vc_custom_1770461909533 urun-header\" >\n\t\t<div class=\"wpb_wrapper\">\n\t\t\t<h5><span style=\"color: #ffffff;\">\u041f\u0440\u043e\u0434\u0443\u043a\u0446\u0438\u044f KaGlobal<\/span><\/h5>\n<h2><span style=\"color: #ffffff;\"><strong>\u0411\u043e\u0431\u0438\u043d\u043e\u0440\u0435\u0437\u0430\u0442\u0435\u043b\u044c\u043d\u044b\u0435 \u043c\u0430\u0448\u0438\u043d\u044b.<\/strong><\/span><\/h2>\n<h2><span style=\"color: #f07e22;\"><strong>\u041a \u2013 505<\/strong><\/span><\/h2>\n\n\t\t<\/div>\n\t<\/div>\n<\/div><\/div><\/div><div class=\"wpb_column vc_column_container vc_col-sm-6\"><div class=\"vc_column-inner\"><div class=\"wpb_wrapper\">\n\t<div  class=\"wpb_single_image wpb_content_element vc_align_center\">\n\t\t\n\t\t<figure class=\"wpb_wrapper vc_figure\">\n\t\t\t<div class=\"vc_single_image-wrapper   vc_box_border_grey\"><img loading=\"lazy\" decoding=\"async\" width=\"672\" height=\"448\" src=\"https:\/\/kaglobal.com.tr\/wp-content\/uploads\/2024\/10\/IMG_0007-1-e1729362633363.png\" class=\"vc_single_image-img attachment-full\" alt=\"\" title=\"IMG_0007\" \/><\/div>\n\t\t<\/figure>\n\t<\/div>\n<\/div><\/div><\/div><\/div><\/div><\/div><\/div><\/div><\/div><\/div><div class=\"container\" ><div class=\"vc_row wpb_row vc_row-fluid vc_custom_1640601945603\"><div class=\"wpb_column vc_column_container vc_col-sm-8\"><div class=\"vc_column-inner\"><div class=\"wpb_wrapper\">\n\t<div  class=\"wpb_single_image wpb_content_element vc_align_left\">\n\t\t\n\t\t<figure class=\"wpb_wrapper vc_figure\">\n\t\t\t<div class=\"vc_single_image-wrapper   vc_box_border_grey\"><img loading=\"lazy\" decoding=\"async\" width=\"2560\" height=\"1707\" src=\"https:\/\/kaglobal.com.tr\/wp-content\/uploads\/2025\/12\/505-scaled.png\" class=\"vc_single_image-img attachment-full\" alt=\"\" title=\"505\" srcset=\"https:\/\/kaglobal.com.tr\/wp-content\/uploads\/2025\/12\/505-scaled.png 2560w, https:\/\/kaglobal.com.tr\/wp-content\/uploads\/2025\/12\/505-300x200.png 300w, https:\/\/kaglobal.com.tr\/wp-content\/uploads\/2025\/12\/505-1024x683.png 1024w, https:\/\/kaglobal.com.tr\/wp-content\/uploads\/2025\/12\/505-768x512.png 768w, https:\/\/kaglobal.com.tr\/wp-content\/uploads\/2025\/12\/505-1536x1024.png 1536w, https:\/\/kaglobal.com.tr\/wp-content\/uploads\/2025\/12\/505-2048x1365.png 2048w\" sizes=\"auto, (max-width: 2560px) 100vw, 2560px\" \/><\/div>\n\t\t<\/figure>\n\t<\/div>\n<\/div><\/div><\/div><div class=\"wpb_column vc_column_container vc_col-sm-4\"><div class=\"vc_column-inner\"><div class=\"wpb_wrapper\">\n\t<div class=\"wpb_text_column wpb_content_element\" >\n\t\t<div class=\"wpb_wrapper\">\n\t\t\t<h2 class=\"black left\">\u0422\u0435\u0445\u043d\u0438\u0447\u0435\u0441\u043a\u0438\u0435 \u0445\u0430\u0440\u0430\u043a\u0442\u0435\u0440\u0438\u0441\u0442\u0438\u043a\u0438<\/h2>\n\n\t\t<\/div>\n\t<\/div>\n\n\t<div class=\"wpb_raw_code wpb_content_element wpb_raw_html\" >\n\t\t<div class=\"wpb_wrapper\">\n\t\t\t<div class=\"porduct-des\">\n<ul>\n \t<li><strong>\u041a\u0430\u0442\u0435\u0433\u043e\u0440\u0438\u044f<\/strong>\u0411\u043e\u0431\u0438\u043d\u043e\u0440\u0435\u0437\u0430\u0442\u0435\u043b\u044c\u043d\u044b\u0435 \u043c\u0430\u0448\u0438\u043d\u044b.<\/li>\n \t<li><strong>\u0411\u0440\u044d\u043d\u0434<\/strong>: \u041a\u0410\u041c\u0410\u041a<\/li>\n \t<li><strong>M\u043e\u0434\u0435\u043b\u044c<\/strong>: K - 505<\/li>\n \t<li><strong>\u0428\u0438\u0440\u0438\u043d\u0430 \u043c\u0430\u0448\u0438\u043d\u044b<\/strong>: <\/li>\n \t<li><strong>\u041c\u043e\u0447\u043d\u043e\u0441\u0442\u044c \u0434\u0432\u0438\u0433\u0430\u0442\u0435\u043b\u044f<\/strong>: <\/li>\n \t<li><strong>\u0421\u043a\u043e\u0440\u043e\u0441\u0442\u044c \u0440\u0435\u0437\u043a\u0438<\/strong>: <\/li>\n \t<li><strong>\u0414\u0438\u0430\u043c\u0435\u0442\u0440 \u043d\u0430\u043c\u043e\u0442\u043a\u0438<\/strong>: <\/li>\n<\/ul>\n<\/div>\n\t\t<\/div>\n\t<\/div>\n<div class=\"vc_btn3-container vc_btn3-inline vc_custom_1655129028941\" ><a class=\"vc_general vc_btn3 vc_btn3-size-md vc_btn3-shape-rounded vc_btn3-style-modern vc_btn3-icon-left vc_btn3-color-warning\" href=\"#\" title=\"\"><i class=\"vc_btn3-icon fas fa-file-alt\"><\/i> \u0422\u0435\u0445\u043d\u0438\u0447\u0435\u0441\u043a\u0438\u0435 \u0445\u0430\u0440\u0430\u043a\u0442\u0435\u0440\u0438\u0441\u0442\u0438\u043a\u0438<\/a><\/div><\/div><\/div><\/div><\/div><\/div><div class=\"container\" ><div class=\"vc_row wpb_row vc_row-fluid vc_custom_1640601718093\"><div class=\"wpb_column vc_column_container vc_col-sm-12\"><div class=\"vc_column-inner\"><div class=\"wpb_wrapper\">\n\t<div class=\"wpb_text_column wpb_content_element\" >\n\t\t<div class=\"wpb_wrapper\">\n\t\t\t<h2 class=\"black left\">\u0422\u0435\u0445\u043d\u0438\u0447\u0435\u0441\u043a\u0438\u0435 \u043f\u0430\u0440\u0430\u043c\u0435\u0442\u0440\u044b<\/h2>\n<p class=\"onalti\">\u0422\u0430\u0431\u043b\u0438\u0446\u0430 \u0442\u0435\u0445\u043d\u0438\u0447\u0435\u0441\u043a\u0438\u0445 \u0445\u0430\u0440\u0430\u043a\u0442\u0435\u0440\u0438\u0441\u0442\u0438\u043a \u043f\u0440\u0438\u0432\u0435\u0434\u0435\u043d\u0430 \u043d\u0438\u0436\u0435. \u0421\u0432\u044f\u0436\u0438\u0442\u0435\u0441\u044c \u0441 \u0440\u0443\u0441\u0441\u043a\u043e\u044f\u0437\u044b\u0447\u043d\u044b\u043c \u0441\u043e\u0442\u0440\u0443\u0434\u043d\u0438\u043a\u043e\u043c, \u0447\u0442\u043e\u0431\u044b \u043f\u043e\u043b\u0443\u0447\u0438\u0442\u044c \u0431\u043e\u043b\u0435\u0435 \u043f\u043e\u0434\u0440\u043e\u0431\u043d\u0443\u044e \u0438\u043d\u0444\u043e\u0440\u043c\u0430\u0446\u0438\u044e<\/p>\n\n\t\t<\/div>\n\t<\/div>\n\n\t<div class=\"wpb_raw_code wpb_content_element wpb_raw_html\" >\n\t\t<div class=\"wpb_wrapper\">\n\t\t\t<table class=\"sem-table\">\n  <tbody>\n    <tr>\n      <th scope=\"row\">\u0428\u0438\u0440\u0438\u043d\u0430 \u043c\u0430\u0448\u0438\u043d\u044b<\/th>\n      <td>1200 \u043c\u043c<\/td>\n      <td>1400 \u043c\u043c<\/td>\n      <td>1600 \u043c\u043c<\/td>\n      <td>1800 \u043c\u043c<\/td>\n    <\/tr>\n    <tr>\n      <th scope=\"row\">\u041c\u043e\u0447\u043d\u043e\u0441\u0442\u044c \u0434\u0432\u0438\u0433\u0430\u0442\u0435\u043b\u044f<\/th>\n      <td>7,5 \u043a\u0412\u0442<\/td>\n      <td>7,5 \u043a\u0412\u0442<\/td>\n      <td>10 \u043a\u0412\u0442<\/td>\n      <td>10 \u043a\u0412\u0442<\/td>\n    <\/tr>\n    <tr>\n      <th scope=\"row\">\u041a\u043e\u043b-\u0432\u043e \u043d\u043e\u0436\u0435\u0439<\/th>\n      <td>12 \u0448\u0442\u0443\u043a<\/td>\n      <td>14 \u0448\u0442\u0443\u043a<\/td>\n      <td>16 \u0448\u0442\u0443\u043a<\/td>\n      <td>18 \u0448\u0442\u0443\u043a<\/td>\n    <\/tr>\n    <tr>\n      <th scope=\"row\">\u0421\u043a\u043e\u0440\u043e\u0441\u0442\u044c \u0440\u0435\u0437\u043a\u0438<\/th>\n      <td>350 \u043c\u0435\u0442\u0440\u043e\u0432 \u0432 \u0447\u0430\u0441<\/td>\n      <td>350 \u043c\u0435\u0442\u0440\u043e\u0432 \u0432 \u0447\u0430\u0441<\/td>\n      <td>350 \u043c\u0435\u0442\u0440\u043e\u0432 \u0432 \u0447\u0430\u0441<\/td>\n      <td>350 \u043c\u0435\u0442\u0440\u043e\u0432 \u0432 \u0447\u0430\u0441<\/td>\n    <\/tr>\n    <tr>\n      <th scope=\"row\">\u0414\u0438\u0430\u043c\u0435\u0442\u0440 \u043d\u0430\u043c\u043e\u0442\u043a\u0438<\/th>\n      <td>1400 \u043c\u043c<\/td>\n      <td>1400 \u043c\u043c<\/td>\n      <td>1400 \u043c\u043c<\/td>\n      <td>1400 \u043c\u043c<\/td>\n    <\/tr>\n    <tr>\n      <th scope=\"row\">\u0413\u0440\u0430\u043c\u0430\u0436 \u0431\u0443\u043c\u0430\u0433\u0438<\/th>\n      <td>40-600 \u0433\u0440<\/td>\n      <td>40-600 \u0433\u0440<\/td>\n      <td>40-600 \u0433\u0440<\/td>\n      <td>40-600 \u0433\u0440<\/td>\n    <\/tr>\n    <tr>\n      <th scope=\"row\">\u041c\u0438\u043d.\u0440\u0435\u0437\u043a\u0430 \u0448\u0438\u0440\u0438\u043d\u044b<\/th>\n      <td>40 \u043c\u043c<\/td>\n      <td>40 \u043c\u043c<\/td>\n      <td>40 \u043c\u043c<\/td>\n      <td>40 \u043c\u043c<\/td>\n    <\/tr>\n    <tr>\n      <th scope=\"row\">\u0414\u0438\u0430\u043c\u0435\u0442\u0440 \u043e\u0441\u043d\u043e\u0432\u043d\u043e\u0433\u043e \u0440\u0443\u043b\u043e\u043d\u0430<\/th>\n      <td>1400 \u043c\u043c<\/td>\n      <td>1400 \u043c\u043c<\/td>\n      <td>1400 \u043c\u043c<\/td>\n      <td>1400 \u043c\u043c<\/td>\n    <\/tr>\n    <tr>\n      <th scope=\"row\">\u0421\u0438\u0441\u0442\u0435\u043c\u0430 \u0437\u0430\u0433\u0440\u0443\u0437\u043a\u0438 \u0440\u0443\u043b\u043e\u043d\u0430 <\/th>\n      <td>\u0433\u0438\u0434\u0440\u0430\u0432\u043b\u0438\u0447\u0435\u0441\u043a\u0430\u044f \u0441\u0438\u0441\u0442\u0435\u043c\u0430 (6 \u043e\u0441\u0435\u0439)<\/td>\n      <td>\u0433\u0438\u0434\u0440\u0430\u0432\u043b\u0438\u0447\u0435\u0441\u043a\u0430\u044f \u0441\u0438\u0441\u0442\u0435\u043c\u0430 (6 \u043e\u0441\u0435\u0439)<\/td>\n      <td>\u0433\u0438\u0434\u0440\u0430\u0432\u043b\u0438\u0447\u0435\u0441\u043a\u0430\u044f \u0441\u0438\u0441\u0442\u0435\u043c\u0430 (6 \u043e\u0441\u0435\u0439)<\/td>\n      <td>\u0433\u0438\u0434\u0440\u0430\u0432\u043b\u0438\u0447\u0435\u0441\u043a\u0430\u044f \u0441\u0438\u0441\u0442\u0435\u043c\u0430 (6 \u043e\u0441\u0435\u0439)<\/td>\n    <\/tr>\n    <tr>\n      <th scope=\"row\">\u041a\u043e\u043d\u0442\u0440\u043e\u043b\u044c \u0441\u043a\u043e\u0440\u043e\u0441\u0442\u0438.<\/th>\n      <td>\u0435\u0441\u0442\u044c<\/td>\n      <td>\u0435\u0441\u0442\u044c<\/td>\n      <td>\u0435\u0441\u0442\u044c<\/td>\n      <td>\u0435\u0441\u0442\u044c<\/td>\n    <\/tr>\n    <tr>\n      <th scope=\"row\">\u0422\u043e\u0440\u043c\u043e\u0436\u0435\u043d\u0438\u0435<\/th>\n      <td>\u041a\u043e\u043d\u0442\u0440\u043e\u043b\u044c \u043d\u0430\u0442\u044f\u0436\u0435\u043d\u0438\u044f<\/td>\n      <td>\u041a\u043e\u043d\u0442\u0440\u043e\u043b\u044c \u043d\u0430\u0442\u044f\u0436\u0435\u043d\u0438\u044f<\/td>\n      <td>\u041a\u043e\u043d\u0442\u0440\u043e\u043b\u044c \u043d\u0430\u0442\u044f\u0436\u0435\u043d\u0438\u044f<\/td>\n      <td>\u041a\u043e\u043d\u0442\u0440\u043e\u043b\u044c \u043d\u0430\u0442\u044f\u0436\u0435\u043d\u0438\u044f<\/td>\n    <\/tr>\n    <tr>\n      <th scope=\"row\">\u0414\u0430\u0432\u043b\u0435\u043d\u0438\u0435 \u0432\u043e\u0437\u0434\u0443\u0445\u0430<\/th>\n      <td>6 \u0411\u0410\u0420<\/td>\n      <td>6 \u0411\u0410\u0420<\/td>\n      <td>6 \u0411\u0410\u0420<\/td>\n      <td>6 \u0411\u0410\u0420<\/td>\n    <\/tr>\n    <tr>\n      <th scope=\"row\">\u041e\u0431\u043c\u043e\u0442\u043e\u0447\u043d\u0430\u0435 \u043e\u0441\u0438<\/th>\n      <td>\u041f\u043d\u0435\u0432\u043c\u0430\u0442\u0438\u0447\u0435\u0441\u043a\u0438\u0439 \u0432\u0430\u043b \u0434\u0438\u0430\u043c\u0435\u0442\u0440: 76 \u043c\u043c<\/td>\n      <td>\u041f\u043d\u0435\u0432\u043c\u0430\u0442\u0438\u0447\u0435\u0441\u043a\u0438\u0439 \u0432\u0430\u043b \u0434\u0438\u0430\u043c\u0435\u0442\u0440: 76 \u043c\u043c<\/td>\n      <td>\u041f\u043d\u0435\u0432\u043c\u0430\u0442\u0438\u0447\u0435\u0441\u043a\u0438\u0439 \u0432\u0430\u043b \u0434\u0438\u0430\u043c\u0435\u0442\u0440: 76 \u043c\u043c<\/td>\n      <td>\u041f\u043d\u0435\u0432\u043c\u0430\u0442\u0438\u0447\u0435\u0441\u043a\u0438\u0439 \u0432\u0430\u043b \u0434\u0438\u0430\u043c\u0435\u0442\u0440: 76 \u043c\u043c<\/td>\n    <\/tr>\n    <tr>\n      <th scope=\"row\">\u041f\u0440\u043e\u0438\u0437\u0432\u043e\u0434\u0438\u0442\u0435\u043b\u044c\u043d\u043e\u0441\u0442\u044c<\/th>\n      <td>8 \u0442\u043e\u043d\u043d\/ \u0432 \u0434\u0435\u043d\u044c<\/td>\n      <td>10 \u0442\u043e\u043d\u043d\/\u0434\u0435\u043d\u044c<\/td>\n      <td>12 \u0442\u043e\u043d\u043d\/\u0434\u0435\u043d\u044c<\/td>\n      <td>14 \u0442\u043e\u043d\u043d\/\u0434\u0435\u043d\u044c<\/td>\n    <\/tr>\n  <\/tbody>\n<\/table>\n\t\t<\/div>\n\t<\/div>\n<\/div><\/div><\/div><\/div><\/div><div class=\"container\" ><div class=\"vc_row wpb_row vc_row-fluid vc_custom_1640601725467\"><div class=\"wpb_column vc_column_container vc_col-sm-12\"><div class=\"vc_column-inner\"><div class=\"wpb_wrapper\">\n\t<div class=\"wpb_text_column wpb_content_element\" >\n\t\t<div class=\"wpb_wrapper\">\n\t\t\t<h2 class=\"black left\">\u0424\u043e\u0442\u043e\u0433\u0440\u0430\u0444\u0438\u0438 \u0442\u043e\u0432\u0430\u0440\u0430<\/h2>\n\n\t\t<\/div>\n\t<\/div>\n<div class=\"fullwidth\" ><div class=\"vc_row wpb_row vc_inner vc_row-fluid\"><div class=\"wpb_column vc_column_container vc_col-sm-6\"><div class=\"vc_column-inner\"><div class=\"wpb_wrapper\">\n\t<div  class=\"wpb_single_image wpb_content_element vc_align_left\">\n\t\t\n\t\t<figure class=\"wpb_wrapper vc_figure\">\n\t\t\t<a class=\"\" data-lightbox=\"lightbox[rel-1297-2952185498]\" href=\"https:\/\/kaglobal.com.tr\/wp-content\/uploads\/2024\/10\/Kamak505-1024x682.jpg\" target=\"_self\"><img loading=\"lazy\" decoding=\"async\" width=\"1280\" height=\"853\" src=\"https:\/\/kaglobal.com.tr\/wp-content\/uploads\/2024\/10\/Kamak505.jpg\" class=\"vc_single_image-img attachment-full\" alt=\"\" title=\"Kamak505\" srcset=\"https:\/\/kaglobal.com.tr\/wp-content\/uploads\/2024\/10\/Kamak505.jpg 1280w, https:\/\/kaglobal.com.tr\/wp-content\/uploads\/2024\/10\/Kamak505-300x200.jpg 300w, https:\/\/kaglobal.com.tr\/wp-content\/uploads\/2024\/10\/Kamak505-1024x682.jpg 1024w, https:\/\/kaglobal.com.tr\/wp-content\/uploads\/2024\/10\/Kamak505-768x512.jpg 768w\" sizes=\"auto, (max-width: 1280px) 100vw, 1280px\" \/><\/a>\n\t\t<\/figure>\n\t<\/div>\n<\/div><\/div><\/div><div class=\"wpb_column vc_column_container vc_col-sm-6\"><div class=\"vc_column-inner\"><div class=\"wpb_wrapper\">\n\t<div  class=\"wpb_single_image wpb_content_element vc_align_left\">\n\t\t\n\t\t<figure class=\"wpb_wrapper vc_figure\">\n\t\t\t<a class=\"\" data-lightbox=\"lightbox[rel-1297-4090335948]\" href=\"https:\/\/kaglobal.com.tr\/wp-content\/uploads\/2024\/10\/Kamak505_1-1024x682.jpg\" target=\"_self\"><img loading=\"lazy\" decoding=\"async\" width=\"1280\" height=\"853\" src=\"https:\/\/kaglobal.com.tr\/wp-content\/uploads\/2024\/10\/Kamak505_1.jpg\" class=\"vc_single_image-img attachment-full\" alt=\"\" title=\"Kamak505_1\" srcset=\"https:\/\/kaglobal.com.tr\/wp-content\/uploads\/2024\/10\/Kamak505_1.jpg 1280w, https:\/\/kaglobal.com.tr\/wp-content\/uploads\/2024\/10\/Kamak505_1-300x200.jpg 300w, https:\/\/kaglobal.com.tr\/wp-content\/uploads\/2024\/10\/Kamak505_1-1024x682.jpg 1024w, https:\/\/kaglobal.com.tr\/wp-content\/uploads\/2024\/10\/Kamak505_1-768x512.jpg 768w\" sizes=\"auto, (max-width: 1280px) 100vw, 1280px\" \/><\/a>\n\t\t<\/figure>\n\t<\/div>\n<\/div><\/div><\/div><\/div><\/div><\/div><\/div><\/div><\/div><\/div><div class=\"container\" ><div class=\"vc_row wpb_row vc_row-fluid vc_custom_1640601732694\"><div class=\"wpb_column vc_column_container vc_col-sm-12\"><div class=\"vc_column-inner\"><div class=\"wpb_wrapper\">\n\t<div class=\"wpb_text_column wpb_content_element\" >\n\t\t<div class=\"wpb_wrapper\">\n\t\t\t<h2 class=\"black left\">\u0412\u0438\u0434\u0438\u043e \u043c\u0430\u0448\u0438\u043d.<\/h2>\n\n\t\t<\/div>\n\t<\/div>\n<div class=\"fullwidth\" ><div class=\"vc_row wpb_row vc_inner vc_row-fluid\"><div class=\"wpb_column vc_column_container vc_col-sm-6\"><div class=\"vc_column-inner\"><div class=\"wpb_wrapper\">\n\t<div class=\"wpb_raw_code wpb_content_element wpb_raw_html\" >\n\t\t<div class=\"wpb_wrapper\">\n\t\t\t<video poster=\"https:\/\/kaglobal.com.tr\/wp-content\/uploads\/2023\/10\/k-505-dilimleme-makinalari-video-kapak.jpg\" controls=\"1\" loop=\"1\" style=\"max-width:100%;\"><source type=\"video\/mp4\" src=\"https:\/\/kaglobal.com.tr\/wp-content\/uploads\/2024\/10\/505_video.mp4\"><\/video>\n\t\t<\/div>\n\t<\/div>\n<\/div><\/div><\/div><div class=\"wpb_column vc_column_container vc_col-sm-6\"><div class=\"vc_column-inner\"><div class=\"wpb_wrapper\"><\/div><\/div><\/div><\/div><\/div><\/div><\/div><\/div><\/div><\/div>\n<\/div>","protected":false},"excerpt":{"rendered":"KaGlobal \u00dcr\u00fcnler Ka\u011f\u0131t Bobin Dilimleme Makinesi K - 505 \u00dcr\u00fcn \u00d6zellikler Kategori: Ka\u011f\u0131t Bobin Dilimleme Marka: KAMAK Model: K - 505 Makine Eni: Motor G\u00fcc\u00fc: Kesim H\u0131z\u0131: Sar\u0131m \u00c7ap\u0131: TEKN\u0130K D\u00d6KUMAN Teknik \u00d6zellikler Teknik \u00f6zellik tablosu a\u015fa\u011f\u0131da yer almaktad\u0131r. Daha detayl\u0131 bilgi almak i\u00e7in bizimle ileti\u015fime ge\u00e7iniz. Makine Eni 1200 mm 1400 mm 1600 mm [...]","protected":false},"author":1,"featured_media":0,"parent":1233,"menu_order":1,"comment_status":"closed","ping_status":"closed","template":"","meta":{"_joinchat":[],"footnotes":""},"class_list":["post-1297","page","type-page","status-publish","hentry"],"_links":{"self":[{"href":"https:\/\/kaglobal.com.tr\/ru\/wp-json\/wp\/v2\/pages\/1297","targetHints":{"allow":["GET"]}}],"collection":[{"href":"https:\/\/kaglobal.com.tr\/ru\/wp-json\/wp\/v2\/pages"}],"about":[{"href":"https:\/\/kaglobal.com.tr\/ru\/wp-json\/wp\/v2\/types\/page"}],"author":[{"embeddable":true,"href":"https:\/\/kaglobal.com.tr\/ru\/wp-json\/wp\/v2\/users\/1"}],"replies":[{"embeddable":true,"href":"https:\/\/kaglobal.com.tr\/ru\/wp-json\/wp\/v2\/comments?post=1297"}],"version-history":[{"count":18,"href":"https:\/\/kaglobal.com.tr\/ru\/wp-json\/wp\/v2\/pages\/1297\/revisions"}],"predecessor-version":[{"id":2465,"href":"https:\/\/kaglobal.com.tr\/ru\/wp-json\/wp\/v2\/pages\/1297\/revisions\/2465"}],"up":[{"embeddable":true,"href":"https:\/\/kaglobal.com.tr\/ru\/wp-json\/wp\/v2\/pages\/1233"}],"wp:attachment":[{"href":"https:\/\/kaglobal.com.tr\/ru\/wp-json\/wp\/v2\/media?parent=1297"}],"curies":[{"name":"wp","href":"https:\/\/api.w.org\/{rel}","templated":true}]}}