{"id":1279,"date":"2023-10-04T18:06:52","date_gmt":"2023-10-04T15:06:52","guid":{"rendered":"https:\/\/kaglobal.com.tr\/?page_id=1279"},"modified":"2026-02-07T14:35:58","modified_gmt":"2026-02-07T11:35:58","slug":"k-750-kapak-takma-makinesi","status":"publish","type":"page","link":"https:\/\/kaglobal.com.tr\/ru\/urunler\/kagit-konfeksiyon-makineleri\/k-750-kapak-takma-makinesi\/","title":{"rendered":"\u041c\u0430\u0448\u0438\u043d\u0430 \u0434\u043b\u044f \u043f\u0440\u0438\u0448\u0438\u0432\u0430\u043d\u0438\u044f \u043a\u0440\u044b\u0448\u0435\u043a \u041a-750"},"content":{"rendered":"<div class=\"wpb-content-wrapper\"><div class=\"fullwidth\" ><div class=\"vc_row wpb_row vc_row-fluid vc_custom_1696822654020\"><div class=\"wpb_column vc_column_container vc_col-sm-12\"><div class=\"vc_column-inner\"><div class=\"wpb_wrapper\"><div class=\"container\" ><div class=\"vc_row wpb_row vc_inner vc_row-fluid vc_custom_1640603113396\"><div class=\"wpb_column vc_column_container vc_col-sm-6\"><div class=\"vc_column-inner\"><div class=\"wpb_wrapper\">\n\t<div class=\"wpb_text_column wpb_content_element  vc_custom_1770464156217 urun-header\" >\n\t\t<div class=\"wpb_wrapper\">\n\t\t\t<h5><span style=\"color: #ffffff;\">\u041f\u0440\u043e\u0434\u0443\u043a\u0446\u0438\u044f KaGlobal<\/span><\/h5>\n<h2><span style=\"color: #ffffff;\"><strong>\u041c\u0430\u0448\u0438\u043d\u0430 \u0434\u043b\u044f \u043f\u0440\u0438\u043a\u043b\u0435\u0438\u0432\u0430\u043d\u0438\u044f \u043a\u0440\u044b\u0448\u0435\u043a<\/strong><\/span><\/h2>\n<h2><span style=\"color: #f07e22;\"><strong>\u041a \u2013 750<\/strong><\/span><\/h2>\n\n\t\t<\/div>\n\t<\/div>\n<\/div><\/div><\/div><div class=\"wpb_column vc_column_container vc_col-sm-6\"><div class=\"vc_column-inner\"><div class=\"wpb_wrapper\">\n\t<div  class=\"wpb_single_image wpb_content_element vc_align_center\">\n\t\t\n\t\t<figure class=\"wpb_wrapper vc_figure\">\n\t\t\t<div class=\"vc_single_image-wrapper   vc_box_border_grey\"><img loading=\"lazy\" decoding=\"async\" width=\"779\" height=\"583\" src=\"https:\/\/kaglobal.com.tr\/wp-content\/uploads\/2023\/10\/k-750-kapak-takma-makinasi.png\" class=\"vc_single_image-img attachment-full\" alt=\"\" title=\"k-750-\u043c\u0430\u0448\u0438\u043d\u0430 \u0434\u043b\u044f \u0443\u0441\u0442\u0430\u043d\u043e\u0432\u043a\u0438 \u043a\u0440\u044b\u0448\u0435\u043a\" srcset=\"https:\/\/kaglobal.com.tr\/wp-content\/uploads\/2023\/10\/k-750-kapak-takma-makinasi.png 779w, https:\/\/kaglobal.com.tr\/wp-content\/uploads\/2023\/10\/k-750-kapak-takma-makinasi-300x225.png 300w, https:\/\/kaglobal.com.tr\/wp-content\/uploads\/2023\/10\/k-750-kapak-takma-makinasi-768x575.png 768w\" sizes=\"auto, (max-width: 779px) 100vw, 779px\" \/><\/div>\n\t\t<\/figure>\n\t<\/div>\n<\/div><\/div><\/div><\/div><\/div><\/div><\/div><\/div><\/div><\/div><div class=\"container\" ><div class=\"vc_row wpb_row vc_row-fluid vc_custom_1640601945603\"><div class=\"wpb_column vc_column_container vc_col-sm-8\"><div class=\"vc_column-inner\"><div class=\"wpb_wrapper\">\n\t<div  class=\"wpb_single_image wpb_content_element vc_align_left\">\n\t\t\n\t\t<figure class=\"wpb_wrapper vc_figure\">\n\t\t\t<div class=\"vc_single_image-wrapper   vc_box_border_grey\"><img loading=\"lazy\" decoding=\"async\" width=\"980\" height=\"732\" src=\"https:\/\/kaglobal.com.tr\/wp-content\/uploads\/2023\/10\/k-750-kapak-takma-makinasi-01.jpg\" class=\"vc_single_image-img attachment-full\" alt=\"\" title=\"k-750-\u043c\u0430\u0448\u0438\u043d\u0430-\u0434\u043b\u044f-\u043f\u0440\u0438\u043a\u0440\u0435\u043f\u043b\u0435\u043d\u0438\u044f-\u043a\u0440\u044b\u0448\u0435\u043a-01\" srcset=\"https:\/\/kaglobal.com.tr\/wp-content\/uploads\/2023\/10\/k-750-kapak-takma-makinasi-01.jpg 980w, https:\/\/kaglobal.com.tr\/wp-content\/uploads\/2023\/10\/k-750-kapak-takma-makinasi-01-300x224.jpg 300w, https:\/\/kaglobal.com.tr\/wp-content\/uploads\/2023\/10\/k-750-kapak-takma-makinasi-01-768x574.jpg 768w\" sizes=\"auto, (max-width: 980px) 100vw, 980px\" \/><\/div>\n\t\t<\/figure>\n\t<\/div>\n<\/div><\/div><\/div><div class=\"wpb_column vc_column_container vc_col-sm-4\"><div class=\"vc_column-inner\"><div class=\"wpb_wrapper\">\n\t<div class=\"wpb_text_column wpb_content_element\" >\n\t\t<div class=\"wpb_wrapper\">\n\t\t\t<h2 class=\"black left\">\u0422\u0435\u0445\u043d\u0438\u0447\u0435\u0441\u043a\u0438\u0435 \u0445\u0430\u0440\u0430\u043a\u0442\u0435\u0440\u0438\u0441\u0442\u0438\u043a\u0438<\/h2>\n\n\t\t<\/div>\n\t<\/div>\n\n\t<div class=\"wpb_raw_code wpb_content_element wpb_raw_html\" >\n\t\t<div class=\"wpb_wrapper\">\n\t\t\t<div class=\"porduct-des\">\n<ul>\n \t<li><strong>\u041a\u0430\u0442\u0435\u0433\u043e\u0440\u0438\u044f<\/strong>: \u041c\u0430\u0448\u0438\u043d\u0430 \u0434\u043b\u044f \u043f\u0440\u0438\u043a\u043b\u0435\u0438\u0432\u0430\u043d\u0438\u044f \u043a\u0440\u044b\u0448\u0435\u043a<\/li>\n \t<li><strong>\u0411\u0440\u044d\u043d\u0434<\/strong>: \u041a\u0410\u041c\u0410\u041a<\/li>\n \t<li><strong>M\u043e\u0434\u0435\u043b\u044c<\/strong>: \u041a - 750<\/li>\n \t<li><strong>\u0414\u0438\u0430\u043c\u0435\u0442\u0440<\/strong>: 40-150 \u043c\u043c<\/li>\n \t<li><strong>\u0420\u0430\u0437\u043c\u0435\u0440<\/strong>: 50-350 \u043c\u043c<\/li>\n<\/ul>\n<\/div>\n\t\t<\/div>\n\t<\/div>\n<div class=\"vc_btn3-container vc_btn3-inline vc_custom_1655129028941\" ><a class=\"vc_general vc_btn3 vc_btn3-size-md vc_btn3-shape-rounded vc_btn3-style-modern vc_btn3-icon-left vc_btn3-color-warning\" href=\"#\" title=\"\"><i class=\"vc_btn3-icon fas fa-file-alt\"><\/i> \u0422\u0435\u0445\u043d\u0438\u0447\u0435\u0441\u043a\u0438\u0435 \u0445\u0430\u0440\u0430\u043a\u0442\u0435\u0440\u0438\u0441\u0442\u0438\u043a\u0438<\/a><\/div><\/div><\/div><\/div><\/div><\/div><div class=\"container\" ><div class=\"vc_row wpb_row vc_row-fluid vc_custom_1640601718093\"><div class=\"wpb_column vc_column_container vc_col-sm-12\"><div class=\"vc_column-inner\"><div class=\"wpb_wrapper\">\n\t<div class=\"wpb_text_column wpb_content_element\" >\n\t\t<div class=\"wpb_wrapper\">\n\t\t\t<h2 class=\"black left\">\u0422\u0435\u0445\u043d\u0438\u0447\u0435\u0441\u043a\u0438\u0435 \u043f\u0430\u0440\u0430\u043c\u0435\u0442\u0440\u044b<\/h2>\n<p class=\"onalti\">\u0422\u0430\u0431\u043b\u0438\u0446\u0430 \u0442\u0435\u0445\u043d\u0438\u0447\u0435\u0441\u043a\u0438\u0445 \u0445\u0430\u0440\u0430\u043a\u0442\u0435\u0440\u0438\u0441\u0442\u0438\u043a \u043f\u0440\u0438\u0432\u0435\u0434\u0435\u043d\u0430 \u043d\u0438\u0436\u0435. \u0421\u0432\u044f\u0436\u0438\u0442\u0435\u0441\u044c \u0441 \u0440\u0443\u0441\u0441\u043a\u043e\u044f\u0437\u044b\u0447\u043d\u044b\u043c \u0441\u043e\u0442\u0440\u0443\u0434\u043d\u0438\u043a\u043e\u043c, \u0447\u0442\u043e\u0431\u044b \u043f\u043e\u043b\u0443\u0447\u0438\u0442\u044c \u0431\u043e\u043b\u0435\u0435 \u043f\u043e\u0434\u0440\u043e\u0431\u043d\u0443\u044e \u0438\u043d\u0444\u043e\u0440\u043c\u0430\u0446\u0438\u044e<\/p>\n\n\t\t<\/div>\n\t<\/div>\n\n\t<div class=\"wpb_raw_code wpb_content_element wpb_raw_html\" >\n\t\t<div class=\"wpb_wrapper\">\n\t\t\t<table class=\"sem-table\">\n  <tbody>\n    <tr>\n      <th scope=\"row\">\u0428\u0438\u0440\u0438\u043d\u0430 \u043c\u0430\u0448\u0438\u043d\u044b<\/th>\n      <td><\/td>\n      <td><\/td>\n      <td><\/td>\n      <td><\/td>\n    <\/tr>\n    <tr>\n      <th scope=\"row\">\u041c\u043e\u0447\u043d\u043e\u0441\u0442\u044c \u0434\u0432\u0438\u0433\u0430\u0442\u0435\u043b\u044f<\/th>\n      <td><\/td>\n      <td><\/td>\n      <td><\/td>\n      <td><\/td>\n    <\/tr>\n    <tr>\n      <th scope=\"row\">\u041a\u043e\u043b-\u0432\u043e \u043d\u043e\u0436\u0435\u0439<\/th>\n      <td><\/td>\n      <td><\/td>\n      <td><\/td>\n      <td><\/td>\n    <\/tr>\n    <tr>\n      <th scope=\"row\">\u0421\u043a\u043e\u0440\u043e\u0441\u0442\u044c \u0440\u0435\u0437\u043a\u0438<\/th>\n      <td><\/td>\n      <td><\/td>\n      <td><\/td>\n      <td><\/td>\n    <\/tr>\n    <tr>\n      <th scope=\"row\">\u0414\u0438\u0430\u043c\u0435\u0442\u0440 \u043d\u0430\u043c\u043e\u0442\u043a\u0438<\/th>\n      <td><\/td>\n      <td><\/td>\n      <td><\/td>\n      <td><\/td>\n    <\/tr>\n    <tr>\n      <th scope=\"row\">\u0413\u0440\u0430\u043c\u0430\u0436 \u0431\u0443\u043c\u0430\u0433\u0438<\/th>\n      <td><\/td>\n      <td><\/td>\n      <td><\/td>\n      <td><\/td>\n    <\/tr>\n    <tr>\n      <th scope=\"row\">\u041c\u0438\u043d.\u0440\u0435\u0437\u043a\u0430 \u0448\u0438\u0440\u0438\u043d\u044b<\/th>\n      <td><\/td>\n      <td><\/td>\n      <td><\/td>\n      <td><\/td>\n    <\/tr>\n    <tr>\n      <th scope=\"row\">\u0414\u0438\u0430\u043c\u0435\u0442\u0440 \u043e\u0441\u043d\u043e\u0432\u043d\u043e\u0433\u043e \u0440\u0443\u043b\u043e\u043d\u0430<\/th>\n      <td><\/td>\n      <td><\/td>\n      <td><\/td>\n      <td><\/td>\n    <\/tr>\n    <tr>\n      <th scope=\"row\">\u0421\u0438\u0441\u0442\u0435\u043c\u0430 \u0437\u0430\u0433\u0440\u0443\u0437\u043a\u0438 \u0440\u0443\u043b\u043e\u043d\u0430 <\/th>\n      <td><\/td>\n      <td><\/td>\n      <td><\/td>\n      <td><\/td>\n    <\/tr>\n    <tr>\n      <th scope=\"row\">\u041a\u043e\u043d\u0442\u0440\u043e\u043b\u044c \u0441\u043a\u043e\u0440\u043e\u0441\u0442\u0438.<\/th>\n      <td><\/td>\n      <td><\/td>\n      <td><\/td>\n      <td><\/td>\n    <\/tr>\n    <tr>\n      <th scope=\"row\">\u0422\u043e\u0440\u043c\u043e\u0436\u0435\u043d\u0438\u0435<\/th>\n      <td><\/td>\n      <td><\/td>\n      <td><\/td>\n      <td><\/td>\n    <\/tr>\n    <tr>\n      <th scope=\"row\">\u0414\u0430\u0432\u043b\u0435\u043d\u0438\u0435 \u0432\u043e\u0437\u0434\u0443\u0445\u0430<\/th>\n      <td><\/td>\n      <td><\/td>\n      <td><\/td>\n      <td><\/td>\n    <\/tr>\n    <tr>\n      <th scope=\"row\">\u041e\u0431\u043c\u043e\u0442\u043e\u0447\u043d\u0430\u0435 \u043e\u0441\u0438<\/th>\n      <td><\/td>\n      <td><\/td>\n      <td><\/td>\n      <td><\/td>\n    <\/tr>\n    <tr>\n      <th scope=\"row\">\u041f\u0440\u043e\u0438\u0437\u0432\u043e\u0434\u0438\u0442\u0435\u043b\u044c\u043d\u043e\u0441\u0442\u044c<\/th>\n      <td><\/td>\n      <td><\/td>\n      <td><\/td>\n      <td><\/td>\n    <\/tr>\n  <\/tbody>\n<\/table>\n\t\t<\/div>\n\t<\/div>\n<\/div><\/div><\/div><\/div><\/div><div class=\"container\" ><div class=\"vc_row wpb_row vc_row-fluid vc_custom_1640601725467\"><div class=\"wpb_column vc_column_container vc_col-sm-12\"><div class=\"vc_column-inner\"><div class=\"wpb_wrapper\">\n\t<div class=\"wpb_text_column wpb_content_element\" >\n\t\t<div class=\"wpb_wrapper\">\n\t\t\t<h2 class=\"black left\">\u0424\u043e\u0442\u043e\u0433\u0440\u0430\u0444\u0438\u0438 \u0442\u043e\u0432\u0430\u0440\u0430<\/h2>\n\n\t\t<\/div>\n\t<\/div>\n<div class=\"fullwidth\" ><div class=\"vc_row wpb_row vc_inner vc_row-fluid\"><div class=\"wpb_column vc_column_container vc_col-sm-6\"><div class=\"vc_column-inner\"><div class=\"wpb_wrapper\">\n\t<div  class=\"wpb_single_image wpb_content_element vc_align_left\">\n\t\t\n\t\t<figure class=\"wpb_wrapper vc_figure\">\n\t\t\t<a class=\"\" data-lightbox=\"lightbox[rel-1279-3199251938]\" href=\"https:\/\/kaglobal.com.tr\/wp-content\/uploads\/2023\/10\/k-750-kapak-takma-makinasi-02-1024x683.jpg\" target=\"_self\"><img loading=\"lazy\" decoding=\"async\" width=\"1500\" height=\"1000\" src=\"https:\/\/kaglobal.com.tr\/wp-content\/uploads\/2023\/10\/k-750-kapak-takma-makinasi-02.jpg\" class=\"vc_single_image-img attachment-full\" alt=\"\" title=\"k-750-\u043c\u0430\u0448\u0438\u043d\u0430-\u0434\u043b\u044f-\u0443\u0441\u0442\u0430\u043d\u043e\u0432\u043a\u0438-\u043a\u0440\u044b\u0448\u0435\u043a-02\" srcset=\"https:\/\/kaglobal.com.tr\/wp-content\/uploads\/2023\/10\/k-750-kapak-takma-makinasi-02.jpg 1500w, https:\/\/kaglobal.com.tr\/wp-content\/uploads\/2023\/10\/k-750-kapak-takma-makinasi-02-300x200.jpg 300w, https:\/\/kaglobal.com.tr\/wp-content\/uploads\/2023\/10\/k-750-kapak-takma-makinasi-02-1024x683.jpg 1024w, https:\/\/kaglobal.com.tr\/wp-content\/uploads\/2023\/10\/k-750-kapak-takma-makinasi-02-768x512.jpg 768w\" sizes=\"auto, (max-width: 1500px) 100vw, 1500px\" \/><\/a>\n\t\t<\/figure>\n\t<\/div>\n<\/div><\/div><\/div><div class=\"wpb_column vc_column_container vc_col-sm-6\"><div class=\"vc_column-inner\"><div class=\"wpb_wrapper\"><\/div><\/div><\/div><\/div><\/div><\/div><\/div><\/div><\/div><\/div><div class=\"container\" ><div class=\"vc_row wpb_row vc_row-fluid vc_custom_1640601732694\"><div class=\"wpb_column vc_column_container vc_col-sm-12\"><div class=\"vc_column-inner\"><div class=\"wpb_wrapper\">\n\t<div class=\"wpb_text_column wpb_content_element\" >\n\t\t<div class=\"wpb_wrapper\">\n\t\t\t<h2 class=\"black left\">\u0412\u0438\u0434\u0438\u043e \u043c\u0430\u0448\u0438\u043d.<\/h2>\n\n\t\t<\/div>\n\t<\/div>\n<div class=\"fullwidth\" ><div class=\"vc_row wpb_row vc_inner vc_row-fluid\"><div class=\"wpb_column vc_column_container vc_col-sm-6\"><div class=\"vc_column-inner\"><div class=\"wpb_wrapper\">\n\t<div class=\"wpb_raw_code wpb_content_element wpb_raw_html\" >\n\t\t<div class=\"wpb_wrapper\">\n\t\t\t<video poster=\"https:\/\/kaglobal.com.tr\/wp-content\/uploads\/2023\/10\/k-750-kapak-takma-makinasi-video.jpg\" controls=\"1\" loop=\"1\" style=\"max-width:100%;\"><source type=\"video\/mp4\" src=\"https:\/\/kaglobal.com.tr\/video\/k-750.mp4\"><\/video>\n\t\t<\/div>\n\t<\/div>\n<\/div><\/div><\/div><div class=\"wpb_column vc_column_container vc_col-sm-6\"><div class=\"vc_column-inner\"><div class=\"wpb_wrapper\"><\/div><\/div><\/div><\/div><\/div><\/div><\/div><\/div><\/div><\/div>\n<\/div>","protected":false},"excerpt":{"rendered":"KaGlobal \u00dcr\u00fcnler Kapak Takma Makinesi K - 750 \u00dcr\u00fcn \u00d6zellikler Kategori: Kapak Takma Makinesi Marka: KAMAK Model: K - 750 \u00c7ap: 40-150 mm Boy: 50-350 mm TEKN\u0130K D\u00d6KUMAN Teknik \u00d6zellikler Teknik \u00f6zellik tablosu a\u015fa\u011f\u0131da yer almaktad\u0131r. Daha detayl\u0131 bilgi almak i\u00e7in bizimle ileti\u015fime ge\u00e7iniz. Makine Eni Motor G\u00fcc\u00fc B\u0131\u00e7ak Say\u0131s\u0131 Kesim H\u0131z\u0131 Sar\u0131m \u00c7ap\u0131 Ka\u011f\u0131t [...]","protected":false},"author":1,"featured_media":0,"parent":1237,"menu_order":6,"comment_status":"closed","ping_status":"closed","template":"","meta":{"_joinchat":[],"footnotes":""},"class_list":["post-1279","page","type-page","status-publish","hentry"],"_links":{"self":[{"href":"https:\/\/kaglobal.com.tr\/ru\/wp-json\/wp\/v2\/pages\/1279","targetHints":{"allow":["GET"]}}],"collection":[{"href":"https:\/\/kaglobal.com.tr\/ru\/wp-json\/wp\/v2\/pages"}],"about":[{"href":"https:\/\/kaglobal.com.tr\/ru\/wp-json\/wp\/v2\/types\/page"}],"author":[{"embeddable":true,"href":"https:\/\/kaglobal.com.tr\/ru\/wp-json\/wp\/v2\/users\/1"}],"replies":[{"embeddable":true,"href":"https:\/\/kaglobal.com.tr\/ru\/wp-json\/wp\/v2\/comments?post=1279"}],"version-history":[{"count":4,"href":"https:\/\/kaglobal.com.tr\/ru\/wp-json\/wp\/v2\/pages\/1279\/revisions"}],"predecessor-version":[{"id":2486,"href":"https:\/\/kaglobal.com.tr\/ru\/wp-json\/wp\/v2\/pages\/1279\/revisions\/2486"}],"up":[{"embeddable":true,"href":"https:\/\/kaglobal.com.tr\/ru\/wp-json\/wp\/v2\/pages\/1237"}],"wp:attachment":[{"href":"https:\/\/kaglobal.com.tr\/ru\/wp-json\/wp\/v2\/media?parent=1279"}],"curies":[{"name":"wp","href":"https:\/\/api.w.org\/{rel}","templated":true}]}}