{"id":1259,"date":"2023-10-04T17:02:40","date_gmt":"2023-10-04T14:02:40","guid":{"rendered":"https:\/\/kaglobal.com.tr\/?page_id=1259"},"modified":"2026-02-07T14:12:50","modified_gmt":"2026-02-07T11:12:50","slug":"k-1800-18-katli-mihver-boru","status":"publish","type":"page","link":"https:\/\/kaglobal.com.tr\/ru\/urunler\/kagit-mihver-boru-makinesi\/k-1800-18-katli-mihver-boru\/","title":{"rendered":"K-1800 18-\u044d\u0442\u0430\u0436\u043d\u0430\u044f \u043e\u0441\u044c \u0442\u0440\u0443\u0431\u043e\u043f\u0440\u043e\u0432\u043e\u0434\u0430"},"content":{"rendered":"<div class=\"wpb-content-wrapper\"><div class=\"fullwidth\" ><div class=\"vc_row wpb_row vc_row-fluid vc_custom_1696807840943\"><div class=\"wpb_column vc_column_container vc_col-sm-12\"><div class=\"vc_column-inner\"><div class=\"wpb_wrapper\"><div class=\"container\" ><div class=\"vc_row wpb_row vc_inner vc_row-fluid vc_custom_1640603113396\"><div class=\"wpb_column vc_column_container vc_col-sm-6\"><div class=\"vc_column-inner\"><div class=\"wpb_wrapper\">\n\t<div class=\"wpb_text_column wpb_content_element  vc_custom_1770462768525 urun-header\" >\n\t\t<div class=\"wpb_wrapper\">\n\t\t\t<h5><span style=\"color: #ffffff;\">\u041f\u0440\u043e\u0434\u0443\u043a\u0446\u0438\u044f KaGlobal<\/span><\/h5>\n<h2><span style=\"color: #ffffff;\"><strong>18-\u0441\u043b\u043e\u0439\u043d\u0430\u044f \u043e\u0441\u0435\u0432\u0430\u044f \u0442\u0440\u0443\u0431\u0430<\/strong><\/span><\/h2>\n<h2><span style=\"color: #f07e22;\"><strong>\u041a \u2013 1800<\/strong><\/span><\/h2>\n\n\t\t<\/div>\n\t<\/div>\n<\/div><\/div><\/div><div class=\"wpb_column vc_column_container vc_col-sm-6\"><div class=\"vc_column-inner\"><div class=\"wpb_wrapper\">\n\t<div  class=\"wpb_single_image wpb_content_element vc_align_center\">\n\t\t\n\t\t<figure class=\"wpb_wrapper vc_figure\">\n\t\t\t<div class=\"vc_single_image-wrapper   vc_box_border_grey\"><img loading=\"lazy\" decoding=\"async\" width=\"779\" height=\"583\" src=\"https:\/\/kaglobal.com.tr\/wp-content\/uploads\/2023\/10\/k-1800.png\" class=\"vc_single_image-img attachment-full\" alt=\"\" title=\"\u043a-1800\" srcset=\"https:\/\/kaglobal.com.tr\/wp-content\/uploads\/2023\/10\/k-1800.png 779w, https:\/\/kaglobal.com.tr\/wp-content\/uploads\/2023\/10\/k-1800-300x225.png 300w, https:\/\/kaglobal.com.tr\/wp-content\/uploads\/2023\/10\/k-1800-768x575.png 768w\" sizes=\"auto, (max-width: 779px) 100vw, 779px\" \/><\/div>\n\t\t<\/figure>\n\t<\/div>\n<\/div><\/div><\/div><\/div><\/div><\/div><\/div><\/div><\/div><\/div><div class=\"container\" ><div class=\"vc_row wpb_row vc_row-fluid vc_custom_1640601945603\"><div class=\"wpb_column vc_column_container vc_col-sm-8\"><div class=\"vc_column-inner\"><div class=\"wpb_wrapper\">\n\t<div  class=\"wpb_single_image wpb_content_element vc_align_left\">\n\t\t\n\t\t<figure class=\"wpb_wrapper vc_figure\">\n\t\t\t<div class=\"vc_single_image-wrapper   vc_box_border_grey\"><img loading=\"lazy\" decoding=\"async\" width=\"2560\" height=\"1707\" src=\"https:\/\/kaglobal.com.tr\/wp-content\/uploads\/2025\/12\/1800-scaled.png\" class=\"vc_single_image-img attachment-full\" alt=\"\" title=\"1800\" srcset=\"https:\/\/kaglobal.com.tr\/wp-content\/uploads\/2025\/12\/1800-scaled.png 2560w, https:\/\/kaglobal.com.tr\/wp-content\/uploads\/2025\/12\/1800-300x200.png 300w, https:\/\/kaglobal.com.tr\/wp-content\/uploads\/2025\/12\/1800-1024x683.png 1024w, https:\/\/kaglobal.com.tr\/wp-content\/uploads\/2025\/12\/1800-768x512.png 768w, https:\/\/kaglobal.com.tr\/wp-content\/uploads\/2025\/12\/1800-1536x1024.png 1536w, https:\/\/kaglobal.com.tr\/wp-content\/uploads\/2025\/12\/1800-2048x1365.png 2048w\" sizes=\"auto, (max-width: 2560px) 100vw, 2560px\" \/><\/div>\n\t\t<\/figure>\n\t<\/div>\n<\/div><\/div><\/div><div class=\"wpb_column vc_column_container vc_col-sm-4\"><div class=\"vc_column-inner\"><div class=\"wpb_wrapper\">\n\t<div class=\"wpb_text_column wpb_content_element\" >\n\t\t<div class=\"wpb_wrapper\">\n\t\t\t<h2 class=\"black left\">\u0422\u0435\u0445\u043d\u0438\u0447\u0435\u0441\u043a\u0438\u0435 \u0445\u0430\u0440\u0430\u043a\u0442\u0435\u0440\u0438\u0441\u0442\u0438\u043a\u0438<\/h2>\n\n\t\t<\/div>\n\t<\/div>\n\n\t<div class=\"wpb_raw_code wpb_content_element wpb_raw_html\" >\n\t\t<div class=\"wpb_wrapper\">\n\t\t\t<div class=\"porduct-des\">\n<ul>\n \t<li><strong>\u041a\u0430\u0442\u0435\u0433\u043e\u0440\u0438\u044f<\/strong>18-\u044d\u0442\u0430\u0436\u043d\u0430\u044f \u043e\u0441\u044c \u0442\u0440\u0443\u0431\u043e\u043f\u0440\u043e\u0432\u043e\u0434\u0430<\/li>\n \t<li><strong>\u0411\u0440\u044d\u043d\u0434<\/strong>: \u041a\u0410\u041c\u0410\u041a<\/li>\n \t<li><strong>M\u043e\u0434\u0435\u043b\u044c<\/strong>: \u041a - 1800<\/li>\n \t<li><strong>\u0428\u0438\u0440\u0438\u043d\u0430 \u043c\u0430\u0448\u0438\u043d\u044b<\/strong>: <\/li>\n \t<li><strong>\u041c\u043e\u0447\u043d\u043e\u0441\u0442\u044c \u0434\u0432\u0438\u0433\u0430\u0442\u0435\u043b\u044f<\/strong>: <\/li>\n \t<li><strong>\u0421\u043a\u043e\u0440\u043e\u0441\u0442\u044c \u0440\u0435\u0437\u043a\u0438<\/strong>: <\/li>\n \t<li><strong>\u0414\u0438\u0430\u043c\u0435\u0442\u0440 \u043d\u0430\u043c\u043e\u0442\u043a\u0438<\/strong>: <\/li>\n<\/ul>\n<\/div>\n\t\t<\/div>\n\t<\/div>\n<div class=\"vc_btn3-container vc_btn3-inline vc_custom_1655129028941\" ><a class=\"vc_general vc_btn3 vc_btn3-size-md vc_btn3-shape-rounded vc_btn3-style-modern vc_btn3-icon-left vc_btn3-color-warning\" href=\"#\" title=\"\"><i class=\"vc_btn3-icon fas fa-file-alt\"><\/i> \u0422\u0435\u0445\u043d\u0438\u0447\u0435\u0441\u043a\u0438\u0435 \u0445\u0430\u0440\u0430\u043a\u0442\u0435\u0440\u0438\u0441\u0442\u0438\u043a\u0438<\/a><\/div><\/div><\/div><\/div><\/div><\/div><div class=\"container\" ><div class=\"vc_row wpb_row vc_row-fluid vc_custom_1640601718093\"><div class=\"wpb_column vc_column_container vc_col-sm-12\"><div class=\"vc_column-inner\"><div class=\"wpb_wrapper\">\n\t<div class=\"wpb_text_column wpb_content_element\" >\n\t\t<div class=\"wpb_wrapper\">\n\t\t\t<h2 class=\"black left\">\u0422\u0435\u0445\u043d\u0438\u0447\u0435\u0441\u043a\u0438\u0435 \u043f\u0430\u0440\u0430\u043c\u0435\u0442\u0440\u044b<\/h2>\n<p class=\"onalti\">\u0422\u0430\u0431\u043b\u0438\u0446\u0430 \u0442\u0435\u0445\u043d\u0438\u0447\u0435\u0441\u043a\u0438\u0445 \u0445\u0430\u0440\u0430\u043a\u0442\u0435\u0440\u0438\u0441\u0442\u0438\u043a \u043f\u0440\u0438\u0432\u0435\u0434\u0435\u043d\u0430 \u043d\u0438\u0436\u0435. \u0421\u0432\u044f\u0436\u0438\u0442\u0435\u0441\u044c \u0441 \u0440\u0443\u0441\u0441\u043a\u043e\u044f\u0437\u044b\u0447\u043d\u044b\u043c \u0441\u043e\u0442\u0440\u0443\u0434\u043d\u0438\u043a\u043e\u043c, \u0447\u0442\u043e\u0431\u044b \u043f\u043e\u043b\u0443\u0447\u0438\u0442\u044c \u0431\u043e\u043b\u0435\u0435 \u043f\u043e\u0434\u0440\u043e\u0431\u043d\u0443\u044e \u0438\u043d\u0444\u043e\u0440\u043c\u0430\u0446\u0438\u044e<\/p>\n\n\t\t<\/div>\n\t<\/div>\n\n\t<div class=\"wpb_raw_code wpb_content_element wpb_raw_html\" >\n\t\t<div class=\"wpb_wrapper\">\n\t\t\t<table class=\"sem-table\">\n  <tbody>\n    <tr>\n      <th scope=\"row\">\u0422\u0438\u043f \u043c\u0430\u0448\u0438\u043d\u044b<\/th>\n      <td>\u041a-180<\/td>\n    <\/tr>\n    <tr>\n      <th scope=\"row\">\u041f\u0440\u043e\u0438\u0437\u0432\u043e\u0434\u0441\u0442\u0432\u043e<\/th>\n      <td>18-\u0439 \u044d\u0442\u0430\u0436<\/td>\n    <\/tr>\n    <tr>\n      <th scope=\"row\">\u0412\u043d\u0443\u0442\u0440\u0435\u043d\u043d\u0438\u0439 \u0434\u0438\u0430\u043c\u0435\u0442\u0440<\/th>\n      <td>38-120 \u043c\u043c<\/td>\n    <\/tr>\n    <tr>\n      <th scope=\"row\">\u041e\u0431\u0449\u0430\u044f \u043c\u043e\u0449\u043d\u043e\u0441\u0442\u044c \u0434\u0432\u0438\u0433\u0430\u0442\u0435\u043b\u044f<\/th>\n      <td>500-3000 \u043c\u043c<\/td>\n    <\/tr>\n    <tr>\n      <th scope=\"row\">\u041e\u0431\u0449\u0430\u044f \u043c\u043e\u0447\u043d\u043e\u0441\u0442\u044c<\/th>\n      <td>30 \u043a\u0412\u0442<\/td>\n    <\/tr>\n    <tr>\n      <th scope=\"row\">\u041a\u043e\u043b-\u0432\u043e \u043d\u043e\u0436\u0435\u0439<\/th>\n      <td>2 \u0448\u0442\u0443\u043a\u0438<\/td>\n    <\/tr>\n    <tr>\n      <th scope=\"row\">\u0414\u0430\u0432\u043b\u0435\u043d\u0438\u0435 \u0432\u043e\u0437\u0434\u0443\u0445\u0430<\/th>\n      <td>6 \u0411\u0410\u0420<\/td>\n    <tr>\n      <th scope=\"row\">\u0422\u043e\u043b\u0449\u0438\u043d\u0430 \u0441\u0442\u0435\u043d\u043a\u0438<\/th>\n      <td>3-9 \u043c\u043c<\/td>\n    <\/tr>\n    <tr>\n      <th scope=\"row\">\u0421\u043a\u043e\u0440\u043e\u0441\u043c\u0442\u044c \u0440\u0435\u0437\u043a\u0438<\/th> \n      <td>\u00d876 \u043c\u043c 25 \u043c\u0435\u0442\u0440\u043e\u0432\/\u043c\u0438\u043d\u0443\u0442\u0443<\/td>\n    <\/tr>\n    <tr>\n      <th scope=\"row\">\u041a\u043e\u043d\u0442\u0440\u043e\u043b\u044c \u0441\u043a\u043e\u0440\u043e\u0441\u0442\u0438.<\/th>\n      <td>\u042d\u043b\u0435\u043a\u0442\u0440\u043e\u043d\u043d\u044b\u0439<\/td>\n    <\/tr>\n  <\/tbody>\n<\/table>\n\t\t<\/div>\n\t<\/div>\n<\/div><\/div><\/div><\/div><\/div><div class=\"container\" ><div class=\"vc_row wpb_row vc_row-fluid vc_custom_1640601725467\"><div class=\"wpb_column vc_column_container vc_col-sm-12\"><div class=\"vc_column-inner\"><div class=\"wpb_wrapper\">\n\t<div class=\"wpb_text_column wpb_content_element\" >\n\t\t<div class=\"wpb_wrapper\">\n\t\t\t<h2 class=\"black left\">\u0424\u043e\u0442\u043e\u0433\u0440\u0430\u0444\u0438\u0438 \u0442\u043e\u0432\u0430\u0440\u0430<\/h2>\n\n\t\t<\/div>\n\t<\/div>\n<div class=\"fullwidth\" ><div class=\"vc_row wpb_row vc_inner vc_row-fluid\"><div class=\"wpb_column vc_column_container vc_col-sm-6\"><div class=\"vc_column-inner\"><div class=\"wpb_wrapper\">\n\t<div  class=\"wpb_single_image wpb_content_element vc_align_left\">\n\t\t\n\t\t<figure class=\"wpb_wrapper vc_figure\">\n\t\t\t<a class=\"\" data-lightbox=\"lightbox[rel-1259-2490883397]\" href=\"https:\/\/kaglobal.com.tr\/wp-content\/uploads\/2023\/10\/k-1800-mihver-boru-02-1024x683.jpg\" target=\"_self\"><img loading=\"lazy\" decoding=\"async\" width=\"1500\" height=\"1000\" src=\"https:\/\/kaglobal.com.tr\/wp-content\/uploads\/2023\/10\/k-1800-mihver-boru-02.jpg\" class=\"vc_single_image-img attachment-full\" alt=\"\" title=\"k-1800-axis-pipe-02\" srcset=\"https:\/\/kaglobal.com.tr\/wp-content\/uploads\/2023\/10\/k-1800-mihver-boru-02.jpg 1500w, https:\/\/kaglobal.com.tr\/wp-content\/uploads\/2023\/10\/k-1800-mihver-boru-02-300x200.jpg 300w, https:\/\/kaglobal.com.tr\/wp-content\/uploads\/2023\/10\/k-1800-mihver-boru-02-1024x683.jpg 1024w, https:\/\/kaglobal.com.tr\/wp-content\/uploads\/2023\/10\/k-1800-mihver-boru-02-768x512.jpg 768w\" sizes=\"auto, (max-width: 1500px) 100vw, 1500px\" \/><\/a>\n\t\t<\/figure>\n\t<\/div>\n<\/div><\/div><\/div><div class=\"wpb_column vc_column_container vc_col-sm-6\"><div class=\"vc_column-inner\"><div class=\"wpb_wrapper\">\n\t<div  class=\"wpb_single_image wpb_content_element vc_align_left\">\n\t\t\n\t\t<figure class=\"wpb_wrapper vc_figure\">\n\t\t\t<a class=\"\" data-lightbox=\"lightbox[rel-1259-2680451155]\" href=\"https:\/\/kaglobal.com.tr\/wp-content\/uploads\/2023\/10\/k-1800-mihver-boru-03-1024x683.jpg\" target=\"_self\"><img loading=\"lazy\" decoding=\"async\" width=\"1500\" height=\"1000\" src=\"https:\/\/kaglobal.com.tr\/wp-content\/uploads\/2023\/10\/k-1800-mihver-boru-03.jpg\" class=\"vc_single_image-img attachment-full\" alt=\"\" title=\"k-1800-axis-pipe-03\" srcset=\"https:\/\/kaglobal.com.tr\/wp-content\/uploads\/2023\/10\/k-1800-mihver-boru-03.jpg 1500w, https:\/\/kaglobal.com.tr\/wp-content\/uploads\/2023\/10\/k-1800-mihver-boru-03-300x200.jpg 300w, https:\/\/kaglobal.com.tr\/wp-content\/uploads\/2023\/10\/k-1800-mihver-boru-03-1024x683.jpg 1024w, https:\/\/kaglobal.com.tr\/wp-content\/uploads\/2023\/10\/k-1800-mihver-boru-03-768x512.jpg 768w\" sizes=\"auto, (max-width: 1500px) 100vw, 1500px\" \/><\/a>\n\t\t<\/figure>\n\t<\/div>\n<\/div><\/div><\/div><\/div><\/div><\/div><\/div><\/div><\/div><\/div><div class=\"container\" ><div class=\"vc_row wpb_row vc_row-fluid vc_custom_1640601732694\"><div class=\"wpb_column vc_column_container vc_col-sm-12\"><div class=\"vc_column-inner\"><div class=\"wpb_wrapper\">\n\t<div class=\"wpb_text_column wpb_content_element\" >\n\t\t<div class=\"wpb_wrapper\">\n\t\t\t<h2 class=\"black left\">\u0412\u0438\u0434\u0438\u043e \u043c\u0430\u0448\u0438\u043d.<\/h2>\n\n\t\t<\/div>\n\t<\/div>\n<div class=\"fullwidth\" ><div class=\"vc_row wpb_row vc_inner vc_row-fluid\"><div class=\"wpb_column vc_column_container vc_col-sm-6\"><div class=\"vc_column-inner\"><div class=\"wpb_wrapper\">\n\t<div class=\"wpb_raw_code wpb_content_element wpb_raw_html\" >\n\t\t<div class=\"wpb_wrapper\">\n\t\t\t<video poster=\"https:\/\/kaglobal.com.tr\/wp-content\/uploads\/2023\/10\/k-1800-mihver-boru-video.jpg\" controls=\"1\" loop=\"1\" style=\"max-width:100%;\"><source type=\"video\/mp4\" src=\"https:\/\/kaglobal.com.tr\/video\/K-1800-85mm.mp4\"><\/video>\n\t\t<\/div>\n\t<\/div>\n<\/div><\/div><\/div><div class=\"wpb_column vc_column_container vc_col-sm-6\"><div class=\"vc_column-inner\"><div class=\"wpb_wrapper\"><\/div><\/div><\/div><\/div><\/div><\/div><\/div><\/div><\/div><\/div>\n<\/div>","protected":false},"excerpt":{"rendered":"KaGlobal \u00dcr\u00fcnler 18 Katl\u0131 Mihver Boru K - 1800 \u00dcr\u00fcn \u00d6zellikler Kategori: 18 Katl\u0131 Mihver Boru Marka: KAMAK Model: K - 1800 Makine Eni: Motor G\u00fcc\u00fc: Kesim H\u0131z\u0131: Sar\u0131m \u00c7ap\u0131: TEKN\u0130K D\u00d6KUMAN Teknik \u00d6zellikler Teknik \u00f6zellik tablosu a\u015fa\u011f\u0131da yer almaktad\u0131r. Daha detayl\u0131 bilgi almak i\u00e7in bizimle ileti\u015fime ge\u00e7iniz. Makine Cinsi K-180 \u00dcretim 18Kat \u0130\u00e7 \u00c7ap [...]","protected":false},"author":1,"featured_media":0,"parent":1235,"menu_order":7,"comment_status":"closed","ping_status":"closed","template":"","meta":{"_joinchat":[],"footnotes":""},"class_list":["post-1259","page","type-page","status-publish","hentry"],"_links":{"self":[{"href":"https:\/\/kaglobal.com.tr\/ru\/wp-json\/wp\/v2\/pages\/1259","targetHints":{"allow":["GET"]}}],"collection":[{"href":"https:\/\/kaglobal.com.tr\/ru\/wp-json\/wp\/v2\/pages"}],"about":[{"href":"https:\/\/kaglobal.com.tr\/ru\/wp-json\/wp\/v2\/types\/page"}],"author":[{"embeddable":true,"href":"https:\/\/kaglobal.com.tr\/ru\/wp-json\/wp\/v2\/users\/1"}],"replies":[{"embeddable":true,"href":"https:\/\/kaglobal.com.tr\/ru\/wp-json\/wp\/v2\/comments?post=1259"}],"version-history":[{"count":8,"href":"https:\/\/kaglobal.com.tr\/ru\/wp-json\/wp\/v2\/pages\/1259\/revisions"}],"predecessor-version":[{"id":2476,"href":"https:\/\/kaglobal.com.tr\/ru\/wp-json\/wp\/v2\/pages\/1259\/revisions\/2476"}],"up":[{"embeddable":true,"href":"https:\/\/kaglobal.com.tr\/ru\/wp-json\/wp\/v2\/pages\/1235"}],"wp:attachment":[{"href":"https:\/\/kaglobal.com.tr\/ru\/wp-json\/wp\/v2\/media?parent=1259"}],"curies":[{"name":"wp","href":"https:\/\/api.w.org\/{rel}","templated":true}]}}