{"id":7,"date":"2021-09-02T17:12:38","date_gmt":"2021-09-02T14:12:38","guid":{"rendered":"https:\/\/kaglobal.com.tr\/index.php\/shop\/"},"modified":"2023-10-09T17:25:06","modified_gmt":"2023-10-09T14:25:06","slug":"urunler","status":"publish","type":"page","link":"https:\/\/kaglobal.com.tr\/en\/urunler\/","title":{"rendered":"Products"},"content":{"rendered":"<div class=\"wpb-content-wrapper\"><div class=\"fullwidth\" ><div class=\"vc_row wpb_row vc_row-fluid vc_custom_1696860344962\"><div class=\"wpb_column vc_column_container vc_col-sm-6\"><div class=\"vc_column-inner\"><div class=\"wpb_wrapper\">\n\t<div  class=\"wpb_single_image wpb_content_element vc_align_center   products-imgs\">\n\t\t\n\t\t<figure class=\"wpb_wrapper vc_figure\">\n\t\t\t<a href=\"https:\/\/kaglobal.com.tr\/en\/urunler\/kagit-dilimleme-makinesi\/\" target=\"_self\" class=\"vc_single_image-wrapper   vc_box_border_grey\"><img loading=\"lazy\" decoding=\"async\" width=\"1280\" height=\"705\" src=\"https:\/\/kaglobal.com.tr\/wp-content\/uploads\/2023\/10\/kagit-dilimle-makinasi.jpg\" class=\"vc_single_image-img attachment-full\" alt=\"\" title=\"paper-slicing-machine\" srcset=\"https:\/\/kaglobal.com.tr\/wp-content\/uploads\/2023\/10\/kagit-dilimle-makinasi.jpg 1280w, https:\/\/kaglobal.com.tr\/wp-content\/uploads\/2023\/10\/kagit-dilimle-makinasi-300x165.jpg 300w, https:\/\/kaglobal.com.tr\/wp-content\/uploads\/2023\/10\/kagit-dilimle-makinasi-1024x564.jpg 1024w, https:\/\/kaglobal.com.tr\/wp-content\/uploads\/2023\/10\/kagit-dilimle-makinasi-768x423.jpg 768w\" sizes=\"auto, (max-width: 1280px) 100vw, 1280px\" \/><\/a>\n\t\t<\/figure>\n\t<\/div>\n\n\t<div class=\"wpb_text_column wpb_content_element  vc_custom_1696860322239\" >\n\t\t<div class=\"wpb_wrapper\">\n\t\t\t<h2 style=\"text-align: center;\"><a href=\"https:\/\/kaglobal.com.tr\/en\/urunler\/kagit-dilimleme-makinesi\/\">PAPER SLICING MACHINE<\/a><\/h2>\n\n\t\t<\/div>\n\t<\/div>\n<\/div><\/div><\/div><div class=\"wpb_column vc_column_container vc_col-sm-6\"><div class=\"vc_column-inner\"><div class=\"wpb_wrapper\">\n\t<div  class=\"wpb_single_image wpb_content_element vc_align_center   products-imgs\">\n\t\t\n\t\t<figure class=\"wpb_wrapper vc_figure\">\n\t\t\t<a href=\"https:\/\/kaglobal.com.tr\/en\/urunler\/kagit-mihver-boru-makinesi\/\" target=\"_self\" class=\"vc_single_image-wrapper   vc_box_border_grey\"><img loading=\"lazy\" decoding=\"async\" width=\"1280\" height=\"705\" src=\"https:\/\/kaglobal.com.tr\/wp-content\/uploads\/2023\/10\/kagit-mihver-boru-makinasi.jpg\" class=\"vc_single_image-img attachment-full\" alt=\"\" title=\"paper-axis-pipe-machine\" srcset=\"https:\/\/kaglobal.com.tr\/wp-content\/uploads\/2023\/10\/kagit-mihver-boru-makinasi.jpg 1280w, https:\/\/kaglobal.com.tr\/wp-content\/uploads\/2023\/10\/kagit-mihver-boru-makinasi-300x165.jpg 300w, https:\/\/kaglobal.com.tr\/wp-content\/uploads\/2023\/10\/kagit-mihver-boru-makinasi-1024x564.jpg 1024w, https:\/\/kaglobal.com.tr\/wp-content\/uploads\/2023\/10\/kagit-mihver-boru-makinasi-768x423.jpg 768w\" sizes=\"auto, (max-width: 1280px) 100vw, 1280px\" \/><\/a>\n\t\t<\/figure>\n\t<\/div>\n\n\t<div class=\"wpb_text_column wpb_content_element  vc_custom_1696861250202\" >\n\t\t<div class=\"wpb_wrapper\">\n\t\t\t<h2 style=\"text-align: center;\"><a href=\"https:\/\/kaglobal.com.tr\/en\/urunler\/kagit-mihver-boru-makinesi\/\">PAPER AXLE TUBE MACHINE<\/a><\/h2>\n\n\t\t<\/div>\n\t<\/div>\n<\/div><\/div><\/div><\/div><\/div><div class=\"fullwidth\" ><div class=\"vc_row wpb_row vc_row-fluid vc_custom_1696860344962\"><div class=\"wpb_column vc_column_container vc_col-sm-6\"><div class=\"vc_column-inner\"><div class=\"wpb_wrapper\">\n\t<div  class=\"wpb_single_image wpb_content_element vc_align_center   products-imgs\">\n\t\t\n\t\t<figure class=\"wpb_wrapper vc_figure\">\n\t\t\t<a href=\"https:\/\/kaglobal.com.tr\/en\/urunler\/kagit-konfeksiyon-makineleri\/\" target=\"_self\" class=\"vc_single_image-wrapper   vc_box_border_grey\"><img loading=\"lazy\" decoding=\"async\" width=\"1280\" height=\"705\" src=\"https:\/\/kaglobal.com.tr\/wp-content\/uploads\/2023\/10\/kagit-konfeksiyon-makineleri.jpg\" class=\"vc_single_image-img attachment-full\" alt=\"\" title=\"paper-garment-machinery\" srcset=\"https:\/\/kaglobal.com.tr\/wp-content\/uploads\/2023\/10\/kagit-konfeksiyon-makineleri.jpg 1280w, https:\/\/kaglobal.com.tr\/wp-content\/uploads\/2023\/10\/kagit-konfeksiyon-makineleri-300x165.jpg 300w, https:\/\/kaglobal.com.tr\/wp-content\/uploads\/2023\/10\/kagit-konfeksiyon-makineleri-1024x564.jpg 1024w, https:\/\/kaglobal.com.tr\/wp-content\/uploads\/2023\/10\/kagit-konfeksiyon-makineleri-768x423.jpg 768w\" sizes=\"auto, (max-width: 1280px) 100vw, 1280px\" \/><\/a>\n\t\t<\/figure>\n\t<\/div>\n\n\t<div class=\"wpb_text_column wpb_content_element  vc_custom_1696861303518\" >\n\t\t<div class=\"wpb_wrapper\">\n\t\t\t<h2 style=\"text-align: center;\"><a href=\"https:\/\/kaglobal.com.tr\/en\/urunler\/kagit-konfeksiyon-makineleri\/\">PAPER GARMENT MACHINES<\/a><\/h2>\n\n\t\t<\/div>\n\t<\/div>\n<\/div><\/div><\/div><div class=\"wpb_column vc_column_container vc_col-sm-6\"><div class=\"vc_column-inner\"><div class=\"wpb_wrapper\">\n\t<div  class=\"wpb_single_image wpb_content_element vc_align_center   products-imgs\">\n\t\t\n\t\t<figure class=\"wpb_wrapper vc_figure\">\n\t\t\t<a href=\"https:\/\/kaglobal.com.tr\/en\/urunler\/kagit-kosebent-makinesi\/\" target=\"_self\" class=\"vc_single_image-wrapper   vc_box_border_grey\"><img loading=\"lazy\" decoding=\"async\" width=\"1280\" height=\"705\" src=\"https:\/\/kaglobal.com.tr\/wp-content\/uploads\/2023\/10\/kagit-kosebent-makineleri.jpg\" class=\"vc_single_image-img attachment-full\" alt=\"\" title=\"paper-corner-machines\" srcset=\"https:\/\/kaglobal.com.tr\/wp-content\/uploads\/2023\/10\/kagit-kosebent-makineleri.jpg 1280w, https:\/\/kaglobal.com.tr\/wp-content\/uploads\/2023\/10\/kagit-kosebent-makineleri-300x165.jpg 300w, https:\/\/kaglobal.com.tr\/wp-content\/uploads\/2023\/10\/kagit-kosebent-makineleri-1024x564.jpg 1024w, https:\/\/kaglobal.com.tr\/wp-content\/uploads\/2023\/10\/kagit-kosebent-makineleri-768x423.jpg 768w\" sizes=\"auto, (max-width: 1280px) 100vw, 1280px\" \/><\/a>\n\t\t<\/figure>\n\t<\/div>\n\n\t<div class=\"wpb_text_column wpb_content_element  vc_custom_1696861344964\" >\n\t\t<div class=\"wpb_wrapper\">\n\t\t\t<h2 style=\"text-align: center;\"><a href=\"https:\/\/kaglobal.com.tr\/en\/urunler\/kagit-kosebent-makinesi\/\">PAPER CORNER STAPLER MACHINE<\/a><\/h2>\n\n\t\t<\/div>\n\t<\/div>\n<\/div><\/div><\/div><\/div><\/div><div class=\"fullwidth\" ><div class=\"vc_row wpb_row vc_row-fluid vc_custom_1696860344962\"><div class=\"wpb_column vc_column_container vc_col-sm-6\"><div class=\"vc_column-inner\"><div class=\"wpb_wrapper\">\n\t<div  class=\"wpb_single_image wpb_content_element vc_align_center   products-imgs\">\n\t\t\n\t\t<figure class=\"wpb_wrapper vc_figure\">\n\t\t\t<a href=\"https:\/\/kaglobal.com.tr\/en\/urunler\/kagit-petek-makinesi\/\" target=\"_self\" class=\"vc_single_image-wrapper   vc_box_border_grey\"><img loading=\"lazy\" decoding=\"async\" width=\"1280\" height=\"705\" src=\"https:\/\/kaglobal.com.tr\/wp-content\/uploads\/2023\/10\/kagit-petek-makineleri.jpg\" class=\"vc_single_image-img attachment-full\" alt=\"\" title=\"paper-honeycomb-machines\" srcset=\"https:\/\/kaglobal.com.tr\/wp-content\/uploads\/2023\/10\/kagit-petek-makineleri.jpg 1280w, https:\/\/kaglobal.com.tr\/wp-content\/uploads\/2023\/10\/kagit-petek-makineleri-300x165.jpg 300w, https:\/\/kaglobal.com.tr\/wp-content\/uploads\/2023\/10\/kagit-petek-makineleri-1024x564.jpg 1024w, https:\/\/kaglobal.com.tr\/wp-content\/uploads\/2023\/10\/kagit-petek-makineleri-768x423.jpg 768w\" sizes=\"auto, (max-width: 1280px) 100vw, 1280px\" \/><\/a>\n\t\t<\/figure>\n\t<\/div>\n\n\t<div class=\"wpb_text_column wpb_content_element  vc_custom_1696861389995\" >\n\t\t<div class=\"wpb_wrapper\">\n\t\t\t<h2 style=\"text-align: center;\"><a href=\"https:\/\/kaglobal.com.tr\/en\/urunler\/kagit-petek-makinesi\/\">PAPER HONEYCOMB MACHINE<\/a><\/h2>\n\n\t\t<\/div>\n\t<\/div>\n<\/div><\/div><\/div><div class=\"wpb_column vc_column_container vc_col-sm-6\"><div class=\"vc_column-inner\"><div class=\"wpb_wrapper\"><\/div><\/div><\/div><\/div><\/div>\n<\/div>","protected":false},"excerpt":{"rendered":"KA\u011eIT D\u0130L\u0130MLEME MAK\u0130NES\u0130 KA\u011eIT M\u0130HVER BORU MAK\u0130NES\u0130 KA\u011eIT KONFEKS\u0130YON MAK\u0130NELER\u0130 KA\u011eIT K\u00d6\u015eEBENT MAK\u0130NES\u0130 KA\u011eIT PETEK MAK\u0130NES\u0130","protected":false},"author":1,"featured_media":0,"parent":0,"menu_order":0,"comment_status":"closed","ping_status":"closed","template":"","meta":{"_joinchat":[],"footnotes":""},"class_list":["post-7","page","type-page","status-publish","hentry"],"_links":{"self":[{"href":"https:\/\/kaglobal.com.tr\/en\/wp-json\/wp\/v2\/pages\/7","targetHints":{"allow":["GET"]}}],"collection":[{"href":"https:\/\/kaglobal.com.tr\/en\/wp-json\/wp\/v2\/pages"}],"about":[{"href":"https:\/\/kaglobal.com.tr\/en\/wp-json\/wp\/v2\/types\/page"}],"author":[{"embeddable":true,"href":"https:\/\/kaglobal.com.tr\/en\/wp-json\/wp\/v2\/users\/1"}],"replies":[{"embeddable":true,"href":"https:\/\/kaglobal.com.tr\/en\/wp-json\/wp\/v2\/comments?post=7"}],"version-history":[{"count":14,"href":"https:\/\/kaglobal.com.tr\/en\/wp-json\/wp\/v2\/pages\/7\/revisions"}],"predecessor-version":[{"id":2302,"href":"https:\/\/kaglobal.com.tr\/en\/wp-json\/wp\/v2\/pages\/7\/revisions\/2302"}],"wp:attachment":[{"href":"https:\/\/kaglobal.com.tr\/en\/wp-json\/wp\/v2\/media?parent=7"}],"curies":[{"name":"wp","href":"https:\/\/api.w.org\/{rel}","templated":true}]}}