{"id":1934,"date":"2024-09-15T13:35:14","date_gmt":"2024-09-15T10:35:14","guid":{"rendered":"https:\/\/kaglobal.com.tr\/?page_id=1934"},"modified":"2024-10-13T18:22:42","modified_gmt":"2024-10-13T15:22:42","slug":"k-3015-laminated-paper-honeycomb-slitting-machine","status":"publish","type":"page","link":"https:\/\/kaglobal.com.tr\/en\/products\/paper-honeycomb-machine\/k-3015-laminated-paper-honeycomb-slitting-machine\/","title":{"rendered":"K-3015 LAMINATED PAPER HONEYCOMB SLITTING MACHINE"},"content":{"rendered":"<div class=\"wpb-content-wrapper\"><div class=\"fullwidth\" ><div class=\"vc_row wpb_row vc_row-fluid vc_custom_1696859108504\"><div class=\"wpb_column vc_column_container vc_col-sm-12\"><div class=\"vc_column-inner\"><div class=\"wpb_wrapper\"><div class=\"container\" ><div class=\"vc_row wpb_row vc_inner vc_row-fluid vc_custom_1640603113396\"><div class=\"wpb_column vc_column_container vc_col-sm-6\"><div class=\"vc_column-inner\"><div class=\"wpb_wrapper\">\n\t<div class=\"wpb_text_column wpb_content_element  vc_custom_1707693873057 urun-header\" >\n\t\t<div class=\"wpb_wrapper\">\n\t\t\t<h5><span style=\"color: #ffffff;\">Kamak Machinery Products<\/span><\/h5>\n<h2><span style=\"color: #ffffff;\"><strong> K-3015 Laminated Paper Honeycomb Slitting Machine<\/strong><\/span><\/h2>\n<h2><span style=\"color: #f07e22;\"><strong>K \u2013 3015<\/strong><\/span><\/h2>\n\n\t\t<\/div>\n\t<\/div>\n<\/div><\/div><\/div><div class=\"wpb_column vc_column_container vc_col-sm-6\"><div class=\"vc_column-inner\"><div class=\"wpb_wrapper\">\n\t<div  class=\"wpb_single_image wpb_content_element vc_align_center\">\n\t\t\n\t\t<figure class=\"wpb_wrapper vc_figure\">\n\t\t\t<div class=\"vc_single_image-wrapper   vc_box_border_grey\"><img loading=\"lazy\" decoding=\"async\" width=\"779\" height=\"583\" src=\"https:\/\/kaglobal.com.tr\/wp-content\/uploads\/2023\/10\/k-3015-lamine-kagit-dilimle-.png\" class=\"vc_single_image-img attachment-full\" alt=\"\" title=\"k-3015-laminated-paper-slice-\" srcset=\"https:\/\/kaglobal.com.tr\/wp-content\/uploads\/2023\/10\/k-3015-lamine-kagit-dilimle-.png 779w, https:\/\/kaglobal.com.tr\/wp-content\/uploads\/2023\/10\/k-3015-lamine-kagit-dilimle--300x225.png 300w, https:\/\/kaglobal.com.tr\/wp-content\/uploads\/2023\/10\/k-3015-lamine-kagit-dilimle--768x575.png 768w\" sizes=\"auto, (max-width: 779px) 100vw, 779px\" \/><\/div>\n\t\t<\/figure>\n\t<\/div>\n<\/div><\/div><\/div><\/div><\/div><\/div><\/div><\/div><\/div><\/div><div class=\"container\" ><div class=\"vc_row wpb_row vc_row-fluid vc_custom_1640601945603\"><div class=\"wpb_column vc_column_container vc_col-sm-8\"><div class=\"vc_column-inner\"><div class=\"wpb_wrapper\">\n\t<div  class=\"wpb_single_image wpb_content_element vc_align_left\">\n\t\t\n\t\t<figure class=\"wpb_wrapper vc_figure\">\n\t\t\t<div class=\"vc_single_image-wrapper   vc_box_border_grey\"><img loading=\"lazy\" decoding=\"async\" width=\"980\" height=\"732\" src=\"https:\/\/kaglobal.com.tr\/wp-content\/uploads\/2024\/02\/k-3015-lamine-kagit-dilimle-01.jpg\" class=\"vc_single_image-img attachment-full\" alt=\"\" title=\"k-3015-laminated-paper-slice-01\" srcset=\"https:\/\/kaglobal.com.tr\/wp-content\/uploads\/2024\/02\/k-3015-lamine-kagit-dilimle-01.jpg 980w, https:\/\/kaglobal.com.tr\/wp-content\/uploads\/2024\/02\/k-3015-lamine-kagit-dilimle-01-300x224.jpg 300w, https:\/\/kaglobal.com.tr\/wp-content\/uploads\/2024\/02\/k-3015-lamine-kagit-dilimle-01-768x574.jpg 768w\" sizes=\"auto, (max-width: 980px) 100vw, 980px\" \/><\/div>\n\t\t<\/figure>\n\t<\/div>\n<\/div><\/div><\/div><div class=\"wpb_column vc_column_container vc_col-sm-4\"><div class=\"vc_column-inner\"><div class=\"wpb_wrapper\">\n\t<div class=\"wpb_text_column wpb_content_element\" >\n\t\t<div class=\"wpb_wrapper\">\n\t\t\t<h2 class=\"black left\">Product Specs<\/h2>\n\n\t\t<\/div>\n\t<\/div>\n\n\t<div class=\"wpb_raw_code wpb_content_element wpb_raw_html\" >\n\t\t<div class=\"wpb_wrapper\">\n\t\t\t<div class=\"porduct-des\">\n<ul>\n \t<li><strong>Category<\/strong>Laminated Paper Slitting<\/li>\n \t<li><strong>Brand<\/strong>: KAMAK<\/li>\n  <li><strong>Model<\/strong>: K - 3015<\/li>\n  <li><strong>Panel Width<\/strong>: 1200 mm<\/li>\n  <li><strong>Panel Length<\/strong>: 1200 mm<\/li>\n  <li><strong>Thickness<\/strong>: 10-50 mm<\/li>\n<\/ul>\n<\/div>\n\t\t<\/div>\n\t<\/div>\n<div class=\"vc_btn3-container vc_btn3-inline vc_custom_1726396444622\" ><a class=\"vc_general vc_btn3 vc_btn3-size-md vc_btn3-shape-rounded vc_btn3-style-modern vc_btn3-icon-left vc_btn3-color-warning\" href=\"#\" title=\"\"><i class=\"vc_btn3-icon fas fa-file-alt\"><\/i> TECHNICAL DOCUMENT<\/a><\/div><\/div><\/div><\/div><\/div><\/div><div class=\"container\" ><div class=\"vc_row wpb_row vc_row-fluid vc_custom_1640601718093\"><div class=\"wpb_column vc_column_container vc_col-sm-12\"><div class=\"vc_column-inner\"><div class=\"wpb_wrapper\">\n\t<div class=\"wpb_text_column wpb_content_element\" >\n\t\t<div class=\"wpb_wrapper\">\n\t\t\t<h2 class=\"black left\">Tech Specs<\/h2>\n<p class=\"onalti\">The technical specifications table is below. Please\u00a0<a href=\"https:\/\/kaglobal.com.tr\/en\/contact\/\">contact us<\/a>\u00a0for more detailed information.<\/p>\n\n\t\t<\/div>\n\t<\/div>\n\n\t<div class=\"wpb_raw_code wpb_content_element wpb_raw_html\" >\n\t\t<div class=\"wpb_wrapper\">\n\t\t\t<table class=\"sem-table\">\n  <tbody>\n    <tr>\n      <th scope=\"row\">Panel Width<\/th>\n      <td>1200 mm<\/td>\n    <\/tr>\n    <tr>\n      <th scope=\"row\">Panel Length<\/th>\n      <td>1200 mm<\/td>\n    <\/tr>\n    <tr>\n      <th scope=\"row\">Thickness<\/th>\n      <td>10 - 50 mm<\/td>\n    <\/tr>\n    <tr>\n      <th scope=\"row\">Length Cutting System<\/th>\n      <td>Electronic \/ Servo<\/td>\n    <\/tr>\n    <tr>\n      <th scope=\"row\">Side Blade Quantity<\/th>\n      <td>7 Pieces<\/td>\n    <\/tr>\n    <tr>\n      <th scope=\"row\">Length Blade Quantity<\/th>\n      <td>1 Piece<\/td>\n    <\/tr>\n    <tr>\n      <th scope=\"row\">Panel Feeding<\/th>\n      <td>Pneumatic System Arrangement<\/td>\n    <\/tr>\n  <\/tbody>\n<\/table>\n\n\t\t<\/div>\n\t<\/div>\n<\/div><\/div><\/div><\/div><\/div><div class=\"container\" ><div class=\"vc_row wpb_row vc_row-fluid vc_custom_1640601725467\"><div class=\"wpb_column vc_column_container vc_col-sm-12\"><div class=\"vc_column-inner\"><div class=\"wpb_wrapper\">\n\t<div class=\"wpb_text_column wpb_content_element\" >\n\t\t<div class=\"wpb_wrapper\">\n\t\t\t<h2 class=\"black left\">Product Images<\/h2>\n\n\t\t<\/div>\n\t<\/div>\n<div class=\"fullwidth\" ><div class=\"vc_row wpb_row vc_inner vc_row-fluid\"><div class=\"wpb_column vc_column_container vc_col-sm-6\"><div class=\"vc_column-inner\"><div class=\"wpb_wrapper\">\n\t<div  class=\"wpb_single_image wpb_content_element vc_align_left\">\n\t\t\n\t\t<figure class=\"wpb_wrapper vc_figure\">\n\t\t\t<a class=\"\" data-lightbox=\"lightbox[rel-1934-4133333195]\" href=\"https:\/\/kaglobal.com.tr\/wp-content\/uploads\/2023\/10\/k-3015-lamine-kagit-dilimle-02-1024x683.jpg\" target=\"_self\"><img loading=\"lazy\" decoding=\"async\" width=\"1500\" height=\"1000\" src=\"https:\/\/kaglobal.com.tr\/wp-content\/uploads\/2023\/10\/k-3015-lamine-kagit-dilimle-02.jpg\" class=\"vc_single_image-img attachment-full\" alt=\"\" title=\"k-3015-laminated-paper-slice-02\" srcset=\"https:\/\/kaglobal.com.tr\/wp-content\/uploads\/2023\/10\/k-3015-lamine-kagit-dilimle-02.jpg 1500w, https:\/\/kaglobal.com.tr\/wp-content\/uploads\/2023\/10\/k-3015-lamine-kagit-dilimle-02-300x200.jpg 300w, https:\/\/kaglobal.com.tr\/wp-content\/uploads\/2023\/10\/k-3015-lamine-kagit-dilimle-02-1024x683.jpg 1024w, https:\/\/kaglobal.com.tr\/wp-content\/uploads\/2023\/10\/k-3015-lamine-kagit-dilimle-02-768x512.jpg 768w\" sizes=\"auto, (max-width: 1500px) 100vw, 1500px\" \/><\/a>\n\t\t<\/figure>\n\t<\/div>\n<\/div><\/div><\/div><div class=\"wpb_column vc_column_container vc_col-sm-6\"><div class=\"vc_column-inner\"><div class=\"wpb_wrapper\"><\/div><\/div><\/div><\/div><\/div><\/div><\/div><\/div><\/div><\/div><div class=\"container\" ><div class=\"vc_row wpb_row vc_row-fluid vc_custom_1640601732694\"><div class=\"wpb_column vc_column_container vc_col-sm-12\"><div class=\"vc_column-inner\"><div class=\"wpb_wrapper\">\n\t<div class=\"wpb_text_column wpb_content_element\" >\n\t\t<div class=\"wpb_wrapper\">\n\t\t\t<h2 class=\"black left\">Product Videos<\/h2>\n\n\t\t<\/div>\n\t<\/div>\n<div class=\"fullwidth\" ><div class=\"vc_row wpb_row vc_inner vc_row-fluid\"><div class=\"wpb_column vc_column_container vc_col-sm-6\"><div class=\"vc_column-inner\"><div class=\"wpb_wrapper\">\n\t<div class=\"wpb_raw_code wpb_content_element wpb_raw_html\" >\n\t\t<div class=\"wpb_wrapper\">\n\t\t\t<video poster=\"https:\/\/kaglobal.com.tr\/wp-content\/uploads\/2023\/10\/k-3015-lamine-kagit-dilimle-video.jpg\" controls=\"1\" loop=\"1\" style=\"max-width:100%;\"><source type=\"video\/mp4\" src=\"https:\/\/kaglobal.com.tr\/video\/k-3015.mp4\"><\/video>\n\t\t<\/div>\n\t<\/div>\n<\/div><\/div><\/div><div class=\"wpb_column vc_column_container vc_col-sm-6\"><div class=\"vc_column-inner\"><div class=\"wpb_wrapper\"><\/div><\/div><\/div><\/div><\/div><\/div><\/div><\/div><\/div><\/div>\n<\/div>","protected":false},"excerpt":{"rendered":"Kamak Makine \u00dcr\u00fcnler K-3015 Lamineli Ka\u011f\u0131t Petek Dilme Makinas\u0131 K - 3015 Product Specs Category: Laminated Paper Slitting Brand: KAMAK Model: K - 3015 Panel Width: 1200 mm Panel Length: 1200 mm Thickness: 10-50 mm TECHNICAL DOCUMENT Tech Specs The technical specifications table is below. Please\u00a0contact us\u00a0for more detailed information. Panel Width 1200 mm Panel [...]","protected":false},"author":2,"featured_media":0,"parent":1926,"menu_order":1,"comment_status":"closed","ping_status":"closed","template":"","meta":{"_joinchat":[],"footnotes":""},"class_list":["post-1934","page","type-page","status-publish","hentry"],"_links":{"self":[{"href":"https:\/\/kaglobal.com.tr\/en\/wp-json\/wp\/v2\/pages\/1934","targetHints":{"allow":["GET"]}}],"collection":[{"href":"https:\/\/kaglobal.com.tr\/en\/wp-json\/wp\/v2\/pages"}],"about":[{"href":"https:\/\/kaglobal.com.tr\/en\/wp-json\/wp\/v2\/types\/page"}],"author":[{"embeddable":true,"href":"https:\/\/kaglobal.com.tr\/en\/wp-json\/wp\/v2\/users\/2"}],"replies":[{"embeddable":true,"href":"https:\/\/kaglobal.com.tr\/en\/wp-json\/wp\/v2\/comments?post=1934"}],"version-history":[{"count":4,"href":"https:\/\/kaglobal.com.tr\/en\/wp-json\/wp\/v2\/pages\/1934\/revisions"}],"predecessor-version":[{"id":2146,"href":"https:\/\/kaglobal.com.tr\/en\/wp-json\/wp\/v2\/pages\/1934\/revisions\/2146"}],"up":[{"embeddable":true,"href":"https:\/\/kaglobal.com.tr\/en\/wp-json\/wp\/v2\/pages\/1926"}],"wp:attachment":[{"href":"https:\/\/kaglobal.com.tr\/en\/wp-json\/wp\/v2\/media?parent=1934"}],"curies":[{"name":"wp","href":"https:\/\/api.w.org\/{rel}","templated":true}]}}