{"id":1830,"date":"2024-09-13T21:04:32","date_gmt":"2024-09-13T18:04:32","guid":{"rendered":"https:\/\/kaglobal.com.tr\/?page_id=1830"},"modified":"2024-10-13T18:00:40","modified_gmt":"2024-10-13T15:00:40","slug":"k-503-paper-bobbin-slitting","status":"publish","type":"page","link":"https:\/\/kaglobal.com.tr\/en\/products\/paper-slitting-machine\/k-503-paper-bobbin-slitting\/","title":{"rendered":"K-503 Paper Bobbin Slitting"},"content":{"rendered":"<div class=\"wpb-content-wrapper\"><div class=\"fullwidth\" ><div class=\"vc_row wpb_row vc_row-fluid vc_custom_1640601708519\"><div class=\"wpb_column vc_column_container vc_col-sm-12\"><div class=\"vc_column-inner\"><div class=\"wpb_wrapper\"><div class=\"container\" ><div class=\"vc_row wpb_row vc_inner vc_row-fluid vc_custom_1640603113396\"><div class=\"product-title wpb_column vc_column_container vc_col-sm-6\"><div class=\"vc_column-inner\"><div class=\"wpb_wrapper\">\n\t<div class=\"wpb_text_column wpb_content_element  vc_custom_1696630132494 urun-header\" >\n\t\t<div class=\"wpb_wrapper\">\n\t\t\t<h5><span style=\"color: #ffffff;\">Kamak Machinery Products<\/span><\/h5>\n<h2><span style=\"color: #ffffff;\"><strong>Paper Roll Slitting Machine<\/strong><\/span><\/h2>\n<h2><span style=\"color: #f07e22;\"><strong>K \u2013 503<\/strong><\/span><\/h2>\n\n\t\t<\/div>\n\t<\/div>\n<\/div><\/div><\/div><div class=\"wpb_column vc_column_container vc_col-sm-6\"><div class=\"vc_column-inner\"><div class=\"wpb_wrapper\">\n\t<div  class=\"wpb_single_image wpb_content_element vc_align_center\">\n\t\t\n\t\t<figure class=\"wpb_wrapper vc_figure\">\n\t\t\t<div class=\"vc_single_image-wrapper   vc_box_border_grey\"><img loading=\"lazy\" decoding=\"async\" width=\"779\" height=\"583\" src=\"https:\/\/kaglobal.com.tr\/wp-content\/uploads\/2021\/09\/K-503-kagit-dilimleme-makinasi.png\" class=\"vc_single_image-img attachment-full\" alt=\"\" title=\"K-503 paper slitting machine\" srcset=\"https:\/\/kaglobal.com.tr\/wp-content\/uploads\/2021\/09\/K-503-kagit-dilimleme-makinasi.png 779w, https:\/\/kaglobal.com.tr\/wp-content\/uploads\/2021\/09\/K-503-kagit-dilimleme-makinasi-300x225.png 300w, https:\/\/kaglobal.com.tr\/wp-content\/uploads\/2021\/09\/K-503-kagit-dilimleme-makinasi-768x575.png 768w, https:\/\/kaglobal.com.tr\/wp-content\/uploads\/2021\/09\/K-503-kagit-dilimleme-makinasi-570x427.png 570w\" sizes=\"auto, (max-width: 779px) 100vw, 779px\" \/><\/div>\n\t\t<\/figure>\n\t<\/div>\n<\/div><\/div><\/div><\/div><\/div><\/div><\/div><\/div><\/div><\/div><div class=\"container\" ><div class=\"vc_row wpb_row vc_row-fluid vc_custom_1640601945603\"><div class=\"wpb_column vc_column_container vc_col-sm-8\"><div class=\"vc_column-inner\"><div class=\"wpb_wrapper\">\n\t<div  class=\"wpb_single_image wpb_content_element vc_align_left\">\n\t\t\n\t\t<figure class=\"wpb_wrapper vc_figure\">\n\t\t\t<div class=\"vc_single_image-wrapper   vc_box_border_grey\"><img loading=\"lazy\" decoding=\"async\" width=\"980\" height=\"732\" src=\"https:\/\/kaglobal.com.tr\/wp-content\/uploads\/2021\/12\/K-503-kagit-dilimleme-makinasi-urunjpg.jpg\" class=\"vc_single_image-img attachment-full\" alt=\"\" title=\"K-503-paper-slicing-machine-productjpg\" srcset=\"https:\/\/kaglobal.com.tr\/wp-content\/uploads\/2021\/12\/K-503-kagit-dilimleme-makinasi-urunjpg.jpg 980w, https:\/\/kaglobal.com.tr\/wp-content\/uploads\/2021\/12\/K-503-kagit-dilimleme-makinasi-urunjpg-300x224.jpg 300w, https:\/\/kaglobal.com.tr\/wp-content\/uploads\/2021\/12\/K-503-kagit-dilimleme-makinasi-urunjpg-768x574.jpg 768w, https:\/\/kaglobal.com.tr\/wp-content\/uploads\/2021\/12\/K-503-kagit-dilimleme-makinasi-urunjpg-570x426.jpg 570w\" sizes=\"auto, (max-width: 980px) 100vw, 980px\" \/><\/div>\n\t\t<\/figure>\n\t<\/div>\n<\/div><\/div><\/div><div class=\"wpb_column vc_column_container vc_col-sm-4\"><div class=\"vc_column-inner\"><div class=\"wpb_wrapper\">\n\t<div class=\"wpb_text_column wpb_content_element\" >\n\t\t<div class=\"wpb_wrapper\">\n\t\t\t<h2 class=\"black left\">Product Specs<\/h2>\n\n\t\t<\/div>\n\t<\/div>\n\n\t<div class=\"wpb_raw_code wpb_content_element wpb_raw_html\" >\n\t\t<div class=\"wpb_wrapper\">\n\t\t\t<div class=\"porduct-des\">\n<ul>\n \t<li><strong>Category<\/strong>Paper Bobbin Slitting<\/li>\n \t<li><strong>Brand<\/strong>: KAMAK<\/li>\n \t<li><strong>Model<\/strong>: K - 503<\/li>\n \t<li><strong>Machine Width<\/strong>: 1200-1800 mm<\/li>\n \t<li><strong>Engine Power<\/strong>: K7.5-10 kW<\/li>\n \t<li><strong>Slitting Speed<\/strong>: 400 m\/h<\/li>\n \t<li><strong>Winding Diameter<\/strong>: 920 mm<\/li>\n<\/ul>\n<\/div>\n\t\t<\/div>\n\t<\/div>\n<div class=\"vc_btn3-container vc_btn3-inline vc_custom_1726250549266\" ><a class=\"vc_general vc_btn3 vc_btn3-size-md vc_btn3-shape-rounded vc_btn3-style-modern vc_btn3-icon-left vc_btn3-color-warning\" href=\"#\" title=\"\"><i class=\"vc_btn3-icon fas fa-file-alt\"><\/i> TECHNICAL DOCUMENT<\/a><\/div><\/div><\/div><\/div><\/div><\/div><div class=\"container\" ><div class=\"vc_row wpb_row vc_row-fluid vc_custom_1640601718093\"><div class=\"wpb_column vc_column_container vc_col-sm-12\"><div class=\"vc_column-inner\"><div class=\"wpb_wrapper\">\n\t<div class=\"wpb_text_column wpb_content_element\" >\n\t\t<div class=\"wpb_wrapper\">\n\t\t\t<h2 class=\"black left\">Technical Specs<\/h2>\n<p class=\"onalti\">The technical specifications table is below. Please <a href=\"https:\/\/kaglobal.com.tr\/en\/contact\/\">contact us<\/a> for more detailed information.<\/p>\n\n\t\t<\/div>\n\t<\/div>\n\n\t<div class=\"wpb_raw_code wpb_content_element wpb_raw_html\" >\n\t\t<div class=\"wpb_wrapper\">\n\t\t\t<table class=\"sem-table\">\n  <tbody>\n    <tr>\n      <th scope=\"row\">Machine Width<\/th>\n      <td>1200 mm<\/td>\n      <td>1400 mm<\/td>\n      <td>1600 mm<\/td>\n    <\/tr>\n    <tr>\n      <th scope=\"row\">Engine Power<\/th>\n      <td>7.5 kW<\/td>\n      <td>7.5 kW<\/td>\n      <td>10 kW<\/td>\n    <\/tr>\n    <tr>\n      <th scope=\"row\">Number of Blades<\/th>\n      <td>12 Pcs<\/td>\n      <td>14 Pcs<\/td>\n      <td>16 Pcs<\/td>\n    <\/tr>\n    <tr>\n      <th scope=\"row\">Slitting Speed<\/th>\n      <td>200 Meter\/Hour<\/td>\n      <td>200 Meter\/Hour<\/td>\n      <td>200 Meter\/Hour<\/td>\n    <\/tr>\n    <tr>\n      <th scope=\"row\">Winding Diameter<\/th>\n      <td>900 mm<\/td>\n      <td>900 mm<\/td>\n      <td>900 mm<\/td>\n    <\/tr>\n    <tr>\n      <th scope=\"row\">Paper Weight Range<\/th>\n      <td>40-400 gr<\/td>\n      <td>40-400 gr<\/td>\n      <td>40-400 gr<\/td>\n    <\/tr>\n    <tr>\n      <th scope=\"row\">Minimum Slicing Width<\/th>\n      <td>40 mm<\/td>\n      <td>40 mm<\/td>\n      <td>40 mm<\/td>\n    <\/tr>\n    <tr>\n      <th scope=\"row\">Main Coil Diameter<\/th>\n      <td>1300 mm<\/td>\n      <td>1300 mm<\/td>\n      <td>1300 mm<\/td>\n    <\/tr>\n    <tr>\n      <th scope=\"row\">Bobbin Loading System <\/th>\n      <td>Hydraulic System<\/td>\n      <td>Hydraulic System<\/td>\n      <td>Hydraulic System<\/td>\n    <\/tr>\n    <tr>\n      <th scope=\"row\">Speed \u200b\u200bControl<\/th>\n      <td>Yes<\/td>\n      <td>Yes<\/td>\n      <td>Yes<\/td>\n    <\/tr>\n    <tr>\n      <th scope=\"row\">Brake<\/th>\n      <td>Pneumatic System<\/td>\n      <td>Pneumatic System<\/td>\n      <td>Pneumatic System<\/td>\n    <\/tr>\n    <tr>\n      <th scope=\"row\">Air Pressure<\/th>\n      <td>6 Bar<\/td>\n      <td>6 Bar<\/td>\n      <td>6 Bar<\/td>\n    <\/tr>\n    <tr>\n      <th scope=\"row\">Winding Shafts<\/th>\n      <td>Pneumatic shaft Diameter:76 mm<\/td>\n      <td>Pneumatic shaft Diameter:76 mm<\/td>\n      <td>Pneumatic shaft Diameter:76 mm<\/td>\n    <\/tr>\n    <tr>\n      <th scope=\"row\">Capacity<\/th>\n      <td>6 Tons\/Day<\/td>\n      <td>7 Tons\/Day<\/td>\n      <td>8 Tons\/Day<\/td>\n\n    <\/tr>\n  <\/tbody>\n<\/table>\n\t\t<\/div>\n\t<\/div>\n<\/div><\/div><\/div><\/div><\/div><div class=\"container\" ><div class=\"vc_row wpb_row vc_row-fluid vc_custom_1640601725467\"><div class=\"wpb_column vc_column_container vc_col-sm-12\"><div class=\"vc_column-inner\"><div class=\"wpb_wrapper\">\n\t<div class=\"wpb_text_column wpb_content_element\" >\n\t\t<div class=\"wpb_wrapper\">\n\t\t\t<h2 class=\"black left\">Product Images<\/h2>\n\n\t\t<\/div>\n\t<\/div>\n<div class=\"fullwidth\" ><div class=\"vc_row wpb_row vc_inner vc_row-fluid\"><div class=\"wpb_column vc_column_container vc_col-sm-6\"><div class=\"vc_column-inner\"><div class=\"wpb_wrapper\">\n\t<div  class=\"wpb_single_image wpb_content_element vc_align_left\">\n\t\t\n\t\t<figure class=\"wpb_wrapper vc_figure\">\n\t\t\t<a class=\"\" data-lightbox=\"lightbox[rel-1830-1878259095]\" href=\"https:\/\/kaglobal.com.tr\/wp-content\/uploads\/2021\/09\/K-503-kagit-dilimleme-makinasi-01.jpg\" target=\"_self\"><img loading=\"lazy\" decoding=\"async\" width=\"779\" height=\"583\" src=\"https:\/\/kaglobal.com.tr\/wp-content\/uploads\/2021\/09\/K-503-kagit-dilimleme-makinasi-01.jpg\" class=\"vc_single_image-img attachment-full\" alt=\"\" title=\"K-503-paper-slitting-machine-01\" srcset=\"https:\/\/kaglobal.com.tr\/wp-content\/uploads\/2021\/09\/K-503-kagit-dilimleme-makinasi-01.jpg 779w, https:\/\/kaglobal.com.tr\/wp-content\/uploads\/2021\/09\/K-503-kagit-dilimleme-makinasi-01-300x225.jpg 300w, https:\/\/kaglobal.com.tr\/wp-content\/uploads\/2021\/09\/K-503-kagit-dilimleme-makinasi-01-768x575.jpg 768w, https:\/\/kaglobal.com.tr\/wp-content\/uploads\/2021\/09\/K-503-kagit-dilimleme-makinasi-01-570x427.jpg 570w\" sizes=\"auto, (max-width: 779px) 100vw, 779px\" \/><\/a>\n\t\t<\/figure>\n\t<\/div>\n<\/div><\/div><\/div><div class=\"wpb_column vc_column_container vc_col-sm-6\"><div class=\"vc_column-inner\"><div class=\"wpb_wrapper\">\n\t<div  class=\"wpb_single_image wpb_content_element vc_align_left\">\n\t\t\n\t\t<figure class=\"wpb_wrapper vc_figure\">\n\t\t\t<a class=\"\" data-lightbox=\"lightbox[rel-1830-1578347682]\" href=\"https:\/\/kaglobal.com.tr\/wp-content\/uploads\/2021\/09\/K-503-kagit-dilimleme-makinasi-02.jpg\" target=\"_self\"><img loading=\"lazy\" decoding=\"async\" width=\"779\" height=\"583\" src=\"https:\/\/kaglobal.com.tr\/wp-content\/uploads\/2021\/09\/K-503-kagit-dilimleme-makinasi-02.jpg\" class=\"vc_single_image-img attachment-full\" alt=\"\" title=\"K-503-paper-slitting-machine-02\" srcset=\"https:\/\/kaglobal.com.tr\/wp-content\/uploads\/2021\/09\/K-503-kagit-dilimleme-makinasi-02.jpg 779w, https:\/\/kaglobal.com.tr\/wp-content\/uploads\/2021\/09\/K-503-kagit-dilimleme-makinasi-02-300x225.jpg 300w, https:\/\/kaglobal.com.tr\/wp-content\/uploads\/2021\/09\/K-503-kagit-dilimleme-makinasi-02-768x575.jpg 768w, https:\/\/kaglobal.com.tr\/wp-content\/uploads\/2021\/09\/K-503-kagit-dilimleme-makinasi-02-570x427.jpg 570w\" sizes=\"auto, (max-width: 779px) 100vw, 779px\" \/><\/a>\n\t\t<\/figure>\n\t<\/div>\n<\/div><\/div><\/div><\/div><\/div><\/div><\/div><\/div><\/div><\/div><div class=\"container\" ><div class=\"vc_row wpb_row vc_row-fluid vc_custom_1640601732694\"><div class=\"wpb_column vc_column_container vc_col-sm-12\"><div class=\"vc_column-inner\"><div class=\"wpb_wrapper\">\n\t<div class=\"wpb_text_column wpb_content_element\" >\n\t\t<div class=\"wpb_wrapper\">\n\t\t\t<h2 class=\"black left\">Product Videos<\/h2>\n\n\t\t<\/div>\n\t<\/div>\n<div class=\"fullwidth\" ><div class=\"vc_row wpb_row vc_inner vc_row-fluid\"><div class=\"wpb_column vc_column_container vc_col-sm-6\"><div class=\"vc_column-inner\"><div class=\"wpb_wrapper\">\n\t<div class=\"wpb_raw_code wpb_content_element wpb_raw_html\" >\n\t\t<div class=\"wpb_wrapper\">\n\t\t\t<video poster=\"https:\/\/kaglobal.com.tr\/wp-content\/uploads\/2021\/09\/video-kapak.jpg\" controls=\"1\" loop=\"1\" style=\"max-width:100%;\"><source type=\"video\/mp4\" src=\"https:\/\/kaglobal.com.tr\/video\/K-503-Kagit-Dilimleme-Mak.mp4\"><\/video>\n\t\t<\/div>\n\t<\/div>\n<\/div><\/div><\/div><div class=\"wpb_column vc_column_container vc_col-sm-6\"><div class=\"vc_column-inner\"><div class=\"wpb_wrapper\"><\/div><\/div><\/div><\/div><\/div><\/div><\/div><\/div><\/div><\/div>\n<\/div>","protected":false},"excerpt":{"rendered":"Kamak Makine \u00dcr\u00fcnler Ka\u011f\u0131t Bobin Dilimleme Makinesi K - 503 Product Specs Category: Paper Bobbin Slitting Brand: KAMAK Model: K - 503 Machine Width: 1200-1800 mm Engine Power: K7,5-10 kW Slitting Speed: 400 m\/h Winding Diameter: 920 mm TECHNICAL DOCUMENT Technical Specs The technical specifications table is below. Please contact us for more detailed information. [...]","protected":false},"author":2,"featured_media":0,"parent":1821,"menu_order":0,"comment_status":"closed","ping_status":"closed","template":"","meta":{"_joinchat":[],"footnotes":""},"class_list":["post-1830","page","type-page","status-publish","hentry"],"_links":{"self":[{"href":"https:\/\/kaglobal.com.tr\/en\/wp-json\/wp\/v2\/pages\/1830","targetHints":{"allow":["GET"]}}],"collection":[{"href":"https:\/\/kaglobal.com.tr\/en\/wp-json\/wp\/v2\/pages"}],"about":[{"href":"https:\/\/kaglobal.com.tr\/en\/wp-json\/wp\/v2\/types\/page"}],"author":[{"embeddable":true,"href":"https:\/\/kaglobal.com.tr\/en\/wp-json\/wp\/v2\/users\/2"}],"replies":[{"embeddable":true,"href":"https:\/\/kaglobal.com.tr\/en\/wp-json\/wp\/v2\/comments?post=1830"}],"version-history":[{"count":5,"href":"https:\/\/kaglobal.com.tr\/en\/wp-json\/wp\/v2\/pages\/1830\/revisions"}],"predecessor-version":[{"id":2135,"href":"https:\/\/kaglobal.com.tr\/en\/wp-json\/wp\/v2\/pages\/1830\/revisions\/2135"}],"up":[{"embeddable":true,"href":"https:\/\/kaglobal.com.tr\/en\/wp-json\/wp\/v2\/pages\/1821"}],"wp:attachment":[{"href":"https:\/\/kaglobal.com.tr\/en\/wp-json\/wp\/v2\/media?parent=1830"}],"curies":[{"name":"wp","href":"https:\/\/api.w.org\/{rel}","templated":true}]}}