{"id":1626,"date":"2023-12-01T00:15:52","date_gmt":"2023-11-30T21:15:52","guid":{"rendered":"https:\/\/kaglobal.com.tr\/?page_id=1626"},"modified":"2026-02-06T19:39:30","modified_gmt":"2026-02-06T16:39:30","slug":"kurumsal","status":"publish","type":"page","link":"https:\/\/kaglobal.com.tr\/en\/kurumsal\/","title":{"rendered":"Institutional"},"content":{"rendered":"<div class=\"wpb-content-wrapper\"><div class=\"fullwidth\" ><div class=\"vc_row wpb_row vc_row-fluid\"><div class=\"wpb_column vc_column_container vc_col-sm-12\"><div class=\"vc_column-inner\"><div class=\"wpb_wrapper\"><div class=\"fullwidth\" ><div class=\"vc_row wpb_row vc_inner vc_row-fluid vc_custom_1701384593530\"><div class=\"wpb_column vc_column_container vc_col-sm-6\"><div class=\"vc_column-inner\"><div class=\"wpb_wrapper\">\n\t<div class=\"wpb_text_column wpb_content_element  black\" >\n\t\t<div class=\"wpb_wrapper\">\n\t\t\t<h5 style=\"text-align: left;\">INSTITUTIONAL<\/h5>\n<h1 style=\"text-align: left;\">About Us<\/h1>\n\n\t\t<\/div>\n\t<\/div>\n\n\t<div class=\"wpb_text_column wpb_content_element\" >\n\t\t<div class=\"wpb_wrapper\">\n\t\t\t<p>Kaglobal Sanayi maintains its group leadership in the Turkish market, exports 70% of its sales to 24 countries, successfully representing Turkey in global markets, and is rapidly continuing its R&amp;D, design, and branding investments to introduce many new products to the market. With the importance it places on R&amp;D, it strives to achieve the highest levels of quality according to product standards.<\/p>\n<p>Kaglobal Sanayi, registered as a large industrial enterprise in Adana, T\u00fcrkiye, holds ISO 9001 Quality Management System, Occupational Health and Safety Management System, and CE certificates.<\/p>\n\n\t\t<\/div>\n\t<\/div>\n<\/div><\/div><\/div><div class=\"wpb_column vc_column_container vc_col-sm-6\"><div class=\"vc_column-inner\"><div class=\"wpb_wrapper\">\n\t\t\t<!-- START iletisim REVOLUTION SLIDER 6.6.16 --><p class=\"rs-p-wp-fix\"><\/p>\n\t\t\t<rs-module-wrap id=\"rev_slider_5_1_wrapper\" data-source=\"gallery\" style=\"visibility:hidden;background:transparent;padding:0;margin:0px auto;margin-top:0;margin-bottom:0;\">\n\t\t\t\t<rs-module id=\"rev_slider_5_1\" style=\"\" data-version=\"6.6.16\">\n\t\t\t\t\t<rs-slides style=\"overflow: hidden; position: absolute;\">\n\t\t\t\t\t\t<rs-slide style=\"position: absolute;\" data-key=\"rs-15\" data-title=\"Slide\" data-anim=\"adpr:false;\" data-in=\"o:0;\" data-out=\"a:false;\">\n\t\t\t\t\t\t\t<img decoding=\"async\" src=\"\/\/kaglobal.com.tr\/wp-content\/plugins\/revslider\/public\/assets\/assets\/dummy.png\" alt=\"Slide\" title=\"Institutional\" class=\"rev-slidebg tp-rs-img rs-lazyload\" data-lazyload=\"\/\/kaglobal.com.tr\/wp-content\/plugins\/revslider\/public\/assets\/assets\/transparent.png\" data-no-retina>\n<!--\n\t\t\t\t\t\t\t--><rs-layer\n\t\t\t\t\t\t\t\tid=\"slider-5-slide-15-layer-0\" \n\t\t\t\t\t\t\t\tdata-type=\"image\"\n\t\t\t\t\t\t\t\tdata-rsp_ch=\"on\"\n\t\t\t\t\t\t\t\tdata-xy=\"x:c;y:c;yo:-32px;\"\n\t\t\t\t\t\t\t\tdata-text=\"w:normal;\"\n\t\t\t\t\t\t\t\tdata-dim=\"w:572px;h:381px;\"\n\t\t\t\t\t\t\t\tdata-frame_999=\"o:0;st:w;\"\n\t\t\t\t\t\t\t\tstyle=\"z-index:5;\"\n\t\t\t\t\t\t\t><img decoding=\"async\" src=\"\/\/kaglobal.com.tr\/wp-content\/plugins\/revslider\/public\/assets\/assets\/dummy.png\" alt=\"\" class=\"tp-rs-img rs-lazyload\" width=\"2560\" height=\"1707\" data-lazyload=\"\/\/kaglobal.com.tr\/wp-content\/uploads\/2025\/12\/2013_02-scaled.png\" data-no-retina> \n\t\t\t\t\t\t\t<\/rs-layer><!--\n-->\t\t\t\t\t\t<\/rs-slide>\n\t\t\t\t\t\t<rs-slide style=\"position: absolute;\" data-key=\"rs-16\" data-title=\"Slide\" data-anim=\"adpr:false;\" data-in=\"o:0;\" data-out=\"a:false;\">\n\t\t\t\t\t\t\t<img decoding=\"async\" src=\"\/\/kaglobal.com.tr\/wp-content\/plugins\/revslider\/public\/assets\/assets\/dummy.png\" alt=\"Slide\" title=\"Institutional\" class=\"rev-slidebg tp-rs-img rs-lazyload\" data-lazyload=\"\/\/kaglobal.com.tr\/wp-content\/plugins\/revslider\/public\/assets\/assets\/transparent.png\" data-no-retina>\n<!--\n\t\t\t\t\t\t\t--><rs-layer\n\t\t\t\t\t\t\t\tid=\"slider-5-slide-16-layer-0\" \n\t\t\t\t\t\t\t\tdata-type=\"image\"\n\t\t\t\t\t\t\t\tdata-rsp_ch=\"on\"\n\t\t\t\t\t\t\t\tdata-xy=\"x:c;xo:-1px;y:c;yo:-31px;\"\n\t\t\t\t\t\t\t\tdata-text=\"w:normal;\"\n\t\t\t\t\t\t\t\tdata-dim=\"w:544px;h:363px;\"\n\t\t\t\t\t\t\t\tdata-frame_999=\"o:0;st:w;\"\n\t\t\t\t\t\t\t\tstyle=\"z-index:5;\"\n\t\t\t\t\t\t\t><img decoding=\"async\" src=\"\/\/kaglobal.com.tr\/wp-content\/plugins\/revslider\/public\/assets\/assets\/dummy.png\" alt=\"\" class=\"tp-rs-img rs-lazyload\" width=\"2560\" height=\"1707\" data-lazyload=\"\/\/kaglobal.com.tr\/wp-content\/uploads\/2025\/12\/505-1-scaled.png\" data-no-retina> \n\t\t\t\t\t\t\t<\/rs-layer><!--\n-->\t\t\t\t\t\t<\/rs-slide>\n\t\t\t\t\t\t<rs-slide style=\"position: absolute;\" data-key=\"rs-17\" data-title=\"Slide\" data-anim=\"adpr:false;\" data-in=\"o:0;\" data-out=\"a:false;\">\n\t\t\t\t\t\t\t<img decoding=\"async\" src=\"\/\/kaglobal.com.tr\/wp-content\/plugins\/revslider\/public\/assets\/assets\/dummy.png\" alt=\"Slide\" title=\"Institutional\" class=\"rev-slidebg tp-rs-img rs-lazyload\" data-lazyload=\"\/\/kaglobal.com.tr\/wp-content\/plugins\/revslider\/public\/assets\/assets\/transparent.png\" data-no-retina>\n<!--\n\t\t\t\t\t\t\t--><rs-layer\n\t\t\t\t\t\t\t\tid=\"slider-5-slide-17-layer-0\" \n\t\t\t\t\t\t\t\tdata-type=\"image\"\n\t\t\t\t\t\t\t\tdata-rsp_ch=\"on\"\n\t\t\t\t\t\t\t\tdata-xy=\"x:c;y:c;\"\n\t\t\t\t\t\t\t\tdata-text=\"w:normal;\"\n\t\t\t\t\t\t\t\tdata-dim=\"w:483px;h:322px;\"\n\t\t\t\t\t\t\t\tdata-frame_999=\"o:0;st:w;\"\n\t\t\t\t\t\t\t\tstyle=\"z-index:5;\"\n\t\t\t\t\t\t\t><img decoding=\"async\" src=\"\/\/kaglobal.com.tr\/wp-content\/plugins\/revslider\/public\/assets\/assets\/dummy.png\" alt=\"\" class=\"tp-rs-img rs-lazyload\" width=\"2560\" height=\"1707\" data-lazyload=\"\/\/kaglobal.com.tr\/wp-content\/uploads\/2025\/12\/3096-scaled.png\" data-no-retina> \n\t\t\t\t\t\t\t<\/rs-layer><!--\n-->\t\t\t\t\t\t<\/rs-slide>\n\t\t\t\t\t\t<rs-slide style=\"position: absolute;\" data-key=\"rs-26\" data-title=\"Slide\" data-anim=\"adpr:false;\" data-in=\"o:0;\" data-out=\"a:false;\">\n\t\t\t\t\t\t\t<img decoding=\"async\" src=\"\/\/kaglobal.com.tr\/wp-content\/plugins\/revslider\/public\/assets\/assets\/dummy.png\" alt=\"Slide\" title=\"Institutional\" class=\"rev-slidebg tp-rs-img rs-lazyload\" data-lazyload=\"\/\/kaglobal.com.tr\/wp-content\/plugins\/revslider\/public\/assets\/assets\/transparent.png\" data-no-retina>\n<!--\n\t\t\t\t\t\t\t--><rs-layer\n\t\t\t\t\t\t\t\tid=\"slider-5-slide-26-layer-0\" \n\t\t\t\t\t\t\t\tdata-type=\"image\"\n\t\t\t\t\t\t\t\tdata-rsp_ch=\"on\"\n\t\t\t\t\t\t\t\tdata-xy=\"x:c;y:c;\"\n\t\t\t\t\t\t\t\tdata-text=\"w:normal;\"\n\t\t\t\t\t\t\t\tdata-dim=\"w:483px;h:322px;\"\n\t\t\t\t\t\t\t\tdata-frame_999=\"o:0;st:w;\"\n\t\t\t\t\t\t\t\tstyle=\"z-index:5;\"\n\t\t\t\t\t\t\t><img decoding=\"async\" src=\"\/\/kaglobal.com.tr\/wp-content\/plugins\/revslider\/public\/assets\/assets\/dummy.png\" alt=\"\" class=\"tp-rs-img rs-lazyload\" width=\"768\" height=\"512\" data-lazyload=\"\/\/kaglobal.com.tr\/wp-content\/uploads\/2025\/12\/K-3000.png\" data-no-retina> \n\t\t\t\t\t\t\t<\/rs-layer><!--\n-->\t\t\t\t\t\t<\/rs-slide>\n\t\t\t\t\t<\/rs-slides>\n\t\t\t\t<\/rs-module>\n\t\t\t\t<script>\n\t\t\t\t\tsetREVStartSize({c: 'rev_slider_5_1',rl:[1240,1024,778,480],el:[600],gw:[570],gh:[600],type:'standard',justify:'',layout:'fullwidth',mh:\"0\"});if (window.RS_MODULES!==undefined && window.RS_MODULES.modules!==undefined && window.RS_MODULES.modules[\"revslider51\"]!==undefined) {window.RS_MODULES.modules[\"revslider51\"].once = false;window.revapi5 = undefined;if (window.RS_MODULES.checkMinimal!==undefined) window.RS_MODULES.checkMinimal()}\n\t\t\t\t<\/script>\n\t\t\t<\/rs-module-wrap>\n\t\t\t<!-- END REVOLUTION SLIDER -->\n<\/div><\/div><\/div><\/div><\/div><\/div><\/div><\/div><\/div><\/div><div class=\"fullwidth\" ><div class=\"vc_row wpb_row vc_row-fluid vc_custom_1701384681720\"><div class=\"wpb_column vc_column_container vc_col-sm-12\"><div class=\"vc_column-inner\"><div class=\"wpb_wrapper\">\n\t<div class=\"wpb_text_column wpb_content_element  black\" >\n\t\t<div class=\"wpb_wrapper\">\n\t\t\t<h5 style=\"text-align: right;\">INSTITUTIONAL<\/h5>\n<h1 style=\"text-align: right;\">Our Quality Policy<\/h1>\n\n\t\t<\/div>\n\t<\/div>\n<div class=\"fullwidth\" ><div class=\"vc_row wpb_row vc_inner vc_row-fluid vc_custom_1701379120699\"><div class=\"wpb_column vc_column_container vc_col-sm-6\"><div class=\"vc_column-inner\"><div class=\"wpb_wrapper\">\n\t<div  class=\"wpb_single_image wpb_content_element vc_align_left\">\n\t\t\n\t\t<figure class=\"wpb_wrapper vc_figure\">\n\t\t\t<div class=\"vc_single_image-wrapper   vc_box_border_grey\"><img loading=\"lazy\" decoding=\"async\" width=\"600\" height=\"270\" src=\"https:\/\/kaglobal.com.tr\/wp-content\/uploads\/2024\/01\/kamak-kalite.png\" class=\"vc_single_image-img attachment-full\" alt=\"\" title=\"Kamak Quality\" srcset=\"https:\/\/kaglobal.com.tr\/wp-content\/uploads\/2024\/01\/kamak-kalite.png 600w, https:\/\/kaglobal.com.tr\/wp-content\/uploads\/2024\/01\/kamak-kalite-300x135.png 300w\" sizes=\"auto, (max-width: 600px) 100vw, 600px\" \/><\/div>\n\t\t<\/figure>\n\t<\/div>\n<\/div><\/div><\/div><div class=\"wpb_column vc_column_container vc_col-sm-6\"><div class=\"vc_column-inner\"><div class=\"wpb_wrapper\">\n\t<div class=\"wpb_text_column wpb_content_element\" >\n\t\t<div class=\"wpb_wrapper\">\n\t\t\t<p style=\"text-align: right;\">As Kaglobal, our quality policy is to best meet the needs and expectations of our customers in the manufacturing of paper and packaging machinery, and to maintain the trust placed in our company both domestically and internationally. This includes: closely following new technologies and developments, adapting to changing and evolving customer expectations, and providing services that meet these expectations to ensure customer satisfaction; implementing and continuously improving our quality management system without compromise; providing all the necessary technical support to our customers after sales, thus always being a reliable company; ensuring the continuous training and development of our employees&#039; talents and skills, achieving company goals in a team spirit, continuously developing and growing in target markets, and protecting and developing our common interests in cooperation with our suppliers.<\/p>\n\n\t\t<\/div>\n\t<\/div>\n<\/div><\/div><\/div><\/div><\/div><\/div><\/div><\/div><\/div><\/div><div class=\"fullwidth\" ><div class=\"vc_row wpb_row vc_row-fluid\"><div class=\"wpb_column vc_column_container vc_col-sm-12\"><div class=\"vc_column-inner\"><div class=\"wpb_wrapper\">\n\t<div class=\"wpb_text_column wpb_content_element  black\" >\n\t\t<div class=\"wpb_wrapper\">\n\t\t\t<h5 style=\"text-align: center;\">INSTITUTIONAL<\/h5>\n<h1 id=\"kalite\" style=\"text-align: center;\">Our Quality Certificates<\/h1>\n\n\t\t<\/div>\n\t<\/div>\n<div class=\"fullwidth\" ><div class=\"vc_row wpb_row vc_inner vc_row-fluid vc_custom_1704164637182\"><div class=\"wpb_column vc_column_container vc_col-sm-3\"><div class=\"vc_column-inner\"><div class=\"wpb_wrapper\">\n\t<div  class=\"wpb_single_image wpb_content_element vc_align_left\">\n\t\t\n\t\t<figure class=\"wpb_wrapper vc_figure\">\n\t\t\t<a class=\"\" data-lightbox=\"lightbox[rel-1626-584563635]\" href=\"https:\/\/kaglobal.com.tr\/wp-content\/uploads\/2024\/01\/ISO-9001-2024-725x1024.jpg\" target=\"_self\"><img loading=\"lazy\" decoding=\"async\" width=\"1000\" height=\"1413\" src=\"https:\/\/kaglobal.com.tr\/wp-content\/uploads\/2024\/01\/ISO-9001-2024.jpg\" class=\"vc_single_image-img attachment-full\" alt=\"\" title=\"ISO-9001-2024\" srcset=\"https:\/\/kaglobal.com.tr\/wp-content\/uploads\/2024\/01\/ISO-9001-2024.jpg 1000w, https:\/\/kaglobal.com.tr\/wp-content\/uploads\/2024\/01\/ISO-9001-2024-212x300.jpg 212w, https:\/\/kaglobal.com.tr\/wp-content\/uploads\/2024\/01\/ISO-9001-2024-725x1024.jpg 725w, https:\/\/kaglobal.com.tr\/wp-content\/uploads\/2024\/01\/ISO-9001-2024-768x1085.jpg 768w\" sizes=\"auto, (max-width: 1000px) 100vw, 1000px\" \/><\/a>\n\t\t<\/figure>\n\t<\/div>\n<\/div><\/div><\/div><div class=\"wpb_column vc_column_container vc_col-sm-3\"><div class=\"vc_column-inner\"><div class=\"wpb_wrapper\">\n\t<div  class=\"wpb_single_image wpb_content_element vc_align_left\">\n\t\t\n\t\t<figure class=\"wpb_wrapper vc_figure\">\n\t\t\t<a class=\"\" data-lightbox=\"lightbox[rel-1626-2254874019]\" href=\"https:\/\/kaglobal.com.tr\/wp-content\/uploads\/2024\/01\/ISO-9001-en-725x1024.jpg\" target=\"_self\"><img loading=\"lazy\" decoding=\"async\" width=\"1000\" height=\"1413\" src=\"https:\/\/kaglobal.com.tr\/wp-content\/uploads\/2024\/01\/ISO-9001-en.jpg\" class=\"vc_single_image-img attachment-full\" alt=\"\" title=\"ISO-9001-en\" srcset=\"https:\/\/kaglobal.com.tr\/wp-content\/uploads\/2024\/01\/ISO-9001-en.jpg 1000w, https:\/\/kaglobal.com.tr\/wp-content\/uploads\/2024\/01\/ISO-9001-en-212x300.jpg 212w, https:\/\/kaglobal.com.tr\/wp-content\/uploads\/2024\/01\/ISO-9001-en-725x1024.jpg 725w, https:\/\/kaglobal.com.tr\/wp-content\/uploads\/2024\/01\/ISO-9001-en-768x1085.jpg 768w\" sizes=\"auto, (max-width: 1000px) 100vw, 1000px\" \/><\/a>\n\t\t<\/figure>\n\t<\/div>\n<\/div><\/div><\/div><div class=\"wpb_column vc_column_container vc_col-sm-3\"><div class=\"vc_column-inner\"><div class=\"wpb_wrapper\">\n\t<div  class=\"wpb_single_image wpb_content_element vc_align_left\">\n\t\t\n\t\t<figure class=\"wpb_wrapper vc_figure\">\n\t\t\t<a class=\"\" data-lightbox=\"lightbox[rel-1626-3376273814]\" href=\"https:\/\/kaglobal.com.tr\/wp-content\/uploads\/2024\/01\/kagit-kosebent-mak-724x1024.jpg\" target=\"_self\"><img loading=\"lazy\" decoding=\"async\" width=\"1000\" height=\"1415\" src=\"https:\/\/kaglobal.com.tr\/wp-content\/uploads\/2024\/01\/kagit-kosebent-mak.jpg\" class=\"vc_single_image-img attachment-full\" alt=\"\" title=\"paper-corner-machine\" srcset=\"https:\/\/kaglobal.com.tr\/wp-content\/uploads\/2024\/01\/kagit-kosebent-mak.jpg 1000w, https:\/\/kaglobal.com.tr\/wp-content\/uploads\/2024\/01\/kagit-kosebent-mak-212x300.jpg 212w, https:\/\/kaglobal.com.tr\/wp-content\/uploads\/2024\/01\/kagit-kosebent-mak-724x1024.jpg 724w, https:\/\/kaglobal.com.tr\/wp-content\/uploads\/2024\/01\/kagit-kosebent-mak-768x1087.jpg 768w\" sizes=\"auto, (max-width: 1000px) 100vw, 1000px\" \/><\/a>\n\t\t<\/figure>\n\t<\/div>\n<\/div><\/div><\/div><div class=\"wpb_column vc_column_container vc_col-sm-3\"><div class=\"vc_column-inner\"><div class=\"wpb_wrapper\">\n\t<div  class=\"wpb_single_image wpb_content_element vc_align_left\">\n\t\t\n\t\t<figure class=\"wpb_wrapper vc_figure\">\n\t\t\t<a class=\"\" data-lightbox=\"lightbox[rel-1626-2004285654]\" href=\"https:\/\/kaglobal.com.tr\/wp-content\/uploads\/2024\/01\/kagit-mifer-boru-mak-725x1024.jpg\" target=\"_self\"><img loading=\"lazy\" decoding=\"async\" width=\"1000\" height=\"1413\" src=\"https:\/\/kaglobal.com.tr\/wp-content\/uploads\/2024\/01\/kagit-mifer-boru-mak.jpg\" class=\"vc_single_image-img attachment-full\" alt=\"\" title=\"paper-helmet-pipe-machine\" srcset=\"https:\/\/kaglobal.com.tr\/wp-content\/uploads\/2024\/01\/kagit-mifer-boru-mak.jpg 1000w, https:\/\/kaglobal.com.tr\/wp-content\/uploads\/2024\/01\/kagit-mifer-boru-mak-212x300.jpg 212w, https:\/\/kaglobal.com.tr\/wp-content\/uploads\/2024\/01\/kagit-mifer-boru-mak-725x1024.jpg 725w, https:\/\/kaglobal.com.tr\/wp-content\/uploads\/2024\/01\/kagit-mifer-boru-mak-768x1085.jpg 768w\" sizes=\"auto, (max-width: 1000px) 100vw, 1000px\" \/><\/a>\n\t\t<\/figure>\n\t<\/div>\n<\/div><\/div><\/div><\/div><\/div><div class=\"fullwidth\" ><div class=\"vc_row wpb_row vc_inner vc_row-fluid vc_custom_1704164548814\"><div class=\"wpb_column vc_column_container vc_col-sm-3\"><div class=\"vc_column-inner\"><div class=\"wpb_wrapper\">\n\t<div  class=\"wpb_single_image wpb_content_element vc_align_left\">\n\t\t\n\t\t<figure class=\"wpb_wrapper vc_figure\">\n\t\t\t<a class=\"\" data-lightbox=\"lightbox[rel-1626-2992821855]\" href=\"https:\/\/kaglobal.com.tr\/wp-content\/uploads\/2024\/01\/laminat-kagit-petek-725x1024.jpg\" target=\"_self\"><img loading=\"lazy\" decoding=\"async\" width=\"1000\" height=\"1413\" src=\"https:\/\/kaglobal.com.tr\/wp-content\/uploads\/2024\/01\/laminat-kagit-petek.jpg\" class=\"vc_single_image-img attachment-full\" alt=\"\" title=\"laminate-paper-honeycomb\" srcset=\"https:\/\/kaglobal.com.tr\/wp-content\/uploads\/2024\/01\/laminat-kagit-petek.jpg 1000w, https:\/\/kaglobal.com.tr\/wp-content\/uploads\/2024\/01\/laminat-kagit-petek-212x300.jpg 212w, https:\/\/kaglobal.com.tr\/wp-content\/uploads\/2024\/01\/laminat-kagit-petek-725x1024.jpg 725w, https:\/\/kaglobal.com.tr\/wp-content\/uploads\/2024\/01\/laminat-kagit-petek-768x1085.jpg 768w\" sizes=\"auto, (max-width: 1000px) 100vw, 1000px\" \/><\/a>\n\t\t<\/figure>\n\t<\/div>\n<\/div><\/div><\/div><div class=\"wpb_column vc_column_container vc_col-sm-3\"><div class=\"vc_column-inner\"><div class=\"wpb_wrapper\">\n\t<div  class=\"wpb_single_image wpb_content_element vc_align_left\">\n\t\t\n\t\t<figure class=\"wpb_wrapper vc_figure\">\n\t\t\t<a class=\"\" data-lightbox=\"lightbox[rel-1626-3608159277]\" href=\"https:\/\/kaglobal.com.tr\/wp-content\/uploads\/2024\/01\/lamineli-kagit-petek-724x1024.jpg\" target=\"_self\"><img loading=\"lazy\" decoding=\"async\" width=\"1810\" height=\"2560\" src=\"https:\/\/kaglobal.com.tr\/wp-content\/uploads\/2024\/01\/lamineli-kagit-petek-scaled.jpg\" class=\"vc_single_image-img attachment-full\" alt=\"\" title=\"laminated-paper-honeycomb\" srcset=\"https:\/\/kaglobal.com.tr\/wp-content\/uploads\/2024\/01\/lamineli-kagit-petek-scaled.jpg 1810w, https:\/\/kaglobal.com.tr\/wp-content\/uploads\/2024\/01\/lamineli-kagit-petek-212x300.jpg 212w, https:\/\/kaglobal.com.tr\/wp-content\/uploads\/2024\/01\/lamineli-kagit-petek-724x1024.jpg 724w, https:\/\/kaglobal.com.tr\/wp-content\/uploads\/2024\/01\/lamineli-kagit-petek-768x1086.jpg 768w, https:\/\/kaglobal.com.tr\/wp-content\/uploads\/2024\/01\/lamineli-kagit-petek-1086x1536.jpg 1086w, https:\/\/kaglobal.com.tr\/wp-content\/uploads\/2024\/01\/lamineli-kagit-petek-1448x2048.jpg 1448w\" sizes=\"auto, (max-width: 1810px) 100vw, 1810px\" \/><\/a>\n\t\t<\/figure>\n\t<\/div>\n<\/div><\/div><\/div><div class=\"wpb_column vc_column_container vc_col-sm-3\"><div class=\"vc_column-inner\"><div class=\"wpb_wrapper\">\n\t<div  class=\"wpb_single_image wpb_content_element vc_align_left\">\n\t\t\n\t\t<figure class=\"wpb_wrapper vc_figure\">\n\t\t\t<a class=\"\" data-lightbox=\"lightbox[rel-1626-389084631]\" href=\"https:\/\/kaglobal.com.tr\/wp-content\/uploads\/2026\/02\/LAMINELI-KAGIT-PETEK-MAKINESI-2025-2026-718x1024.jpg\" target=\"_self\"><img loading=\"lazy\" decoding=\"async\" width=\"1795\" height=\"2560\" src=\"https:\/\/kaglobal.com.tr\/wp-content\/uploads\/2026\/02\/LAMINELI-KAGIT-PETEK-MAKINESI-2025-2026-scaled.jpg\" class=\"vc_single_image-img attachment-full\" alt=\"\" title=\"LAMINATED PAPER HONEYCOMB MACHINE 2025-2026\" srcset=\"https:\/\/kaglobal.com.tr\/wp-content\/uploads\/2026\/02\/LAMINELI-KAGIT-PETEK-MAKINESI-2025-2026-scaled.jpg 1795w, https:\/\/kaglobal.com.tr\/wp-content\/uploads\/2026\/02\/LAMINELI-KAGIT-PETEK-MAKINESI-2025-2026-210x300.jpg 210w, https:\/\/kaglobal.com.tr\/wp-content\/uploads\/2026\/02\/LAMINELI-KAGIT-PETEK-MAKINESI-2025-2026-718x1024.jpg 718w, https:\/\/kaglobal.com.tr\/wp-content\/uploads\/2026\/02\/LAMINELI-KAGIT-PETEK-MAKINESI-2025-2026-768x1095.jpg 768w, https:\/\/kaglobal.com.tr\/wp-content\/uploads\/2026\/02\/LAMINELI-KAGIT-PETEK-MAKINESI-2025-2026-1077x1536.jpg 1077w, https:\/\/kaglobal.com.tr\/wp-content\/uploads\/2026\/02\/LAMINELI-KAGIT-PETEK-MAKINESI-2025-2026-1436x2048.jpg 1436w\" sizes=\"auto, (max-width: 1795px) 100vw, 1795px\" \/><\/a>\n\t\t<\/figure>\n\t<\/div>\n<\/div><\/div><\/div><div class=\"wpb_column vc_column_container vc_col-sm-3\"><div class=\"vc_column-inner\"><div class=\"wpb_wrapper\">\n\t<div  class=\"wpb_single_image wpb_content_element vc_align_left\">\n\t\t\n\t\t<figure class=\"wpb_wrapper vc_figure\">\n\t\t\t<a class=\"\" data-lightbox=\"lightbox[rel-1626-2589009697]\" href=\"https:\/\/kaglobal.com.tr\/wp-content\/uploads\/2026\/02\/KAGLOBAL-ISO-9001-2015-BELGESI-images-0-724x1024.jpg\" target=\"_self\"><img loading=\"lazy\" decoding=\"async\" width=\"1810\" height=\"2560\" src=\"https:\/\/kaglobal.com.tr\/wp-content\/uploads\/2026\/02\/KAGLOBAL-ISO-9001-2015-BELGESI-images-0-scaled.jpg\" class=\"vc_single_image-img attachment-full\" alt=\"\" title=\"KAGLOBAL ISO 9001-2015 CERTIFICATE - images - 0\" srcset=\"https:\/\/kaglobal.com.tr\/wp-content\/uploads\/2026\/02\/KAGLOBAL-ISO-9001-2015-BELGESI-images-0-scaled.jpg 1810w, https:\/\/kaglobal.com.tr\/wp-content\/uploads\/2026\/02\/KAGLOBAL-ISO-9001-2015-BELGESI-images-0-212x300.jpg 212w, https:\/\/kaglobal.com.tr\/wp-content\/uploads\/2026\/02\/KAGLOBAL-ISO-9001-2015-BELGESI-images-0-724x1024.jpg 724w, https:\/\/kaglobal.com.tr\/wp-content\/uploads\/2026\/02\/KAGLOBAL-ISO-9001-2015-BELGESI-images-0-768x1086.jpg 768w, https:\/\/kaglobal.com.tr\/wp-content\/uploads\/2026\/02\/KAGLOBAL-ISO-9001-2015-BELGESI-images-0-1086x1536.jpg 1086w, https:\/\/kaglobal.com.tr\/wp-content\/uploads\/2026\/02\/KAGLOBAL-ISO-9001-2015-BELGESI-images-0-1448x2048.jpg 1448w\" sizes=\"auto, (max-width: 1810px) 100vw, 1810px\" \/><\/a>\n\t\t<\/figure>\n\t<\/div>\n<\/div><\/div><\/div><\/div><\/div><\/div><\/div><\/div><\/div><\/div>\n<\/div>","protected":false},"excerpt":{"rendered":"KURUMSAL Hakk\u0131m\u0131zda Kaglobal Sanayi, T\u00fcrkiye pazar\u0131nda grup liderli\u011fini korurken, sat\u0131\u015flar\u0131n\u0131n % 70 \u2018ini 24 \u00fclkeye ihra\u00e7 ederek, d\u00fcnya pazarlar\u0131nda ba\u015far\u0131yla \u00fclkemizi temsil etmekte olup, pek \u00e7ok yeni \u00fcr\u00fcn\u00fc piyasaya sunmak i\u00e7in Ar-Ge tasar\u0131m ve markala\u015fma yat\u0131r\u0131mlar\u0131n\u0131 h\u0131zla s\u00fcrd\u00fcrmektedir.\u00a0 Ar-Ge\u2019ye vermi\u015f oldu\u011fu \u00f6nemle \u00fcr\u00fcnlerin standartlar\u0131na g\u00f6re en y\u00fcksek seviyeleri yakalamas\u0131 y\u00f6n\u00fcnde \u00e7al\u0131\u015fmalar yapmaktad\u0131r. T\u00fcrkiye\u2019nin Adana ilinde [...]","protected":false},"author":1,"featured_media":0,"parent":0,"menu_order":0,"comment_status":"closed","ping_status":"closed","template":"","meta":{"_joinchat":[],"footnotes":""},"class_list":["post-1626","page","type-page","status-publish","hentry"],"_links":{"self":[{"href":"https:\/\/kaglobal.com.tr\/en\/wp-json\/wp\/v2\/pages\/1626","targetHints":{"allow":["GET"]}}],"collection":[{"href":"https:\/\/kaglobal.com.tr\/en\/wp-json\/wp\/v2\/pages"}],"about":[{"href":"https:\/\/kaglobal.com.tr\/en\/wp-json\/wp\/v2\/types\/page"}],"author":[{"embeddable":true,"href":"https:\/\/kaglobal.com.tr\/en\/wp-json\/wp\/v2\/users\/1"}],"replies":[{"embeddable":true,"href":"https:\/\/kaglobal.com.tr\/en\/wp-json\/wp\/v2\/comments?post=1626"}],"version-history":[{"count":30,"href":"https:\/\/kaglobal.com.tr\/en\/wp-json\/wp\/v2\/pages\/1626\/revisions"}],"predecessor-version":[{"id":2404,"href":"https:\/\/kaglobal.com.tr\/en\/wp-json\/wp\/v2\/pages\/1626\/revisions\/2404"}],"wp:attachment":[{"href":"https:\/\/kaglobal.com.tr\/en\/wp-json\/wp\/v2\/media?parent=1626"}],"curies":[{"name":"wp","href":"https:\/\/api.w.org\/{rel}","templated":true}]}}