{"id":1297,"date":"2023-10-04T19:07:31","date_gmt":"2023-10-04T16:07:31","guid":{"rendered":"https:\/\/kaglobal.com.tr\/?page_id=1297"},"modified":"2026-02-07T13:58:31","modified_gmt":"2026-02-07T10:58:31","slug":"k-505-kagit-bobin-dilimleme","status":"publish","type":"page","link":"https:\/\/kaglobal.com.tr\/en\/urunler\/kagit-dilimleme-makinesi\/k-505-kagit-bobin-dilimleme\/","title":{"rendered":"K-505 Paper Roll Slitter"},"content":{"rendered":"<div class=\"wpb-content-wrapper\"><div class=\"fullwidth\" ><div class=\"vc_row wpb_row vc_row-fluid vc_custom_1696636756945\"><div class=\"wpb_column vc_column_container vc_col-sm-12\"><div class=\"vc_column-inner\"><div class=\"wpb_wrapper\"><div class=\"container\" ><div class=\"vc_row wpb_row vc_inner vc_row-fluid vc_custom_1640603113396\"><div class=\"wpb_column vc_column_container vc_col-sm-6\"><div class=\"vc_column-inner\"><div class=\"wpb_wrapper\">\n\t<div class=\"wpb_text_column wpb_content_element  vc_custom_1770461909533 urun-header\" >\n\t\t<div class=\"wpb_wrapper\">\n\t\t\t<h5><span style=\"color: #ffffff;\">KaGlobal Products<\/span><\/h5>\n<h2><span style=\"color: #ffffff;\"><strong>Paper Roll Slitting Machine<\/strong><\/span><\/h2>\n<h2><span style=\"color: #f07e22;\"><strong>K \u2013 505<\/strong><\/span><\/h2>\n\n\t\t<\/div>\n\t<\/div>\n<\/div><\/div><\/div><div class=\"wpb_column vc_column_container vc_col-sm-6\"><div class=\"vc_column-inner\"><div class=\"wpb_wrapper\">\n\t<div  class=\"wpb_single_image wpb_content_element vc_align_center\">\n\t\t\n\t\t<figure class=\"wpb_wrapper vc_figure\">\n\t\t\t<div class=\"vc_single_image-wrapper   vc_box_border_grey\"><img loading=\"lazy\" decoding=\"async\" width=\"672\" height=\"448\" src=\"https:\/\/kaglobal.com.tr\/wp-content\/uploads\/2024\/10\/IMG_0007-1-e1729362633363.png\" class=\"vc_single_image-img attachment-full\" alt=\"\" title=\"IMG_0007\" \/><\/div>\n\t\t<\/figure>\n\t<\/div>\n<\/div><\/div><\/div><\/div><\/div><\/div><\/div><\/div><\/div><\/div><div class=\"container\" ><div class=\"vc_row wpb_row vc_row-fluid vc_custom_1640601945603\"><div class=\"wpb_column vc_column_container vc_col-sm-8\"><div class=\"vc_column-inner\"><div class=\"wpb_wrapper\">\n\t<div  class=\"wpb_single_image wpb_content_element vc_align_left\">\n\t\t\n\t\t<figure class=\"wpb_wrapper vc_figure\">\n\t\t\t<div class=\"vc_single_image-wrapper   vc_box_border_grey\"><img loading=\"lazy\" decoding=\"async\" width=\"2560\" height=\"1707\" src=\"https:\/\/kaglobal.com.tr\/wp-content\/uploads\/2025\/12\/505-scaled.png\" class=\"vc_single_image-img attachment-full\" alt=\"\" title=\"505\" srcset=\"https:\/\/kaglobal.com.tr\/wp-content\/uploads\/2025\/12\/505-scaled.png 2560w, https:\/\/kaglobal.com.tr\/wp-content\/uploads\/2025\/12\/505-300x200.png 300w, https:\/\/kaglobal.com.tr\/wp-content\/uploads\/2025\/12\/505-1024x683.png 1024w, https:\/\/kaglobal.com.tr\/wp-content\/uploads\/2025\/12\/505-768x512.png 768w, https:\/\/kaglobal.com.tr\/wp-content\/uploads\/2025\/12\/505-1536x1024.png 1536w, https:\/\/kaglobal.com.tr\/wp-content\/uploads\/2025\/12\/505-2048x1365.png 2048w\" sizes=\"auto, (max-width: 2560px) 100vw, 2560px\" \/><\/div>\n\t\t<\/figure>\n\t<\/div>\n<\/div><\/div><\/div><div class=\"wpb_column vc_column_container vc_col-sm-4\"><div class=\"vc_column-inner\"><div class=\"wpb_wrapper\">\n\t<div class=\"wpb_text_column wpb_content_element\" >\n\t\t<div class=\"wpb_wrapper\">\n\t\t\t<h2 class=\"black left\">Product Specifications<\/h2>\n\n\t\t<\/div>\n\t<\/div>\n\n\t<div class=\"wpb_raw_code wpb_content_element wpb_raw_html\" >\n\t\t<div class=\"wpb_wrapper\">\n\t\t\t<div class=\"porduct-des\">\n<ul>\n \t<li><strong>Category<\/strong>Paper Reel Slitting<\/li>\n \t<li><strong>Brand<\/strong>: KAMAK<\/li>\n \t<li><strong>Model<\/strong>: K - 505<\/li>\n \t<li><strong>Machine Width<\/strong>: <\/li>\n \t<li><strong>Engine Power<\/strong>: <\/li>\n \t<li><strong>Cutting Speed<\/strong>: <\/li>\n \t<li><strong>Winding Diameter<\/strong>: <\/li>\n<\/ul>\n<\/div>\n\t\t<\/div>\n\t<\/div>\n<div class=\"vc_btn3-container vc_btn3-inline vc_custom_1655129028941\" ><a class=\"vc_general vc_btn3 vc_btn3-size-md vc_btn3-shape-rounded vc_btn3-style-modern vc_btn3-icon-left vc_btn3-color-warning\" href=\"#\" title=\"\"><i class=\"vc_btn3-icon fas fa-file-alt\"><\/i> TECHNICAL DOCUMENT<\/a><\/div><\/div><\/div><\/div><\/div><\/div><div class=\"container\" ><div class=\"vc_row wpb_row vc_row-fluid vc_custom_1640601718093\"><div class=\"wpb_column vc_column_container vc_col-sm-12\"><div class=\"vc_column-inner\"><div class=\"wpb_wrapper\">\n\t<div class=\"wpb_text_column wpb_content_element\" >\n\t\t<div class=\"wpb_wrapper\">\n\t\t\t<h2 class=\"black left\">Technical Specifications<\/h2>\n<p class=\"onalti\">The technical specifications table is below. Please contact us for more detailed information.<\/p>\n\n\t\t<\/div>\n\t<\/div>\n\n\t<div class=\"wpb_raw_code wpb_content_element wpb_raw_html\" >\n\t\t<div class=\"wpb_wrapper\">\n\t\t\t<table class=\"sem-table\">\n  <tbody>\n    <tr>\n      <th scope=\"row\">Machine Width<\/th>\n      <td>1200 mm<\/td>\n      <td>1400 mm<\/td>\n      <td>1600 mm<\/td>\n      <td>1800 mm<\/td>\n    <\/tr>\n    <tr>\n      <th scope=\"row\">Engine Power<\/th>\n      <td>7.5 kW<\/td>\n      <td>7.5 kW<\/td>\n      <td>10 kW<\/td>\n      <td>10 kW<\/td>\n    <\/tr>\n    <tr>\n      <th scope=\"row\">Number of Knives<\/th>\n      <td>12 Pieces<\/td>\n      <td>14 Pieces<\/td>\n      <td>16 Pieces<\/td>\n      <td>18 Pieces<\/td>\n    <\/tr>\n    <tr>\n      <th scope=\"row\">Cutting Speed<\/th>\n      <td>350 meters per hour<\/td>\n      <td>350 meters per hour<\/td>\n      <td>350 meters per hour<\/td>\n      <td>350 meters per hour<\/td>\n    <\/tr>\n    <tr>\n      <th scope=\"row\">Winding Diameter<\/th>\n      <td>1400 mm<\/td>\n      <td>1400 mm<\/td>\n      <td>1400 mm<\/td>\n      <td>1400 mm<\/td>\n    <\/tr>\n    <tr>\n      <th scope=\"row\">Paper Grammage Range<\/th>\n      <td>40-600 gr<\/td>\n      <td>40-600 gr<\/td>\n      <td>40-600 gr<\/td>\n      <td>40-600 gr<\/td>\n    <\/tr>\n    <tr>\n      <th scope=\"row\">Minimum Slicing Width<\/th>\n      <td>40 mm<\/td>\n      <td>40 mm<\/td>\n      <td>40 mm<\/td>\n      <td>40 mm<\/td>\n    <\/tr>\n    <tr>\n      <th scope=\"row\">Main Coil Diameter<\/th>\n      <td>1400 mm<\/td>\n      <td>1400 mm<\/td>\n      <td>1400 mm<\/td>\n      <td>1400 mm<\/td>\n    <\/tr>\n    <tr>\n      <th scope=\"row\">Coil Loading System <\/th>\n      <td>Hydraulic System (6-Axis)<\/td>\n      <td>Hydraulic System (6-Axis)<\/td>\n      <td>Hydraulic System (6-Axis)<\/td>\n      <td>Hydraulic System (6-Axis)<\/td>\n    <\/tr>\n    <tr>\n      <th scope=\"row\">Speed Control<\/th>\n      <td>There is<\/td>\n      <td>There is<\/td>\n      <td>There is<\/td>\n      <td>There is<\/td>\n    <\/tr>\n    <tr>\n      <th scope=\"row\">Brake<\/th>\n      <td>Tension Control<\/td>\n      <td>Tension Control<\/td>\n      <td>Tension Control<\/td>\n      <td>Tension Control<\/td>\n    <\/tr>\n    <tr>\n      <th scope=\"row\">Air Pressure<\/th>\n      <td>6 Bar<\/td>\n      <td>6 Bar<\/td>\n      <td>6 Bar<\/td>\n      <td>6 Bar<\/td>\n    <\/tr>\n    <tr>\n      <th scope=\"row\">Winding Mills<\/th>\n      <td>Pneumatic shaft diameter: 76 mm<\/td>\n      <td>Pneumatic shaft diameter: 76 mm<\/td>\n      <td>Pneumatic shaft diameter: 76 mm<\/td>\n      <td>Pneumatic shaft diameter: 76 mm<\/td>\n    <\/tr>\n    <tr>\n      <th scope=\"row\">Capacity<\/th>\n      <td>8 tons\/day<\/td>\n      <td>10 tons\/day<\/td>\n      <td>12 tons\/day<\/td>\n      <td>14 tons\/day<\/td>\n    <\/tr>\n  <\/tbody>\n<\/table>\n\t\t<\/div>\n\t<\/div>\n<\/div><\/div><\/div><\/div><\/div><div class=\"container\" ><div class=\"vc_row wpb_row vc_row-fluid vc_custom_1640601725467\"><div class=\"wpb_column vc_column_container vc_col-sm-12\"><div class=\"vc_column-inner\"><div class=\"wpb_wrapper\">\n\t<div class=\"wpb_text_column wpb_content_element\" >\n\t\t<div class=\"wpb_wrapper\">\n\t\t\t<h2 class=\"black left\">Product Photos<\/h2>\n\n\t\t<\/div>\n\t<\/div>\n<div class=\"fullwidth\" ><div class=\"vc_row wpb_row vc_inner vc_row-fluid\"><div class=\"wpb_column vc_column_container vc_col-sm-6\"><div class=\"vc_column-inner\"><div class=\"wpb_wrapper\">\n\t<div  class=\"wpb_single_image wpb_content_element vc_align_left\">\n\t\t\n\t\t<figure class=\"wpb_wrapper vc_figure\">\n\t\t\t<a class=\"\" data-lightbox=\"lightbox[rel-1297-3384276518]\" href=\"https:\/\/kaglobal.com.tr\/wp-content\/uploads\/2024\/10\/Kamak505-1024x682.jpg\" target=\"_self\"><img loading=\"lazy\" decoding=\"async\" width=\"1280\" height=\"853\" src=\"https:\/\/kaglobal.com.tr\/wp-content\/uploads\/2024\/10\/Kamak505.jpg\" class=\"vc_single_image-img attachment-full\" alt=\"\" title=\"Kamak505\" srcset=\"https:\/\/kaglobal.com.tr\/wp-content\/uploads\/2024\/10\/Kamak505.jpg 1280w, https:\/\/kaglobal.com.tr\/wp-content\/uploads\/2024\/10\/Kamak505-300x200.jpg 300w, https:\/\/kaglobal.com.tr\/wp-content\/uploads\/2024\/10\/Kamak505-1024x682.jpg 1024w, https:\/\/kaglobal.com.tr\/wp-content\/uploads\/2024\/10\/Kamak505-768x512.jpg 768w\" sizes=\"auto, (max-width: 1280px) 100vw, 1280px\" \/><\/a>\n\t\t<\/figure>\n\t<\/div>\n<\/div><\/div><\/div><div class=\"wpb_column vc_column_container vc_col-sm-6\"><div class=\"vc_column-inner\"><div class=\"wpb_wrapper\">\n\t<div  class=\"wpb_single_image wpb_content_element vc_align_left\">\n\t\t\n\t\t<figure class=\"wpb_wrapper vc_figure\">\n\t\t\t<a class=\"\" data-lightbox=\"lightbox[rel-1297-3681488046]\" href=\"https:\/\/kaglobal.com.tr\/wp-content\/uploads\/2024\/10\/Kamak505_1-1024x682.jpg\" target=\"_self\"><img loading=\"lazy\" decoding=\"async\" width=\"1280\" height=\"853\" src=\"https:\/\/kaglobal.com.tr\/wp-content\/uploads\/2024\/10\/Kamak505_1.jpg\" class=\"vc_single_image-img attachment-full\" alt=\"\" title=\"Kamak505_1\" srcset=\"https:\/\/kaglobal.com.tr\/wp-content\/uploads\/2024\/10\/Kamak505_1.jpg 1280w, https:\/\/kaglobal.com.tr\/wp-content\/uploads\/2024\/10\/Kamak505_1-300x200.jpg 300w, https:\/\/kaglobal.com.tr\/wp-content\/uploads\/2024\/10\/Kamak505_1-1024x682.jpg 1024w, https:\/\/kaglobal.com.tr\/wp-content\/uploads\/2024\/10\/Kamak505_1-768x512.jpg 768w\" sizes=\"auto, (max-width: 1280px) 100vw, 1280px\" \/><\/a>\n\t\t<\/figure>\n\t<\/div>\n<\/div><\/div><\/div><\/div><\/div><\/div><\/div><\/div><\/div><\/div><div class=\"container\" ><div class=\"vc_row wpb_row vc_row-fluid vc_custom_1640601732694\"><div class=\"wpb_column vc_column_container vc_col-sm-12\"><div class=\"vc_column-inner\"><div class=\"wpb_wrapper\">\n\t<div class=\"wpb_text_column wpb_content_element\" >\n\t\t<div class=\"wpb_wrapper\">\n\t\t\t<h2 class=\"black left\">Product Videos<\/h2>\n\n\t\t<\/div>\n\t<\/div>\n<div class=\"fullwidth\" ><div class=\"vc_row wpb_row vc_inner vc_row-fluid\"><div class=\"wpb_column vc_column_container vc_col-sm-6\"><div class=\"vc_column-inner\"><div class=\"wpb_wrapper\">\n\t<div class=\"wpb_raw_code wpb_content_element wpb_raw_html\" >\n\t\t<div class=\"wpb_wrapper\">\n\t\t\t<video poster=\"https:\/\/kaglobal.com.tr\/wp-content\/uploads\/2023\/10\/k-505-dilimleme-makinalari-video-kapak.jpg\" controls=\"1\" loop=\"1\" style=\"max-width:100%;\"><source type=\"video\/mp4\" src=\"https:\/\/kaglobal.com.tr\/wp-content\/uploads\/2024\/10\/505_video.mp4\"><\/video>\n\t\t<\/div>\n\t<\/div>\n<\/div><\/div><\/div><div class=\"wpb_column vc_column_container vc_col-sm-6\"><div class=\"vc_column-inner\"><div class=\"wpb_wrapper\"><\/div><\/div><\/div><\/div><\/div><\/div><\/div><\/div><\/div><\/div>\n<\/div>","protected":false},"excerpt":{"rendered":"KaGlobal \u00dcr\u00fcnler Ka\u011f\u0131t Bobin Dilimleme Makinesi K - 505 \u00dcr\u00fcn \u00d6zellikler Kategori: Ka\u011f\u0131t Bobin Dilimleme Marka: KAMAK Model: K - 505 Makine Eni: Motor G\u00fcc\u00fc: Kesim H\u0131z\u0131: Sar\u0131m \u00c7ap\u0131: TEKN\u0130K D\u00d6KUMAN Teknik \u00d6zellikler Teknik \u00f6zellik tablosu a\u015fa\u011f\u0131da yer almaktad\u0131r. Daha detayl\u0131 bilgi almak i\u00e7in bizimle ileti\u015fime ge\u00e7iniz. Makine Eni 1200 mm 1400 mm 1600 mm [...]","protected":false},"author":1,"featured_media":0,"parent":1233,"menu_order":1,"comment_status":"closed","ping_status":"closed","template":"","meta":{"_joinchat":[],"footnotes":""},"class_list":["post-1297","page","type-page","status-publish","hentry"],"_links":{"self":[{"href":"https:\/\/kaglobal.com.tr\/en\/wp-json\/wp\/v2\/pages\/1297","targetHints":{"allow":["GET"]}}],"collection":[{"href":"https:\/\/kaglobal.com.tr\/en\/wp-json\/wp\/v2\/pages"}],"about":[{"href":"https:\/\/kaglobal.com.tr\/en\/wp-json\/wp\/v2\/types\/page"}],"author":[{"embeddable":true,"href":"https:\/\/kaglobal.com.tr\/en\/wp-json\/wp\/v2\/users\/1"}],"replies":[{"embeddable":true,"href":"https:\/\/kaglobal.com.tr\/en\/wp-json\/wp\/v2\/comments?post=1297"}],"version-history":[{"count":18,"href":"https:\/\/kaglobal.com.tr\/en\/wp-json\/wp\/v2\/pages\/1297\/revisions"}],"predecessor-version":[{"id":2465,"href":"https:\/\/kaglobal.com.tr\/en\/wp-json\/wp\/v2\/pages\/1297\/revisions\/2465"}],"up":[{"embeddable":true,"href":"https:\/\/kaglobal.com.tr\/en\/wp-json\/wp\/v2\/pages\/1233"}],"wp:attachment":[{"href":"https:\/\/kaglobal.com.tr\/en\/wp-json\/wp\/v2\/media?parent=1297"}],"curies":[{"name":"wp","href":"https:\/\/api.w.org\/{rel}","templated":true}]}}