{"id":1289,"date":"2023-10-04T18:11:48","date_gmt":"2023-10-04T15:11:48","guid":{"rendered":"https:\/\/kaglobal.com.tr\/?page_id=1289"},"modified":"2026-02-07T14:43:01","modified_gmt":"2026-02-07T11:43:01","slug":"k-3099-elektronik-kagit-kosebent-makinesi","status":"publish","type":"page","link":"https:\/\/kaglobal.com.tr\/en\/urunler\/kagit-kosebent-makinesi\/k-3099-elektronik-kagit-kosebent-makinesi\/","title":{"rendered":"K-3099 Electronic Paper Corner Protector Machine"},"content":{"rendered":"<div class=\"wpb-content-wrapper\"><div class=\"fullwidth\" ><div class=\"vc_row wpb_row vc_row-fluid vc_custom_1696829251001\"><div class=\"wpb_column vc_column_container vc_col-sm-12\"><div class=\"vc_column-inner\"><div class=\"wpb_wrapper\"><div class=\"container\" ><div class=\"vc_row wpb_row vc_inner vc_row-fluid vc_custom_1640603113396\"><div class=\"wpb_column vc_column_container vc_col-sm-6\"><div class=\"vc_column-inner\"><div class=\"wpb_wrapper\">\n\t<div class=\"wpb_text_column wpb_content_element  vc_custom_1770464578695 urun-header\" >\n\t\t<div class=\"wpb_wrapper\">\n\t\t\t<h5><span style=\"color: #ffffff;\">KaGlobal Products<\/span><\/h5>\n<h2><span style=\"color: #ffffff;\"><strong>Electronic Paper Corner Bracketing Machine<\/strong><\/span><\/h2>\n<h2><span style=\"color: #f07e22;\"><strong>K \u2013 3099<\/strong><\/span><\/h2>\n\n\t\t<\/div>\n\t<\/div>\n<\/div><\/div><\/div><div class=\"wpb_column vc_column_container vc_col-sm-6\"><div class=\"vc_column-inner\"><div class=\"wpb_wrapper\">\n\t<div  class=\"wpb_single_image wpb_content_element vc_align_center\">\n\t\t\n\t\t<figure class=\"wpb_wrapper vc_figure\">\n\t\t\t<div class=\"vc_single_image-wrapper   vc_box_border_grey\"><img loading=\"lazy\" decoding=\"async\" width=\"779\" height=\"583\" src=\"https:\/\/kaglobal.com.tr\/wp-content\/uploads\/2023\/10\/k-3099-elektronik-kagit-kosebent-makinasi.png\" class=\"vc_single_image-img attachment-full\" alt=\"\" title=\"k-3099-electronic-paper-corner-machine\" srcset=\"https:\/\/kaglobal.com.tr\/wp-content\/uploads\/2023\/10\/k-3099-elektronik-kagit-kosebent-makinasi.png 779w, https:\/\/kaglobal.com.tr\/wp-content\/uploads\/2023\/10\/k-3099-elektronik-kagit-kosebent-makinasi-300x225.png 300w, https:\/\/kaglobal.com.tr\/wp-content\/uploads\/2023\/10\/k-3099-elektronik-kagit-kosebent-makinasi-768x575.png 768w\" sizes=\"auto, (max-width: 779px) 100vw, 779px\" \/><\/div>\n\t\t<\/figure>\n\t<\/div>\n<\/div><\/div><\/div><\/div><\/div><\/div><\/div><\/div><\/div><\/div><div class=\"container\" ><div class=\"vc_row wpb_row vc_row-fluid vc_custom_1640601945603\"><div class=\"wpb_column vc_column_container vc_col-sm-8\"><div class=\"vc_column-inner\"><div class=\"wpb_wrapper\">\n\t<div  class=\"wpb_single_image wpb_content_element vc_align_left\">\n\t\t\n\t\t<figure class=\"wpb_wrapper vc_figure\">\n\t\t\t<div class=\"vc_single_image-wrapper   vc_box_border_grey\"><img loading=\"lazy\" decoding=\"async\" width=\"2560\" height=\"1707\" src=\"https:\/\/kaglobal.com.tr\/wp-content\/uploads\/2025\/12\/3099-scaled.png\" class=\"vc_single_image-img attachment-full\" alt=\"\" title=\"3099\" srcset=\"https:\/\/kaglobal.com.tr\/wp-content\/uploads\/2025\/12\/3099-scaled.png 2560w, https:\/\/kaglobal.com.tr\/wp-content\/uploads\/2025\/12\/3099-300x200.png 300w, https:\/\/kaglobal.com.tr\/wp-content\/uploads\/2025\/12\/3099-1024x683.png 1024w, https:\/\/kaglobal.com.tr\/wp-content\/uploads\/2025\/12\/3099-768x512.png 768w, https:\/\/kaglobal.com.tr\/wp-content\/uploads\/2025\/12\/3099-1536x1024.png 1536w, https:\/\/kaglobal.com.tr\/wp-content\/uploads\/2025\/12\/3099-2048x1365.png 2048w\" sizes=\"auto, (max-width: 2560px) 100vw, 2560px\" \/><\/div>\n\t\t<\/figure>\n\t<\/div>\n<\/div><\/div><\/div><div class=\"wpb_column vc_column_container vc_col-sm-4\"><div class=\"vc_column-inner\"><div class=\"wpb_wrapper\">\n\t<div class=\"wpb_text_column wpb_content_element\" >\n\t\t<div class=\"wpb_wrapper\">\n\t\t\t<h2 class=\"black left\">Product Specifications<\/h2>\n\n\t\t<\/div>\n\t<\/div>\n\n\t<div class=\"wpb_raw_code wpb_content_element wpb_raw_html\" >\n\t\t<div class=\"wpb_wrapper\">\n\t\t\t<div class=\"porduct-des\">\n<ul>\n \t<li><strong>Category<\/strong>Paper Corner Protector Machine<\/li>\n \t<li><strong>Brand<\/strong>: KAMAK<\/li>\n \t<li><strong>Model<\/strong>: K - 3099<\/li>\n \t<li><strong>Bracket <\/strong>: 20x20 - 100x100 mm<\/li>\n \t<li><strong>Thickness<\/strong>: 6 mm<\/li>\n \t<li><strong>Production Speed<\/strong>80 meters\/minute<\/li>\n \t<li><strong>Cutting Length<\/strong>: 100-3000 mm<\/li>\n<\/ul>\n<\/div>\n\n\t\t<\/div>\n\t<\/div>\n<div class=\"vc_btn3-container vc_btn3-inline vc_custom_1655129028941\" ><a class=\"vc_general vc_btn3 vc_btn3-size-md vc_btn3-shape-rounded vc_btn3-style-modern vc_btn3-icon-left vc_btn3-color-warning\" href=\"#\" title=\"\"><i class=\"vc_btn3-icon fas fa-file-alt\"><\/i> TECHNICAL DOCUMENT<\/a><\/div><\/div><\/div><\/div><\/div><\/div><div class=\"container\" ><div class=\"vc_row wpb_row vc_row-fluid vc_custom_1640601718093\"><div class=\"wpb_column vc_column_container vc_col-sm-12\"><div class=\"vc_column-inner\"><div class=\"wpb_wrapper\">\n\t<div class=\"wpb_text_column wpb_content_element\" >\n\t\t<div class=\"wpb_wrapper\">\n\t\t\t<h2 class=\"black left\">Technical Specifications<\/h2>\n<p class=\"onalti\">The technical specifications table is below. Please contact us for more detailed information.<\/p>\n\n\t\t<\/div>\n\t<\/div>\n\n\t<div class=\"wpb_raw_code wpb_content_element wpb_raw_html\" >\n\t\t<div class=\"wpb_wrapper\">\n\t\t\t<table class=\"sem-table\">\n  <tbody>\n    <tr>\n      <th scope=\"row\">Corner Bracket Dimensions<\/th>\n      <td>20x20 mm - 100x100 mm<\/td>\n    <\/tr>\n    <tr>\n      <th scope=\"row\">Thickness<\/th>\n      <td>6 mm<\/td>\n    <\/tr>\n    <tr>\n      <th scope=\"row\">Production Speed<\/th>\n      <td>80 meters\/minute<\/td>\n    <\/tr>\n    <tr>\n      <th scope=\"row\">Total Engine Power<\/th>\n      <td>30 kW<\/td>\n    <\/tr>\n    <tr>\n      <th scope=\"row\">Cutting Length<\/th>\n      <td>100 - 3000 mm<\/td>\n    <\/tr>\n    <tr>\n      <th scope=\"row\">Air Pressure<\/th>\n      <td>6 Bar<\/td>\n    <\/tr>\n    <tr>\n      <th scope=\"row\">Cutting System<\/th>\n      <td>Electronics \/ Servo<\/td>\n    <\/tr>\n    <tr>\n      <th scope=\"row\">Speed Control<\/th>\n      <td>There is<\/td>\n    <\/tr>\n    <tr>\n      <th scope=\"row\">Blood Pressure Control<\/th>\n      <td>There is<\/td>\n    <\/tr>\n  <\/tbody>\n<\/table>\n\t\t<\/div>\n\t<\/div>\n<\/div><\/div><\/div><\/div><\/div><div class=\"container\" ><div class=\"vc_row wpb_row vc_row-fluid vc_custom_1640601725467\"><div class=\"wpb_column vc_column_container vc_col-sm-12\"><div class=\"vc_column-inner\"><div class=\"wpb_wrapper\">\n\t<div class=\"wpb_text_column wpb_content_element\" >\n\t\t<div class=\"wpb_wrapper\">\n\t\t\t<h2 class=\"black left\">Product Photos<\/h2>\n\n\t\t<\/div>\n\t<\/div>\n<div class=\"fullwidth\" ><div class=\"vc_row wpb_row vc_inner vc_row-fluid\"><div class=\"wpb_column vc_column_container vc_col-sm-6\"><div class=\"vc_column-inner\"><div class=\"wpb_wrapper\">\n\t<div  class=\"wpb_single_image wpb_content_element vc_align_left\">\n\t\t\n\t\t<figure class=\"wpb_wrapper vc_figure\">\n\t\t\t<a class=\"\" data-lightbox=\"lightbox[rel-1289-2654122919]\" href=\"https:\/\/kaglobal.com.tr\/wp-content\/uploads\/2023\/10\/k-3099-elektronik-kagit-kosebent-makinasi-02-1024x683.jpg\" target=\"_self\"><img loading=\"lazy\" decoding=\"async\" width=\"1500\" height=\"1000\" src=\"https:\/\/kaglobal.com.tr\/wp-content\/uploads\/2023\/10\/k-3099-elektronik-kagit-kosebent-makinasi-02.jpg\" class=\"vc_single_image-img attachment-full\" alt=\"\" title=\"k-3099-electronic-paper-corner-machine-02\" srcset=\"https:\/\/kaglobal.com.tr\/wp-content\/uploads\/2023\/10\/k-3099-elektronik-kagit-kosebent-makinasi-02.jpg 1500w, https:\/\/kaglobal.com.tr\/wp-content\/uploads\/2023\/10\/k-3099-elektronik-kagit-kosebent-makinasi-02-300x200.jpg 300w, https:\/\/kaglobal.com.tr\/wp-content\/uploads\/2023\/10\/k-3099-elektronik-kagit-kosebent-makinasi-02-1024x683.jpg 1024w, https:\/\/kaglobal.com.tr\/wp-content\/uploads\/2023\/10\/k-3099-elektronik-kagit-kosebent-makinasi-02-768x512.jpg 768w\" sizes=\"auto, (max-width: 1500px) 100vw, 1500px\" \/><\/a>\n\t\t<\/figure>\n\t<\/div>\n<\/div><\/div><\/div><div class=\"wpb_column vc_column_container vc_col-sm-6\"><div class=\"vc_column-inner\"><div class=\"wpb_wrapper\">\n\t<div  class=\"wpb_single_image wpb_content_element vc_align_left\">\n\t\t\n\t\t<figure class=\"wpb_wrapper vc_figure\">\n\t\t\t<a class=\"\" data-lightbox=\"lightbox[rel-1289-1808630975]\" href=\"https:\/\/kaglobal.com.tr\/wp-content\/uploads\/2023\/10\/k-3099-elektronik-kagit-kosebent-makinasi-03-1024x683.jpg\" target=\"_self\"><img loading=\"lazy\" decoding=\"async\" width=\"1500\" height=\"1000\" src=\"https:\/\/kaglobal.com.tr\/wp-content\/uploads\/2023\/10\/k-3099-elektronik-kagit-kosebent-makinasi-03.jpg\" class=\"vc_single_image-img attachment-full\" alt=\"\" title=\"k-3099-electronic-paper-corner-machine-03\" srcset=\"https:\/\/kaglobal.com.tr\/wp-content\/uploads\/2023\/10\/k-3099-elektronik-kagit-kosebent-makinasi-03.jpg 1500w, https:\/\/kaglobal.com.tr\/wp-content\/uploads\/2023\/10\/k-3099-elektronik-kagit-kosebent-makinasi-03-300x200.jpg 300w, https:\/\/kaglobal.com.tr\/wp-content\/uploads\/2023\/10\/k-3099-elektronik-kagit-kosebent-makinasi-03-1024x683.jpg 1024w, https:\/\/kaglobal.com.tr\/wp-content\/uploads\/2023\/10\/k-3099-elektronik-kagit-kosebent-makinasi-03-768x512.jpg 768w\" sizes=\"auto, (max-width: 1500px) 100vw, 1500px\" \/><\/a>\n\t\t<\/figure>\n\t<\/div>\n<\/div><\/div><\/div><\/div><\/div><\/div><\/div><\/div><\/div><\/div><div class=\"container\" ><div class=\"vc_row wpb_row vc_row-fluid vc_custom_1640601732694\"><div class=\"wpb_column vc_column_container vc_col-sm-12\"><div class=\"vc_column-inner\"><div class=\"wpb_wrapper\">\n\t<div class=\"wpb_text_column wpb_content_element\" >\n\t\t<div class=\"wpb_wrapper\">\n\t\t\t<h2 class=\"black left\">Product Videos<\/h2>\n\n\t\t<\/div>\n\t<\/div>\n<div class=\"fullwidth\" ><div class=\"vc_row wpb_row vc_inner vc_row-fluid\"><div class=\"wpb_column vc_column_container vc_col-sm-6\"><div class=\"vc_column-inner\"><div class=\"wpb_wrapper\">\n\t<div class=\"wpb_raw_code wpb_content_element wpb_raw_html\" >\n\t\t<div class=\"wpb_wrapper\">\n\t\t\t<video poster=\"https:\/\/kaglobal.com.tr\/wp-content\/uploads\/2021\/09\/video-kapak.jpg\" controls=\"1\" loop=\"1\" style=\"max-width:100%;\"><source type=\"video\/mp4\" src=\"https:\/\/kaglobal.com.tr\/video\/k3099.mp4\"> <\/video>\n\t\t<\/div>\n\t<\/div>\n<\/div><\/div><\/div><div class=\"wpb_column vc_column_container vc_col-sm-6\"><div class=\"vc_column-inner\"><div class=\"wpb_wrapper\"><\/div><\/div><\/div><\/div><\/div><\/div><\/div><\/div><\/div><\/div>\n<\/div>","protected":false},"excerpt":{"rendered":"KaGlobal \u00dcr\u00fcnler Elektronik Ka\u011f\u0131t K\u00f6\u015febent Makinesi K - 3099 \u00dcr\u00fcn \u00d6zellikler Kategori: Ka\u011f\u0131t K\u00f6\u015febent Makinesi Marka: KAMAK Model: K - 3099 K\u00f6\u015febent : 20x20 - 100x100 mm Kal\u0131nl\u0131k: 6 mm \u00dcretim H\u0131z\u0131: 80 metre\/dakika Kesim Boyu: 100-3000 mm TEKN\u0130K D\u00d6KUMAN Teknik \u00d6zellikler Teknik \u00f6zellik tablosu a\u015fa\u011f\u0131da yer almaktad\u0131r. Daha detayl\u0131 bilgi almak i\u00e7in bizimle ileti\u015fime [...]","protected":false},"author":1,"featured_media":0,"parent":1239,"menu_order":1,"comment_status":"closed","ping_status":"closed","template":"","meta":{"_joinchat":[],"footnotes":""},"class_list":["post-1289","page","type-page","status-publish","hentry"],"_links":{"self":[{"href":"https:\/\/kaglobal.com.tr\/en\/wp-json\/wp\/v2\/pages\/1289","targetHints":{"allow":["GET"]}}],"collection":[{"href":"https:\/\/kaglobal.com.tr\/en\/wp-json\/wp\/v2\/pages"}],"about":[{"href":"https:\/\/kaglobal.com.tr\/en\/wp-json\/wp\/v2\/types\/page"}],"author":[{"embeddable":true,"href":"https:\/\/kaglobal.com.tr\/en\/wp-json\/wp\/v2\/users\/1"}],"replies":[{"embeddable":true,"href":"https:\/\/kaglobal.com.tr\/en\/wp-json\/wp\/v2\/comments?post=1289"}],"version-history":[{"count":9,"href":"https:\/\/kaglobal.com.tr\/en\/wp-json\/wp\/v2\/pages\/1289\/revisions"}],"predecessor-version":[{"id":2491,"href":"https:\/\/kaglobal.com.tr\/en\/wp-json\/wp\/v2\/pages\/1289\/revisions\/2491"}],"up":[{"embeddable":true,"href":"https:\/\/kaglobal.com.tr\/en\/wp-json\/wp\/v2\/pages\/1239"}],"wp:attachment":[{"href":"https:\/\/kaglobal.com.tr\/en\/wp-json\/wp\/v2\/media?parent=1289"}],"curies":[{"name":"wp","href":"https:\/\/api.w.org\/{rel}","templated":true}]}}