{"id":1285,"date":"2023-10-04T18:09:53","date_gmt":"2023-10-04T15:09:53","guid":{"rendered":"https:\/\/kaglobal.com.tr\/?page_id=1285"},"modified":"2026-02-07T14:38:37","modified_gmt":"2026-02-07T11:38:37","slug":"k-415-tek-renkli-flesko-baski-makinesi","status":"publish","type":"page","link":"https:\/\/kaglobal.com.tr\/en\/urunler\/kagit-konfeksiyon-makineleri\/k-415-tek-renkli-flesko-baski-makinesi\/","title":{"rendered":"K-415 Monochrome Flexographic Printing Machine"},"content":{"rendered":"<div class=\"wpb-content-wrapper\"><div class=\"fullwidth\" ><div class=\"vc_row wpb_row vc_row-fluid vc_custom_1696825243543\"><div class=\"wpb_column vc_column_container vc_col-sm-12\"><div class=\"vc_column-inner\"><div class=\"wpb_wrapper\"><div class=\"container\" ><div class=\"vc_row wpb_row vc_inner vc_row-fluid vc_custom_1640603113396\"><div class=\"wpb_column vc_column_container vc_col-sm-6\"><div class=\"vc_column-inner\"><div class=\"wpb_wrapper\">\n\t<div class=\"wpb_text_column wpb_content_element  vc_custom_1770464315075 urun-header\" >\n\t\t<div class=\"wpb_wrapper\">\n\t\t\t<h5><span style=\"color: #ffffff;\">KaGlobal Products<\/span><\/h5>\n<h2><span style=\"color: #ffffff;\"><strong>Monochrome Flexographic Printing Machine<\/strong><\/span><\/h2>\n<h2><span style=\"color: #f07e22;\"><strong>K \u2013 415<\/strong><\/span><\/h2>\n\n\t\t<\/div>\n\t<\/div>\n<\/div><\/div><\/div><div class=\"wpb_column vc_column_container vc_col-sm-6\"><div class=\"vc_column-inner\"><div class=\"wpb_wrapper\">\n\t<div  class=\"wpb_single_image wpb_content_element vc_align_center\">\n\t\t\n\t\t<figure class=\"wpb_wrapper vc_figure\">\n\t\t\t<div class=\"vc_single_image-wrapper   vc_box_border_grey\"><img loading=\"lazy\" decoding=\"async\" width=\"779\" height=\"583\" src=\"https:\/\/kaglobal.com.tr\/wp-content\/uploads\/2023\/10\/Tek-Renkli-Flesko-Baski-Makinesi.png\" class=\"vc_single_image-img attachment-full\" alt=\"\" title=\"Monochromatic Flexo Printing Machine\" srcset=\"https:\/\/kaglobal.com.tr\/wp-content\/uploads\/2023\/10\/Tek-Renkli-Flesko-Baski-Makinesi.png 779w, https:\/\/kaglobal.com.tr\/wp-content\/uploads\/2023\/10\/Tek-Renkli-Flesko-Baski-Makinesi-300x225.png 300w, https:\/\/kaglobal.com.tr\/wp-content\/uploads\/2023\/10\/Tek-Renkli-Flesko-Baski-Makinesi-768x575.png 768w\" sizes=\"auto, (max-width: 779px) 100vw, 779px\" \/><\/div>\n\t\t<\/figure>\n\t<\/div>\n<\/div><\/div><\/div><\/div><\/div><\/div><\/div><\/div><\/div><\/div><div class=\"container\" ><div class=\"vc_row wpb_row vc_row-fluid vc_custom_1640601945603\"><div class=\"wpb_column vc_column_container vc_col-sm-8\"><div class=\"vc_column-inner\"><div class=\"wpb_wrapper\">\n\t<div  class=\"wpb_single_image wpb_content_element vc_align_left\">\n\t\t\n\t\t<figure class=\"wpb_wrapper vc_figure\">\n\t\t\t<div class=\"vc_single_image-wrapper   vc_box_border_grey\"><img loading=\"lazy\" decoding=\"async\" width=\"2560\" height=\"1707\" src=\"https:\/\/kaglobal.com.tr\/wp-content\/uploads\/2025\/12\/415-scaled.png\" class=\"vc_single_image-img attachment-full\" alt=\"\" title=\"415\" srcset=\"https:\/\/kaglobal.com.tr\/wp-content\/uploads\/2025\/12\/415-scaled.png 2560w, https:\/\/kaglobal.com.tr\/wp-content\/uploads\/2025\/12\/415-300x200.png 300w, https:\/\/kaglobal.com.tr\/wp-content\/uploads\/2025\/12\/415-1024x683.png 1024w, https:\/\/kaglobal.com.tr\/wp-content\/uploads\/2025\/12\/415-768x512.png 768w, https:\/\/kaglobal.com.tr\/wp-content\/uploads\/2025\/12\/415-1536x1024.png 1536w, https:\/\/kaglobal.com.tr\/wp-content\/uploads\/2025\/12\/415-2048x1365.png 2048w\" sizes=\"auto, (max-width: 2560px) 100vw, 2560px\" \/><\/div>\n\t\t<\/figure>\n\t<\/div>\n<\/div><\/div><\/div><div class=\"wpb_column vc_column_container vc_col-sm-4\"><div class=\"vc_column-inner\"><div class=\"wpb_wrapper\">\n\t<div class=\"wpb_text_column wpb_content_element\" >\n\t\t<div class=\"wpb_wrapper\">\n\t\t\t<h2 class=\"black left\">Product Specifications<\/h2>\n\n\t\t<\/div>\n\t<\/div>\n\n\t<div class=\"wpb_raw_code wpb_content_element wpb_raw_html\" >\n\t\t<div class=\"wpb_wrapper\">\n\t\t\t<div class=\"porduct-des\">\n<ul>\n \t<li><strong>Category<\/strong>Flexographic Printing Machine<\/li>\n \t<li><strong>Brand<\/strong>: KAMAK<\/li>\n \t<li><strong>Model<\/strong>: K - 415<\/li>\n \t<li><strong>Diameter<\/strong>: <\/li>\n \t<li><strong>Size<\/strong>: <\/li>\n<\/ul>\n<\/div>\n\t\t<\/div>\n\t<\/div>\n<div class=\"vc_btn3-container vc_btn3-inline vc_custom_1655129028941\" ><a class=\"vc_general vc_btn3 vc_btn3-size-md vc_btn3-shape-rounded vc_btn3-style-modern vc_btn3-icon-left vc_btn3-color-warning\" href=\"#\" title=\"\"><i class=\"vc_btn3-icon fas fa-file-alt\"><\/i> TECHNICAL DOCUMENT<\/a><\/div><\/div><\/div><\/div><\/div><\/div><div class=\"container\" ><div class=\"vc_row wpb_row vc_row-fluid vc_custom_1640601718093\"><div class=\"wpb_column vc_column_container vc_col-sm-12\"><div class=\"vc_column-inner\"><div class=\"wpb_wrapper\">\n\t<div class=\"wpb_text_column wpb_content_element\" >\n\t\t<div class=\"wpb_wrapper\">\n\t\t\t<h2 class=\"black left\">Technical Specifications<\/h2>\n<p class=\"onalti\">The technical specifications table is below. Please contact us for more detailed information.<\/p>\n\n\t\t<\/div>\n\t<\/div>\n\n\t<div class=\"wpb_raw_code wpb_content_element wpb_raw_html\" >\n\t\t<div class=\"wpb_wrapper\">\n\t\t\t<table class=\"sem-table\">\n  <tbody>\n    <tr>\n      <th scope=\"row\">Machine Width<\/th>\n      <td><\/td>\n      <td><\/td>\n      <td><\/td>\n      <td><\/td>\n    <\/tr>\n    <tr>\n      <th scope=\"row\">Engine Power<\/th>\n      <td><\/td>\n      <td><\/td>\n      <td><\/td>\n      <td><\/td>\n    <\/tr>\n    <tr>\n      <th scope=\"row\">Number of Knives<\/th>\n      <td><\/td>\n      <td><\/td>\n      <td><\/td>\n      <td><\/td>\n    <\/tr>\n    <tr>\n      <th scope=\"row\">Cutting Speed<\/th>\n      <td><\/td>\n      <td><\/td>\n      <td><\/td>\n      <td><\/td>\n    <\/tr>\n    <tr>\n      <th scope=\"row\">Winding Diameter<\/th>\n      <td><\/td>\n      <td><\/td>\n      <td><\/td>\n      <td><\/td>\n    <\/tr>\n    <tr>\n      <th scope=\"row\">Paper Grammage Range<\/th>\n      <td><\/td>\n      <td><\/td>\n      <td><\/td>\n      <td><\/td>\n    <\/tr>\n    <tr>\n      <th scope=\"row\">Minimum Slicing Width<\/th>\n      <td><\/td>\n      <td><\/td>\n      <td><\/td>\n      <td><\/td>\n    <\/tr>\n    <tr>\n      <th scope=\"row\">Main Coil Diameter<\/th>\n      <td><\/td>\n      <td><\/td>\n      <td><\/td>\n      <td><\/td>\n    <\/tr>\n    <tr>\n      <th scope=\"row\">Coil Loading System <\/th>\n      <td><\/td>\n      <td><\/td>\n      <td><\/td>\n      <td><\/td>\n    <\/tr>\n    <tr>\n      <th scope=\"row\">Speed Control<\/th>\n      <td><\/td>\n      <td><\/td>\n      <td><\/td>\n      <td><\/td>\n    <\/tr>\n    <tr>\n      <th scope=\"row\">Brake<\/th>\n      <td><\/td>\n      <td><\/td>\n      <td><\/td>\n      <td><\/td>\n    <\/tr>\n    <tr>\n      <th scope=\"row\">Air Pressure<\/th>\n      <td><\/td>\n      <td><\/td>\n      <td><\/td>\n      <td><\/td>\n    <\/tr>\n    <tr>\n      <th scope=\"row\">Winding Mills<\/th>\n      <td><\/td>\n      <td><\/td>\n      <td><\/td>\n      <td><\/td>\n    <\/tr>\n    <tr>\n      <th scope=\"row\">Capacity<\/th>\n      <td><\/td>\n      <td><\/td>\n      <td><\/td>\n      <td><\/td>\n    <\/tr>\n  <\/tbody>\n<\/table>\n\t\t<\/div>\n\t<\/div>\n<\/div><\/div><\/div><\/div><\/div><div class=\"container\" ><div class=\"vc_row wpb_row vc_row-fluid vc_custom_1640601725467\"><div class=\"wpb_column vc_column_container vc_col-sm-12\"><div class=\"vc_column-inner\"><div class=\"wpb_wrapper\">\n\t<div class=\"wpb_text_column wpb_content_element\" >\n\t\t<div class=\"wpb_wrapper\">\n\t\t\t<h2 class=\"black left\">Product Photos<\/h2>\n\n\t\t<\/div>\n\t<\/div>\n<div class=\"fullwidth\" ><div class=\"vc_row wpb_row vc_inner vc_row-fluid\"><div class=\"wpb_column vc_column_container vc_col-sm-6\"><div class=\"vc_column-inner\"><div class=\"wpb_wrapper\">\n\t<div  class=\"wpb_single_image wpb_content_element vc_align_left\">\n\t\t\n\t\t<figure class=\"wpb_wrapper vc_figure\">\n\t\t\t<a class=\"\" data-lightbox=\"lightbox[rel-1285-3289774255]\" href=\"https:\/\/kaglobal.com.tr\/wp-content\/uploads\/2023\/10\/k-415-Tek-Renkli-Flesko-02-1024x683.jpg\" target=\"_self\"><img loading=\"lazy\" decoding=\"async\" width=\"1500\" height=\"1000\" src=\"https:\/\/kaglobal.com.tr\/wp-content\/uploads\/2023\/10\/k-415-Tek-Renkli-Flesko-02.jpg\" class=\"vc_single_image-img attachment-full\" alt=\"\" title=\"k-415-Single-Color-Flesco-02\" srcset=\"https:\/\/kaglobal.com.tr\/wp-content\/uploads\/2023\/10\/k-415-Tek-Renkli-Flesko-02.jpg 1500w, https:\/\/kaglobal.com.tr\/wp-content\/uploads\/2023\/10\/k-415-Tek-Renkli-Flesko-02-300x200.jpg 300w, https:\/\/kaglobal.com.tr\/wp-content\/uploads\/2023\/10\/k-415-Tek-Renkli-Flesko-02-1024x683.jpg 1024w, https:\/\/kaglobal.com.tr\/wp-content\/uploads\/2023\/10\/k-415-Tek-Renkli-Flesko-02-768x512.jpg 768w\" sizes=\"auto, (max-width: 1500px) 100vw, 1500px\" \/><\/a>\n\t\t<\/figure>\n\t<\/div>\n<\/div><\/div><\/div><div class=\"wpb_column vc_column_container vc_col-sm-6\"><div class=\"vc_column-inner\"><div class=\"wpb_wrapper\"><\/div><\/div><\/div><\/div><\/div><\/div><\/div><\/div><\/div><\/div><div class=\"container\" ><div class=\"vc_row wpb_row vc_row-fluid vc_custom_1640601732694\"><div class=\"wpb_column vc_column_container vc_col-sm-12\"><div class=\"vc_column-inner\"><div class=\"wpb_wrapper\">\n\t<div class=\"wpb_text_column wpb_content_element\" >\n\t\t<div class=\"wpb_wrapper\">\n\t\t\t<h2 class=\"black left\">Product Videos<\/h2>\n\n\t\t<\/div>\n\t<\/div>\n<div class=\"fullwidth\" ><div class=\"vc_row wpb_row vc_inner vc_row-fluid\"><div class=\"wpb_column vc_column_container vc_col-sm-6\"><div class=\"vc_column-inner\"><div class=\"wpb_wrapper\"><\/div><\/div><\/div><div class=\"wpb_column vc_column_container vc_col-sm-6\"><div class=\"vc_column-inner\"><div class=\"wpb_wrapper\"><\/div><\/div><\/div><\/div><\/div><\/div><\/div><\/div><\/div><\/div>\n<\/div>","protected":false},"excerpt":{"rendered":"KaGlobal \u00dcr\u00fcnler Tek Renkli Flesko Bask\u0131 Makinesi K - 415 \u00dcr\u00fcn \u00d6zellikler Kategori: Flesko Bask\u0131 Makinesi Marka: KAMAK Model: K - 415 \u00c7ap: Boy: TEKN\u0130K D\u00d6KUMAN Teknik \u00d6zellikler Teknik \u00f6zellik tablosu a\u015fa\u011f\u0131da yer almaktad\u0131r. Daha detayl\u0131 bilgi almak i\u00e7in bizimle ileti\u015fime ge\u00e7iniz. Makine Eni Motor G\u00fcc\u00fc B\u0131\u00e7ak Say\u0131s\u0131 Kesim H\u0131z\u0131 Sar\u0131m \u00c7ap\u0131 Ka\u011f\u0131t Gramaj Aral\u0131\u011f\u0131 [...]","protected":false},"author":1,"featured_media":0,"parent":1237,"menu_order":9,"comment_status":"closed","ping_status":"closed","template":"","meta":{"_joinchat":[],"footnotes":""},"class_list":["post-1285","page","type-page","status-publish","hentry"],"_links":{"self":[{"href":"https:\/\/kaglobal.com.tr\/en\/wp-json\/wp\/v2\/pages\/1285","targetHints":{"allow":["GET"]}}],"collection":[{"href":"https:\/\/kaglobal.com.tr\/en\/wp-json\/wp\/v2\/pages"}],"about":[{"href":"https:\/\/kaglobal.com.tr\/en\/wp-json\/wp\/v2\/types\/page"}],"author":[{"embeddable":true,"href":"https:\/\/kaglobal.com.tr\/en\/wp-json\/wp\/v2\/users\/1"}],"replies":[{"embeddable":true,"href":"https:\/\/kaglobal.com.tr\/en\/wp-json\/wp\/v2\/comments?post=1285"}],"version-history":[{"count":5,"href":"https:\/\/kaglobal.com.tr\/en\/wp-json\/wp\/v2\/pages\/1285\/revisions"}],"predecessor-version":[{"id":2489,"href":"https:\/\/kaglobal.com.tr\/en\/wp-json\/wp\/v2\/pages\/1285\/revisions\/2489"}],"up":[{"embeddable":true,"href":"https:\/\/kaglobal.com.tr\/en\/wp-json\/wp\/v2\/pages\/1237"}],"wp:attachment":[{"href":"https:\/\/kaglobal.com.tr\/en\/wp-json\/wp\/v2\/media?parent=1285"}],"curies":[{"name":"wp","href":"https:\/\/api.w.org\/{rel}","templated":true}]}}