{"id":1265,"date":"2023-10-04T17:06:01","date_gmt":"2023-10-04T14:06:01","guid":{"rendered":"https:\/\/kaglobal.com.tr\/?page_id=1265"},"modified":"2026-02-07T14:30:37","modified_gmt":"2026-02-07T11:30:37","slug":"k-3000-30-katli-cok-bicakli-mihver-boru-makinesi","status":"publish","type":"page","link":"https:\/\/kaglobal.com.tr\/en\/urunler\/kagit-mihver-boru-makinesi\/k-3000-30-katli-cok-bicakli-mihver-boru-makinesi\/","title":{"rendered":"K-3000 30-Layer Multi-Blade Axis Pipe Machine"},"content":{"rendered":"<div class=\"wpb-content-wrapper\"><div class=\"fullwidth\" ><div class=\"vc_row wpb_row vc_row-fluid vc_custom_1696813479939\"><div class=\"wpb_column vc_column_container vc_col-sm-12\"><div class=\"vc_column-inner\"><div class=\"wpb_wrapper\"><div class=\"container\" ><div class=\"vc_row wpb_row vc_inner vc_row-fluid vc_custom_1640603113396\"><div class=\"wpb_column vc_column_container vc_col-sm-6\"><div class=\"vc_column-inner\"><div class=\"wpb_wrapper\">\n\t<div class=\"wpb_text_column wpb_content_element  vc_custom_1770463833514 urun-header\" >\n\t\t<div class=\"wpb_wrapper\">\n\t\t\t<h5><span style=\"color: #ffffff;\">KaGlobal Products<\/span><\/h5>\n<h2><span style=\"color: #ffffff;\"><strong>30-Layer Multi-Blade Axis Pipe Machine<\/strong><\/span><\/h2>\n<h2><span style=\"color: #f07e22;\"><strong>K \u2013 3000<\/strong><\/span><\/h2>\n\n\t\t<\/div>\n\t<\/div>\n<\/div><\/div><\/div><div class=\"wpb_column vc_column_container vc_col-sm-6\"><div class=\"vc_column-inner\"><div class=\"wpb_wrapper\">\n\t<div  class=\"wpb_single_image wpb_content_element vc_align_center\">\n\t\t\n\t\t<figure class=\"wpb_wrapper vc_figure\">\n\t\t\t<div class=\"vc_single_image-wrapper   vc_box_border_grey\"><img loading=\"lazy\" decoding=\"async\" width=\"779\" height=\"583\" src=\"https:\/\/kaglobal.com.tr\/wp-content\/uploads\/2023\/10\/30-Katli-Jumbo-Mihver-Bor.png\" class=\"vc_single_image-img attachment-full\" alt=\"\" title=\"30-Story Jumbo Axis Bor\" srcset=\"https:\/\/kaglobal.com.tr\/wp-content\/uploads\/2023\/10\/30-Katli-Jumbo-Mihver-Bor.png 779w, https:\/\/kaglobal.com.tr\/wp-content\/uploads\/2023\/10\/30-Katli-Jumbo-Mihver-Bor-300x225.png 300w, https:\/\/kaglobal.com.tr\/wp-content\/uploads\/2023\/10\/30-Katli-Jumbo-Mihver-Bor-768x575.png 768w\" sizes=\"auto, (max-width: 779px) 100vw, 779px\" \/><\/div>\n\t\t<\/figure>\n\t<\/div>\n<\/div><\/div><\/div><\/div><\/div><\/div><\/div><\/div><\/div><\/div><div class=\"container\" ><div class=\"vc_row wpb_row vc_row-fluid vc_custom_1640601945603\"><div class=\"wpb_column vc_column_container vc_col-sm-8\"><div class=\"vc_column-inner\"><div class=\"wpb_wrapper\">\n\t<div  class=\"wpb_single_image wpb_content_element vc_align_left\">\n\t\t\n\t\t<figure class=\"wpb_wrapper vc_figure\">\n\t\t\t<div class=\"vc_single_image-wrapper   vc_box_border_grey\"><img loading=\"lazy\" decoding=\"async\" width=\"768\" height=\"512\" src=\"https:\/\/kaglobal.com.tr\/wp-content\/uploads\/2025\/12\/K-3000.png\" class=\"vc_single_image-img attachment-full\" alt=\"\" title=\"K-3000\" srcset=\"https:\/\/kaglobal.com.tr\/wp-content\/uploads\/2025\/12\/K-3000.png 768w, https:\/\/kaglobal.com.tr\/wp-content\/uploads\/2025\/12\/K-3000-300x200.png 300w\" sizes=\"auto, (max-width: 768px) 100vw, 768px\" \/><\/div>\n\t\t<\/figure>\n\t<\/div>\n<\/div><\/div><\/div><div class=\"wpb_column vc_column_container vc_col-sm-4\"><div class=\"vc_column-inner\"><div class=\"wpb_wrapper\">\n\t<div class=\"wpb_text_column wpb_content_element\" >\n\t\t<div class=\"wpb_wrapper\">\n\t\t\t<h2 class=\"black left\">Product Specifications<\/h2>\n\n\t\t<\/div>\n\t<\/div>\n\n\t<div class=\"wpb_raw_code wpb_content_element wpb_raw_html\" >\n\t\t<div class=\"wpb_wrapper\">\n\t\t\t<div class=\"porduct-des\">\n<ul>\n \t<li><strong>Category<\/strong>Jumbo Axis Pipe<\/li>\n \t<li><strong>Brand<\/strong>: KAMAK<\/li>\n \t<li><strong>Model<\/strong>: K - 3000<\/li>\n \t<li><strong>Inner Diameter<\/strong>: 200-700 mm<\/li>\n \t<li><strong>Production Boat<\/strong>: 1000-3000 mm<\/li>\n \t<li><strong>Engine Power<\/strong>: 30 kW<\/li>\n \t<li><strong>Number of Knives<\/strong>: 2 Pieces<\/li>\n<\/ul>\n<\/div>\n\t\t<\/div>\n\t<\/div>\n<div class=\"vc_btn3-container vc_btn3-inline vc_custom_1655129028941\" ><a class=\"vc_general vc_btn3 vc_btn3-size-md vc_btn3-shape-rounded vc_btn3-style-modern vc_btn3-icon-left vc_btn3-color-warning\" href=\"#\" title=\"\"><i class=\"vc_btn3-icon fas fa-file-alt\"><\/i> TECHNICAL DOCUMENT<\/a><\/div><\/div><\/div><\/div><\/div><\/div><div class=\"container\" ><div class=\"vc_row wpb_row vc_row-fluid vc_custom_1640601718093\"><div class=\"wpb_column vc_column_container vc_col-sm-12\"><div class=\"vc_column-inner\"><div class=\"wpb_wrapper\">\n\t<div class=\"wpb_text_column wpb_content_element\" >\n\t\t<div class=\"wpb_wrapper\">\n\t\t\t<h2 class=\"black left\">Technical Specifications<\/h2>\n<p class=\"onalti\">The technical specifications table is below. Please contact us for more detailed information.<\/p>\n\n\t\t<\/div>\n\t<\/div>\n\n\t<div class=\"wpb_raw_code wpb_content_element wpb_raw_html\" >\n\t\t<div class=\"wpb_wrapper\">\n\t\t\t<table class=\"sem-table\">\n  <tbody>\n    <tr>\n      <th scope=\"row\">Machine Type<\/th>\n      <td>K-3000<\/td>\n    <\/tr>\n    <tr>\n      <th scope=\"row\">Production<\/th>\n      <td>30 Floors<\/td>\n    <\/tr>\n    <tr>\n      <th scope=\"row\">Inner Diameter<\/th>\n      <td>40-180 mm<\/td>\n    <\/tr>\n    <tr>\n      <th scope=\"row\">Production Size<\/th>\n      <td>150-3000 mm<\/td>\n    <\/tr>\n    <tr>\n      <th scope=\"row\">Total Engine Power<\/th>\n      <td>30 kW<\/td>\n    <\/tr>\n    <tr>\n      <th scope=\"row\">Number of Knives<\/th>\n      <td>6 Pieces<\/td>\n    <\/tr>\n    <tr>\n      <th scope=\"row\">Air Pressure<\/th>\n      <td>6 Bar<\/td>\n    <tr>\n      <th scope=\"row\">Wall Thickness<\/th>\n      <td>3-16 mm<\/td>\n    <\/tr>\n    <tr>\n      <th scope=\"row\">Production Speed<\/th>\n\t  \n      <td>\u03a676mm 25 Meters\/Minute<\/td>\n    <\/tr>\n    <tr>\n      <th scope=\"row\">Speed Control<\/th>\n      <td>Electronic<\/td>\n    <\/tr>\n  <\/tbody>\n<\/table>\n\t\t<\/div>\n\t<\/div>\n<\/div><\/div><\/div><\/div><\/div><div class=\"container\" ><div class=\"vc_row wpb_row vc_row-fluid vc_custom_1640601725467\"><div class=\"wpb_column vc_column_container vc_col-sm-12\"><div class=\"vc_column-inner\"><div class=\"wpb_wrapper\">\n\t<div class=\"wpb_text_column wpb_content_element\" >\n\t\t<div class=\"wpb_wrapper\">\n\t\t\t<h2 class=\"black left\">Product Photos<\/h2>\n\n\t\t<\/div>\n\t<\/div>\n<div class=\"fullwidth\" ><div class=\"vc_row wpb_row vc_inner vc_row-fluid vc_custom_1696813933314\"><div class=\"wpb_column vc_column_container vc_col-sm-6\"><div class=\"vc_column-inner\"><div class=\"wpb_wrapper\">\n\t<div  class=\"wpb_single_image wpb_content_element vc_align_left\">\n\t\t\n\t\t<figure class=\"wpb_wrapper vc_figure\">\n\t\t\t<a class=\"\" data-lightbox=\"lightbox[rel-1265-4278080723]\" href=\"https:\/\/kaglobal.com.tr\/wp-content\/uploads\/2023\/10\/K-3000-jumbo-mihver-boru-03-1024x682.jpg\" target=\"_self\"><img loading=\"lazy\" decoding=\"async\" width=\"1500\" height=\"999\" src=\"https:\/\/kaglobal.com.tr\/wp-content\/uploads\/2023\/10\/K-3000-jumbo-mihver-boru-03.jpg\" class=\"vc_single_image-img attachment-full\" alt=\"\" title=\"K-3000-jumbo-axis-tube-03\" srcset=\"https:\/\/kaglobal.com.tr\/wp-content\/uploads\/2023\/10\/K-3000-jumbo-mihver-boru-03.jpg 1500w, https:\/\/kaglobal.com.tr\/wp-content\/uploads\/2023\/10\/K-3000-jumbo-mihver-boru-03-300x200.jpg 300w, https:\/\/kaglobal.com.tr\/wp-content\/uploads\/2023\/10\/K-3000-jumbo-mihver-boru-03-1024x682.jpg 1024w, https:\/\/kaglobal.com.tr\/wp-content\/uploads\/2023\/10\/K-3000-jumbo-mihver-boru-03-768x511.jpg 768w\" sizes=\"auto, (max-width: 1500px) 100vw, 1500px\" \/><\/a>\n\t\t<\/figure>\n\t<\/div>\n<\/div><\/div><\/div><div class=\"wpb_column vc_column_container vc_col-sm-6\"><div class=\"vc_column-inner\"><div class=\"wpb_wrapper\">\n\t<div  class=\"wpb_single_image wpb_content_element vc_align_left\">\n\t\t\n\t\t<figure class=\"wpb_wrapper vc_figure\">\n\t\t\t<a class=\"\" data-lightbox=\"lightbox[rel-1265-2950607517]\" href=\"https:\/\/kaglobal.com.tr\/wp-content\/uploads\/2023\/10\/K-3000-jumbo-mihver-boru-04-1024x682.jpg\" target=\"_self\"><img loading=\"lazy\" decoding=\"async\" width=\"1600\" height=\"1066\" src=\"https:\/\/kaglobal.com.tr\/wp-content\/uploads\/2023\/10\/K-3000-jumbo-mihver-boru-04.jpg\" class=\"vc_single_image-img attachment-full\" alt=\"\" title=\"K-3000-jumbo-axis-tube-04\" srcset=\"https:\/\/kaglobal.com.tr\/wp-content\/uploads\/2023\/10\/K-3000-jumbo-mihver-boru-04.jpg 1600w, https:\/\/kaglobal.com.tr\/wp-content\/uploads\/2023\/10\/K-3000-jumbo-mihver-boru-04-300x200.jpg 300w, https:\/\/kaglobal.com.tr\/wp-content\/uploads\/2023\/10\/K-3000-jumbo-mihver-boru-04-1024x682.jpg 1024w, https:\/\/kaglobal.com.tr\/wp-content\/uploads\/2023\/10\/K-3000-jumbo-mihver-boru-04-768x512.jpg 768w, https:\/\/kaglobal.com.tr\/wp-content\/uploads\/2023\/10\/K-3000-jumbo-mihver-boru-04-1536x1023.jpg 1536w\" sizes=\"auto, (max-width: 1600px) 100vw, 1600px\" \/><\/a>\n\t\t<\/figure>\n\t<\/div>\n<\/div><\/div><\/div><\/div><\/div><div class=\"fullwidth\" ><div class=\"vc_row wpb_row vc_inner vc_row-fluid\"><div class=\"wpb_column vc_column_container vc_col-sm-12\"><div class=\"vc_column-inner\"><div class=\"wpb_wrapper\">\n\t<div  class=\"wpb_single_image wpb_content_element vc_align_left\">\n\t\t\n\t\t<figure class=\"wpb_wrapper vc_figure\">\n\t\t\t<a class=\"\" data-lightbox=\"lightbox[rel-1265-3730489745]\" href=\"https:\/\/kaglobal.com.tr\/wp-content\/uploads\/2023\/10\/K-3000-jumbo-mihver-boru-02-1024x289.jpg\" target=\"_self\"><img loading=\"lazy\" decoding=\"async\" width=\"2560\" height=\"723\" src=\"https:\/\/kaglobal.com.tr\/wp-content\/uploads\/2023\/10\/K-3000-jumbo-mihver-boru-02-scaled.jpg\" class=\"vc_single_image-img attachment-full\" alt=\"\" title=\"K-3000-jumbo-axis-tube-02\" srcset=\"https:\/\/kaglobal.com.tr\/wp-content\/uploads\/2023\/10\/K-3000-jumbo-mihver-boru-02-scaled.jpg 2560w, https:\/\/kaglobal.com.tr\/wp-content\/uploads\/2023\/10\/K-3000-jumbo-mihver-boru-02-300x85.jpg 300w, https:\/\/kaglobal.com.tr\/wp-content\/uploads\/2023\/10\/K-3000-jumbo-mihver-boru-02-1024x289.jpg 1024w, https:\/\/kaglobal.com.tr\/wp-content\/uploads\/2023\/10\/K-3000-jumbo-mihver-boru-02-768x217.jpg 768w, https:\/\/kaglobal.com.tr\/wp-content\/uploads\/2023\/10\/K-3000-jumbo-mihver-boru-02-1536x434.jpg 1536w, https:\/\/kaglobal.com.tr\/wp-content\/uploads\/2023\/10\/K-3000-jumbo-mihver-boru-02-2048x578.jpg 2048w\" sizes=\"auto, (max-width: 2560px) 100vw, 2560px\" \/><\/a>\n\t\t<\/figure>\n\t<\/div>\n<\/div><\/div><\/div><\/div><\/div><\/div><\/div><\/div><\/div><\/div><div class=\"container\" ><div class=\"vc_row wpb_row vc_row-fluid vc_custom_1640601732694\"><div class=\"wpb_column vc_column_container vc_col-sm-12\"><div class=\"vc_column-inner\"><div class=\"wpb_wrapper\">\n\t<div class=\"wpb_text_column wpb_content_element\" >\n\t\t<div class=\"wpb_wrapper\">\n\t\t\t<h2 class=\"black left\">Product Videos<\/h2>\n\n\t\t<\/div>\n\t<\/div>\n<div class=\"fullwidth\" ><div class=\"vc_row wpb_row vc_inner vc_row-fluid\"><div class=\"wpb_column vc_column_container vc_col-sm-6\"><div class=\"vc_column-inner\"><div class=\"wpb_wrapper\">\n\t<div class=\"wpb_raw_code wpb_content_element wpb_raw_html\" >\n\t\t<div class=\"wpb_wrapper\">\n\t\t\t<video poster=\"https:\/\/kaglobal.com.tr\/wp-content\/uploads\/2023\/10\/K-3000-jumbo-mihver-boru-video.jpg\" controls=\"1\" loop=\"1\" style=\"max-width:100%;\"><source type=\"video\/mp4\" src=\"https:\/\/kaglobal.com.tr\/video\/k-3000.mp4\"><\/video>\n\t\t<\/div>\n\t<\/div>\n<\/div><\/div><\/div><div class=\"wpb_column vc_column_container vc_col-sm-6\"><div class=\"vc_column-inner\"><div class=\"wpb_wrapper\"><\/div><\/div><\/div><\/div><\/div><\/div><\/div><\/div><\/div><\/div>\n<\/div>","protected":false},"excerpt":{"rendered":"KaGlobal \u00dcr\u00fcnler 30 Katl\u0131 \u00c7ok B\u0131\u00e7akl\u0131 Mihver Boru Makinesi K - 3000 \u00dcr\u00fcn \u00d6zellikler Kategori: Jumbo Mihver Boru Marka: KAMAK Model: K - 3000 \u0130\u00e7 \u00c7ap\u0131: 200-700 mm \u00dcretim Botu: 1000-3000 mm Motor G\u00fcc\u00fc: 30 kW B\u0131\u00e7ak Say\u0131s\u0131: 2 Adet TEKN\u0130K D\u00d6KUMAN Teknik \u00d6zellikler Teknik \u00f6zellik tablosu a\u015fa\u011f\u0131da yer almaktad\u0131r. Daha detayl\u0131 bilgi almak i\u00e7in [...]","protected":false},"author":1,"featured_media":0,"parent":1235,"menu_order":10,"comment_status":"closed","ping_status":"closed","template":"","meta":{"_joinchat":[],"footnotes":""},"class_list":["post-1265","page","type-page","status-publish","hentry"],"_links":{"self":[{"href":"https:\/\/kaglobal.com.tr\/en\/wp-json\/wp\/v2\/pages\/1265","targetHints":{"allow":["GET"]}}],"collection":[{"href":"https:\/\/kaglobal.com.tr\/en\/wp-json\/wp\/v2\/pages"}],"about":[{"href":"https:\/\/kaglobal.com.tr\/en\/wp-json\/wp\/v2\/types\/page"}],"author":[{"embeddable":true,"href":"https:\/\/kaglobal.com.tr\/en\/wp-json\/wp\/v2\/users\/1"}],"replies":[{"embeddable":true,"href":"https:\/\/kaglobal.com.tr\/en\/wp-json\/wp\/v2\/comments?post=1265"}],"version-history":[{"count":9,"href":"https:\/\/kaglobal.com.tr\/en\/wp-json\/wp\/v2\/pages\/1265\/revisions"}],"predecessor-version":[{"id":2479,"href":"https:\/\/kaglobal.com.tr\/en\/wp-json\/wp\/v2\/pages\/1265\/revisions\/2479"}],"up":[{"embeddable":true,"href":"https:\/\/kaglobal.com.tr\/en\/wp-json\/wp\/v2\/pages\/1235"}],"wp:attachment":[{"href":"https:\/\/kaglobal.com.tr\/en\/wp-json\/wp\/v2\/media?parent=1265"}],"curies":[{"name":"wp","href":"https:\/\/api.w.org\/{rel}","templated":true}]}}