{"id":1251,"date":"2023-10-04T16:57:25","date_gmt":"2023-10-04T13:57:25","guid":{"rendered":"https:\/\/kaglobal.com.tr\/?page_id=1251"},"modified":"2026-02-07T14:09:23","modified_gmt":"2026-02-07T11:09:23","slug":"k-650-cok-bicakli-masura-makinesi","status":"publish","type":"page","link":"https:\/\/kaglobal.com.tr\/en\/urunler\/kagit-mihver-boru-makinesi\/k-650-cok-bicakli-masura-makinesi\/","title":{"rendered":"K-650 Multi-Blade Bobbin Machine"},"content":{"rendered":"<div class=\"wpb-content-wrapper\"><div class=\"fullwidth\" ><div class=\"vc_row wpb_row vc_row-fluid vc_custom_1696782699860\"><div class=\"wpb_column vc_column_container vc_col-sm-12\"><div class=\"vc_column-inner\"><div class=\"wpb_wrapper\"><div class=\"container\" ><div class=\"vc_row wpb_row vc_inner vc_row-fluid vc_custom_1640603113396\"><div class=\"wpb_column vc_column_container vc_col-sm-6\"><div class=\"vc_column-inner\"><div class=\"wpb_wrapper\">\n\t<div class=\"wpb_text_column wpb_content_element  vc_custom_1770462561886 urun-header\" >\n\t\t<div class=\"wpb_wrapper\">\n\t\t\t<h5><span style=\"color: #ffffff;\">KaGlobal Products<\/span><\/h5>\n<h2><span style=\"color: #ffffff;\"><strong>Multi-Blade Bobbin Machine<\/strong><\/span><\/h2>\n<h2><span style=\"color: #f07e22;\"><strong>K \u2013 650<\/strong><\/span><\/h2>\n\n\t\t<\/div>\n\t<\/div>\n<\/div><\/div><\/div><div class=\"wpb_column vc_column_container vc_col-sm-6\"><div class=\"vc_column-inner\"><div class=\"wpb_wrapper\">\n\t<div  class=\"wpb_single_image wpb_content_element vc_align_center\">\n\t\t\n\t\t<figure class=\"wpb_wrapper vc_figure\">\n\t\t\t<div class=\"vc_single_image-wrapper   vc_box_border_grey\"><img loading=\"lazy\" decoding=\"async\" width=\"779\" height=\"583\" src=\"https:\/\/kaglobal.com.tr\/wp-content\/uploads\/2023\/10\/K-505-2.png\" class=\"vc_single_image-img attachment-full\" alt=\"\" title=\"K-505\" srcset=\"https:\/\/kaglobal.com.tr\/wp-content\/uploads\/2023\/10\/K-505-2.png 779w, https:\/\/kaglobal.com.tr\/wp-content\/uploads\/2023\/10\/K-505-2-300x225.png 300w, https:\/\/kaglobal.com.tr\/wp-content\/uploads\/2023\/10\/K-505-2-768x575.png 768w\" sizes=\"auto, (max-width: 779px) 100vw, 779px\" \/><\/div>\n\t\t<\/figure>\n\t<\/div>\n<\/div><\/div><\/div><\/div><\/div><\/div><\/div><\/div><\/div><\/div><div class=\"container\" ><div class=\"vc_row wpb_row vc_row-fluid vc_custom_1640601945603\"><div class=\"wpb_column vc_column_container vc_col-sm-8\"><div class=\"vc_column-inner\"><div class=\"wpb_wrapper\">\n\t<div  class=\"wpb_single_image wpb_content_element vc_align_left\">\n\t\t\n\t\t<figure class=\"wpb_wrapper vc_figure\">\n\t\t\t<div class=\"vc_single_image-wrapper   vc_box_border_grey\"><img loading=\"lazy\" decoding=\"async\" width=\"2560\" height=\"1189\" src=\"https:\/\/kaglobal.com.tr\/wp-content\/uploads\/2025\/12\/650-1-scaled.png\" class=\"vc_single_image-img attachment-full\" alt=\"\" title=\"650\" srcset=\"https:\/\/kaglobal.com.tr\/wp-content\/uploads\/2025\/12\/650-1-scaled.png 2560w, https:\/\/kaglobal.com.tr\/wp-content\/uploads\/2025\/12\/650-1-300x139.png 300w, https:\/\/kaglobal.com.tr\/wp-content\/uploads\/2025\/12\/650-1-1024x475.png 1024w, https:\/\/kaglobal.com.tr\/wp-content\/uploads\/2025\/12\/650-1-768x357.png 768w, https:\/\/kaglobal.com.tr\/wp-content\/uploads\/2025\/12\/650-1-1536x713.png 1536w, https:\/\/kaglobal.com.tr\/wp-content\/uploads\/2025\/12\/650-1-2048x951.png 2048w\" sizes=\"auto, (max-width: 2560px) 100vw, 2560px\" \/><\/div>\n\t\t<\/figure>\n\t<\/div>\n<\/div><\/div><\/div><div class=\"wpb_column vc_column_container vc_col-sm-4\"><div class=\"vc_column-inner\"><div class=\"wpb_wrapper\">\n\t<div class=\"wpb_text_column wpb_content_element\" >\n\t\t<div class=\"wpb_wrapper\">\n\t\t\t<h2 class=\"black left\">Product Specifications<\/h2>\n\n\t\t<\/div>\n\t<\/div>\n\n\t<div class=\"wpb_raw_code wpb_content_element wpb_raw_html\" >\n\t\t<div class=\"wpb_wrapper\">\n\t\t\t<div class=\"porduct-des\">\n<ul>\n \t<li><strong>Category<\/strong>: Bobbin Machine<\/li>\n \t<li><strong>Brand<\/strong>: KAMAK<\/li>\n \t<li><strong>Model<\/strong>: K - 650<\/li>\n \t<li><strong>Inner Diameter<\/strong>: 54-69 mm<\/li>\n \t<li><strong>Production Boat<\/strong>: 180 mm<\/li>\n \t<li><strong>Engine Power<\/strong>: 30 kW<\/li>\n \t<li><strong>Number of Knives<\/strong>: 7-5 Pieces<\/li>\n<\/ul>\n<\/div>\n\t\t<\/div>\n\t<\/div>\n<div class=\"vc_btn3-container vc_btn3-inline vc_custom_1655129028941\" ><a class=\"vc_general vc_btn3 vc_btn3-size-md vc_btn3-shape-rounded vc_btn3-style-modern vc_btn3-icon-left vc_btn3-color-warning\" href=\"#\" title=\"\"><i class=\"vc_btn3-icon fas fa-file-alt\"><\/i> TECHNICAL DOCUMENT<\/a><\/div><\/div><\/div><\/div><\/div><\/div><div class=\"container\" ><div class=\"vc_row wpb_row vc_row-fluid vc_custom_1640601718093\"><div class=\"wpb_column vc_column_container vc_col-sm-12\"><div class=\"vc_column-inner\"><div class=\"wpb_wrapper\">\n\t<div class=\"wpb_text_column wpb_content_element\" >\n\t\t<div class=\"wpb_wrapper\">\n\t\t\t<h2 class=\"black left\">Technical Specifications<\/h2>\n<p class=\"onalti\">The technical specifications table is below. Please contact us for more detailed information.<\/p>\n\n\t\t<\/div>\n\t<\/div>\n\n\t<div class=\"wpb_raw_code wpb_content_element wpb_raw_html\" >\n\t\t<div class=\"wpb_wrapper\">\n\t\t\t<table class=\"sem-table\">\n  <tbody>\n    <tr>\n      <th scope=\"row\">Machine Type<\/th>\n      <td>K-650<\/td>\n      <td>K-650<\/td>\n    <\/tr>\n    <tr>\n      <th scope=\"row\">Production<\/th>\n      <td>10 Floors<\/td>\n      <td>10 Floors<\/td>\n    <\/tr>\n    <tr>\n      <th scope=\"row\">Inner Diameter<\/th>\n      <td>54 mm<\/td>\n      <td>69 mm<\/td>\n    <\/tr>\n    <tr>\n      <th scope=\"row\">Production Size<\/th>\n      <td>180 mm<\/td>\n      <td>300 mm<\/td>\n    <\/tr>\n    <tr>\n      <th scope=\"row\">Total Engine Power<\/th>\n      <td>30 kW<\/td>\n      <td>30 kW<\/td>\n    <\/tr>\n    <tr>\n      <th scope=\"row\">Number of Knives<\/th>\n      <td>7 Pieces<\/td>\n      <td>5 Pieces<\/td>\n    <\/tr>\n    <tr>\n      <th scope=\"row\">Air Pressure<\/th>\n      <td>6 Bar<\/td>\n      <td>6 Bar<\/td>\n    <tr>\n      <th scope=\"row\">Wall Thickness<\/th>\n      <td>5 mm<\/td>\n      <td>5 mm<\/td>\n    <\/tr>\n    <tr>\n      <th scope=\"row\">Production Speed<\/th>\n      <td>30 meters per minute<\/td>\n      <td>30 meters per minute<\/td>\n    <\/tr>\n    <tr>\n      <th scope=\"row\">Speed Control<\/th>\n      <td>Electronic<\/td>\n      <td>Electronic<\/td>\n    <\/tr>\n\t\n\t<tr>\n      <th scope=\"row\">Conveyor Belt<\/th>\n      <td>4 meters<\/td>\n      <td>4 meters<\/td>\n    <tr>\n      <th scope=\"row\">Oven<\/th>\n      <td>200x4000 mm (Electric)<\/td>\n      <td>200x4000 mm (Electric)<\/td>\n    <\/tr>\n    <tr>\n      <th scope=\"row\">Curling Mouth<\/th>\n      <td>6-Head Rotary System<\/td>\n      <td>6-Head Rotary System<\/td>\n    <\/tr>\n    <tr>\n      <th scope=\"row\">Packaging<\/th>\n      <td>200 Nylon Pieces<\/td>\n      <td>56 Pans<\/td>\n    <\/tr>\n  <\/tbody>\n<\/table>\n\t\t<\/div>\n\t<\/div>\n<\/div><\/div><\/div><\/div><\/div><div class=\"container\" ><div class=\"vc_row wpb_row vc_row-fluid vc_custom_1640601725467\"><div class=\"wpb_column vc_column_container vc_col-sm-12\"><div class=\"vc_column-inner\"><div class=\"wpb_wrapper\">\n\t<div class=\"wpb_text_column wpb_content_element\" >\n\t\t<div class=\"wpb_wrapper\">\n\t\t\t<h2 class=\"black left\">Product Photos<\/h2>\n\n\t\t<\/div>\n\t<\/div>\n<div class=\"fullwidth\" ><div class=\"vc_row wpb_row vc_inner vc_row-fluid\"><div class=\"wpb_column vc_column_container vc_col-sm-12\"><div class=\"vc_column-inner\"><div class=\"wpb_wrapper\">\n\t<div  class=\"wpb_single_image wpb_content_element vc_align_left\">\n\t\t\n\t\t<figure class=\"wpb_wrapper vc_figure\">\n\t\t\t<a class=\"\" data-lightbox=\"lightbox[rel-1251-2103547786]\" href=\"https:\/\/kaglobal.com.tr\/wp-content\/uploads\/2023\/10\/K-650-Tam-otomatik-mihver-boru-02-1024x282.jpg\" target=\"_self\"><img loading=\"lazy\" decoding=\"async\" width=\"1490\" height=\"411\" src=\"https:\/\/kaglobal.com.tr\/wp-content\/uploads\/2023\/10\/K-650-Tam-otomatik-mihver-boru-02.jpg\" class=\"vc_single_image-img attachment-full\" alt=\"\" title=\"K-650-Fully-automatic-axis-tube-02\" srcset=\"https:\/\/kaglobal.com.tr\/wp-content\/uploads\/2023\/10\/K-650-Tam-otomatik-mihver-boru-02.jpg 1490w, https:\/\/kaglobal.com.tr\/wp-content\/uploads\/2023\/10\/K-650-Tam-otomatik-mihver-boru-02-300x83.jpg 300w, https:\/\/kaglobal.com.tr\/wp-content\/uploads\/2023\/10\/K-650-Tam-otomatik-mihver-boru-02-1024x282.jpg 1024w, https:\/\/kaglobal.com.tr\/wp-content\/uploads\/2023\/10\/K-650-Tam-otomatik-mihver-boru-02-768x212.jpg 768w\" sizes=\"auto, (max-width: 1490px) 100vw, 1490px\" \/><\/a>\n\t\t<\/figure>\n\t<\/div>\n<\/div><\/div><\/div><\/div><\/div><\/div><\/div><\/div><\/div><\/div><div class=\"container\" ><div class=\"vc_row wpb_row vc_row-fluid vc_custom_1640601732694\"><div class=\"wpb_column vc_column_container vc_col-sm-12\"><div class=\"vc_column-inner\"><div class=\"wpb_wrapper\">\n\t<div class=\"wpb_text_column wpb_content_element\" >\n\t\t<div class=\"wpb_wrapper\">\n\t\t\t<h2 class=\"black left\">Product Videos<\/h2>\n\n\t\t<\/div>\n\t<\/div>\n<div class=\"fullwidth\" ><div class=\"vc_row wpb_row vc_inner vc_row-fluid\"><div class=\"wpb_column vc_column_container vc_col-sm-6\"><div class=\"vc_column-inner\"><div class=\"wpb_wrapper\">\n\t<div class=\"wpb_raw_code wpb_content_element wpb_raw_html\" >\n\t\t<div class=\"wpb_wrapper\">\n\t\t\t<video poster=\"https:\/\/kaglobal.com.tr\/wp-content\/uploads\/2023\/10\/K-650-Tam-otomatik-mihver-boru-video.jpg\" controls=\"1\" loop=\"1\" style=\"max-width:100%;\"><source type=\"video\/mp4\" src=\"https:\/\/kaglobal.com.tr\/video\/K-650.mp4\"><\/video>\n\t\t<\/div>\n\t<\/div>\n<\/div><\/div><\/div><div class=\"wpb_column vc_column_container vc_col-sm-6\"><div class=\"vc_column-inner\"><div class=\"wpb_wrapper\"><\/div><\/div><\/div><\/div><\/div><\/div><\/div><\/div><\/div><\/div>\n<\/div>","protected":false},"excerpt":{"rendered":"KaGlobal \u00dcr\u00fcnler \u00c7ok B\u0131\u00e7akl\u0131 Masura Makinesi K - 650 \u00dcr\u00fcn \u00d6zellikler Kategori: Masura Makinesi Marka: KAMAK Model: K - 650 \u0130\u00e7 \u00c7ap\u0131: 54-69 mm \u00dcretim Botu: 180 mm Motor G\u00fcc\u00fc: 30 kW B\u0131\u00e7ak Say\u0131s\u0131: 7-5 Adet TEKN\u0130K D\u00d6KUMAN Teknik \u00d6zellikler Teknik \u00f6zellik tablosu a\u015fa\u011f\u0131da yer almaktad\u0131r. Daha detayl\u0131 bilgi almak i\u00e7in bizimle ileti\u015fime ge\u00e7iniz. Makine [...]","protected":false},"author":1,"featured_media":0,"parent":1235,"menu_order":3,"comment_status":"closed","ping_status":"closed","template":"","meta":{"_joinchat":[],"footnotes":""},"class_list":["post-1251","page","type-page","status-publish","hentry"],"_links":{"self":[{"href":"https:\/\/kaglobal.com.tr\/en\/wp-json\/wp\/v2\/pages\/1251","targetHints":{"allow":["GET"]}}],"collection":[{"href":"https:\/\/kaglobal.com.tr\/en\/wp-json\/wp\/v2\/pages"}],"about":[{"href":"https:\/\/kaglobal.com.tr\/en\/wp-json\/wp\/v2\/types\/page"}],"author":[{"embeddable":true,"href":"https:\/\/kaglobal.com.tr\/en\/wp-json\/wp\/v2\/users\/1"}],"replies":[{"embeddable":true,"href":"https:\/\/kaglobal.com.tr\/en\/wp-json\/wp\/v2\/comments?post=1251"}],"version-history":[{"count":12,"href":"https:\/\/kaglobal.com.tr\/en\/wp-json\/wp\/v2\/pages\/1251\/revisions"}],"predecessor-version":[{"id":2472,"href":"https:\/\/kaglobal.com.tr\/en\/wp-json\/wp\/v2\/pages\/1251\/revisions\/2472"}],"up":[{"embeddable":true,"href":"https:\/\/kaglobal.com.tr\/en\/wp-json\/wp\/v2\/pages\/1235"}],"wp:attachment":[{"href":"https:\/\/kaglobal.com.tr\/en\/wp-json\/wp\/v2\/media?parent=1251"}],"curies":[{"name":"wp","href":"https:\/\/api.w.org\/{rel}","templated":true}]}}