{"id":1247,"date":"2023-10-04T15:49:14","date_gmt":"2023-10-04T12:49:14","guid":{"rendered":"https:\/\/kaglobal.com.tr\/?page_id=1247"},"modified":"2026-02-07T14:07:10","modified_gmt":"2026-02-07T11:07:10","slug":"k-603-3-kafali-6-katli-elektronik-mihver-boru","status":"publish","type":"page","link":"https:\/\/kaglobal.com.tr\/en\/urunler\/kagit-mihver-boru-makinesi\/k-603-3-kafali-6-katli-elektronik-mihver-boru\/","title":{"rendered":"K-603 3-Head 6-Story Electronic Axle Tube"},"content":{"rendered":"<div class=\"wpb-content-wrapper\"><div class=\"fullwidth\" ><div class=\"vc_row wpb_row vc_row-fluid vc_custom_1696724826804\"><div class=\"wpb_column vc_column_container vc_col-sm-12\"><div class=\"vc_column-inner\"><div class=\"wpb_wrapper\"><div class=\"container\" ><div class=\"vc_row wpb_row vc_inner vc_row-fluid vc_custom_1640603113396\"><div class=\"wpb_column vc_column_container vc_col-sm-6\"><div class=\"vc_column-inner\"><div class=\"wpb_wrapper\">\n\t<div class=\"wpb_text_column wpb_content_element  vc_custom_1770462428265 urun-header\" >\n\t\t<div class=\"wpb_wrapper\">\n\t\t\t<h5><span style=\"color: #ffffff;\">KaGlobal Products<\/span><\/h5>\n<h2><span style=\"color: #ffffff;\"><strong>3-Head 6-Story Electronic Axis Tube<\/strong><\/span><\/h2>\n<h2><span style=\"color: #f07e22;\"><strong>K \u2013 603<\/strong><\/span><\/h2>\n\n\t\t<\/div>\n\t<\/div>\n<\/div><\/div><\/div><div class=\"wpb_column vc_column_container vc_col-sm-6\"><div class=\"vc_column-inner\"><div class=\"wpb_wrapper\">\n\t<div  class=\"wpb_single_image wpb_content_element vc_align_center\">\n\t\t\n\t\t<figure class=\"wpb_wrapper vc_figure\">\n\t\t\t<div class=\"vc_single_image-wrapper   vc_box_border_grey\"><img loading=\"lazy\" decoding=\"async\" width=\"779\" height=\"583\" src=\"https:\/\/kaglobal.com.tr\/wp-content\/uploads\/2023\/10\/K-603.png\" class=\"vc_single_image-img attachment-full\" alt=\"\" title=\"K-603\" srcset=\"https:\/\/kaglobal.com.tr\/wp-content\/uploads\/2023\/10\/K-603.png 779w, https:\/\/kaglobal.com.tr\/wp-content\/uploads\/2023\/10\/K-603-300x225.png 300w, https:\/\/kaglobal.com.tr\/wp-content\/uploads\/2023\/10\/K-603-768x575.png 768w\" sizes=\"auto, (max-width: 779px) 100vw, 779px\" \/><\/div>\n\t\t<\/figure>\n\t<\/div>\n<\/div><\/div><\/div><\/div><\/div><\/div><\/div><\/div><\/div><\/div><div class=\"container\" ><div class=\"vc_row wpb_row vc_row-fluid vc_custom_1640601945603\"><div class=\"wpb_column vc_column_container vc_col-sm-8\"><div class=\"vc_column-inner\"><div class=\"wpb_wrapper\">\n\t<div  class=\"wpb_single_image wpb_content_element vc_align_left\">\n\t\t\n\t\t<figure class=\"wpb_wrapper vc_figure\">\n\t\t\t<div class=\"vc_single_image-wrapper   vc_box_border_grey\"><img loading=\"lazy\" decoding=\"async\" width=\"980\" height=\"732\" src=\"https:\/\/kaglobal.com.tr\/wp-content\/uploads\/2023\/10\/k-603-kafali-mihver-boru.jpg\" class=\"vc_single_image-img attachment-full\" alt=\"\" title=\"k-603-head-axis-pipe\" srcset=\"https:\/\/kaglobal.com.tr\/wp-content\/uploads\/2023\/10\/k-603-kafali-mihver-boru.jpg 980w, https:\/\/kaglobal.com.tr\/wp-content\/uploads\/2023\/10\/k-603-kafali-mihver-boru-300x224.jpg 300w, https:\/\/kaglobal.com.tr\/wp-content\/uploads\/2023\/10\/k-603-kafali-mihver-boru-768x574.jpg 768w\" sizes=\"auto, (max-width: 980px) 100vw, 980px\" \/><\/div>\n\t\t<\/figure>\n\t<\/div>\n<\/div><\/div><\/div><div class=\"wpb_column vc_column_container vc_col-sm-4\"><div class=\"vc_column-inner\"><div class=\"wpb_wrapper\">\n\t<div class=\"wpb_text_column wpb_content_element\" >\n\t\t<div class=\"wpb_wrapper\">\n\t\t\t<h2 class=\"black left\">Product Specifications<\/h2>\n\n\t\t<\/div>\n\t<\/div>\n\n\t<div class=\"wpb_raw_code wpb_content_element wpb_raw_html\" >\n\t\t<div class=\"wpb_wrapper\">\n\t\t\t<div class=\"porduct-des\">\n<ul>\n \t<li><strong>Category<\/strong>Electronic Axis Pipe<\/li>\n \t<li><strong>Brand<\/strong>: KAMAK<\/li>\n \t<li><strong>Model<\/strong>: K - 603<\/li>\n \t<li><strong>Inner Diameter<\/strong>: 10-50 mm<\/li>\n \t<li><strong>Production Boat<\/strong>: 45-900 mm<\/li>\n \t<li><strong>Engine Power<\/strong>: 5.5 kW<\/li>\n \t<li><strong>Number of Knives<\/strong>: 10 Pieces<\/li>\n<\/ul>\n<\/div>\n\t\t<\/div>\n\t<\/div>\n<div class=\"vc_btn3-container vc_btn3-inline vc_custom_1655129028941\" ><a class=\"vc_general vc_btn3 vc_btn3-size-md vc_btn3-shape-rounded vc_btn3-style-modern vc_btn3-icon-left vc_btn3-color-warning\" href=\"#\" title=\"\"><i class=\"vc_btn3-icon fas fa-file-alt\"><\/i> TECHNICAL DOCUMENT<\/a><\/div><\/div><\/div><\/div><\/div><\/div><div class=\"container\" ><div class=\"vc_row wpb_row vc_row-fluid vc_custom_1640601718093\"><div class=\"wpb_column vc_column_container vc_col-sm-12\"><div class=\"vc_column-inner\"><div class=\"wpb_wrapper\">\n\t<div class=\"wpb_text_column wpb_content_element\" >\n\t\t<div class=\"wpb_wrapper\">\n\t\t\t<h2 class=\"black left\">Technical Specifications<\/h2>\n<p class=\"onalti\">The technical specifications table is below. Please contact us for more detailed information.<\/p>\n\n\t\t<\/div>\n\t<\/div>\n\n\t<div class=\"wpb_raw_code wpb_content_element wpb_raw_html\" >\n\t\t<div class=\"wpb_wrapper\">\n\t\t\t<table class=\"sem-table\">\n  <tbody>\n    <tr>\n      <th scope=\"row\">Machine Type<\/th>\n      <td>K-603<\/td>\n    <\/tr>\n    <tr>\n      <th scope=\"row\">Production<\/th>\n      <td>6 Floors<\/td>\n    <\/tr>\n    <tr>\n      <th scope=\"row\">Inner Diameter<\/th>\n      <td>10-50 mm<\/td>\n    <\/tr>\n    <tr>\n      <th scope=\"row\">Production Size<\/th>\n      <td>45-900 mm<\/td>\n    <\/tr>\n    <tr>\n      <th scope=\"row\">Total Engine Power<\/th>\n      <td>5.5 kW<\/td>\n    <\/tr>\n    <tr>\n      <th scope=\"row\">Number of Knives<\/th>\n      <td>10 Pieces<\/td>\n    <\/tr>\n    <tr>\n      <th scope=\"row\">Air Pressure<\/th>\n      <td>6 Bar<\/td>\n    <tr>\n      <th scope=\"row\">Wall Thickness<\/th>\n      <td>1.5-3 mm<\/td>\n    <\/tr>\n    <tr>\n      <th scope=\"row\">Production Speed<\/th>\n      <td>20 Meters<\/td>\n    <\/tr>\n    <tr>\n      <th scope=\"row\">Speed Control<\/th>\n      <td>Electronic<\/td>\n    <\/tr>\n  <\/tbody>\n<\/table>\n\n\t\t<\/div>\n\t<\/div>\n<\/div><\/div><\/div><\/div><\/div><div class=\"container\" ><div class=\"vc_row wpb_row vc_row-fluid vc_custom_1640601725467\"><div class=\"wpb_column vc_column_container vc_col-sm-12\"><div class=\"vc_column-inner\"><div class=\"wpb_wrapper\">\n\t<div class=\"wpb_text_column wpb_content_element\" >\n\t\t<div class=\"wpb_wrapper\">\n\t\t\t<h2 class=\"black left\">Product Photos<\/h2>\n\n\t\t<\/div>\n\t<\/div>\n<div class=\"fullwidth\" ><div class=\"vc_row wpb_row vc_inner vc_row-fluid\"><div class=\"wpb_column vc_column_container vc_col-sm-6\"><div class=\"vc_column-inner\"><div class=\"wpb_wrapper\">\n\t<div  class=\"wpb_single_image wpb_content_element vc_align_left\">\n\t\t\n\t\t<figure class=\"wpb_wrapper vc_figure\">\n\t\t\t<a class=\"\" data-lightbox=\"lightbox[rel-1247-2090278651]\" href=\"https:\/\/kaglobal.com.tr\/wp-content\/uploads\/2023\/10\/k-603-kafali-mihver-boru-01-1024x683.jpg\" target=\"_self\"><img loading=\"lazy\" decoding=\"async\" width=\"1500\" height=\"1000\" src=\"https:\/\/kaglobal.com.tr\/wp-content\/uploads\/2023\/10\/k-603-kafali-mihver-boru-01.jpg\" class=\"vc_single_image-img attachment-full\" alt=\"\" title=\"k-603-headed-axis-pipe-01\" srcset=\"https:\/\/kaglobal.com.tr\/wp-content\/uploads\/2023\/10\/k-603-kafali-mihver-boru-01.jpg 1500w, https:\/\/kaglobal.com.tr\/wp-content\/uploads\/2023\/10\/k-603-kafali-mihver-boru-01-300x200.jpg 300w, https:\/\/kaglobal.com.tr\/wp-content\/uploads\/2023\/10\/k-603-kafali-mihver-boru-01-1024x683.jpg 1024w, https:\/\/kaglobal.com.tr\/wp-content\/uploads\/2023\/10\/k-603-kafali-mihver-boru-01-768x512.jpg 768w\" sizes=\"auto, (max-width: 1500px) 100vw, 1500px\" \/><\/a>\n\t\t<\/figure>\n\t<\/div>\n<\/div><\/div><\/div><div class=\"wpb_column vc_column_container vc_col-sm-6\"><div class=\"vc_column-inner\"><div class=\"wpb_wrapper\">\n\t<div  class=\"wpb_single_image wpb_content_element vc_align_left\">\n\t\t\n\t\t<figure class=\"wpb_wrapper vc_figure\">\n\t\t\t<a class=\"\" data-lightbox=\"lightbox[rel-1247-927593411]\" href=\"https:\/\/kaglobal.com.tr\/wp-content\/uploads\/2023\/10\/k-603-kafali-mihver-boru-02-1024x683.jpg\" target=\"_self\"><img loading=\"lazy\" decoding=\"async\" width=\"1500\" height=\"1000\" src=\"https:\/\/kaglobal.com.tr\/wp-content\/uploads\/2023\/10\/k-603-kafali-mihver-boru-02.jpg\" class=\"vc_single_image-img attachment-full\" alt=\"\" title=\"k-603-headed-axis-pipe-02\" srcset=\"https:\/\/kaglobal.com.tr\/wp-content\/uploads\/2023\/10\/k-603-kafali-mihver-boru-02.jpg 1500w, https:\/\/kaglobal.com.tr\/wp-content\/uploads\/2023\/10\/k-603-kafali-mihver-boru-02-300x200.jpg 300w, https:\/\/kaglobal.com.tr\/wp-content\/uploads\/2023\/10\/k-603-kafali-mihver-boru-02-1024x683.jpg 1024w, https:\/\/kaglobal.com.tr\/wp-content\/uploads\/2023\/10\/k-603-kafali-mihver-boru-02-768x512.jpg 768w\" sizes=\"auto, (max-width: 1500px) 100vw, 1500px\" \/><\/a>\n\t\t<\/figure>\n\t<\/div>\n<\/div><\/div><\/div><\/div><\/div><\/div><\/div><\/div><\/div><\/div><div class=\"container\" ><div class=\"vc_row wpb_row vc_row-fluid vc_custom_1640601732694\"><div class=\"wpb_column vc_column_container vc_col-sm-12\"><div class=\"vc_column-inner\"><div class=\"wpb_wrapper\">\n\t<div class=\"wpb_text_column wpb_content_element\" >\n\t\t<div class=\"wpb_wrapper\">\n\t\t\t<h2 class=\"black left\">Product Videos<\/h2>\n\n\t\t<\/div>\n\t<\/div>\n<div class=\"fullwidth\" ><div class=\"vc_row wpb_row vc_inner vc_row-fluid\"><div class=\"wpb_column vc_column_container vc_col-sm-6\"><div class=\"vc_column-inner\"><div class=\"wpb_wrapper\">\n\t<div class=\"wpb_raw_code wpb_content_element wpb_raw_html\" >\n\t\t<div class=\"wpb_wrapper\">\n\t\t\t<video poster=\"https:\/\/kaglobal.com.tr\/wp-content\/uploads\/2023\/10\/k-603-kafali-mihver-boru-video.jpg\" controls=\"1\" loop=\"1\" style=\"max-width:100%;\"><source type=\"video\/mp4\" src=\"https:\/\/kaglobal.com.tr\/video\/K-603.mp4\"><\/video>\n\t\t<\/div>\n\t<\/div>\n<\/div><\/div><\/div><div class=\"wpb_column vc_column_container vc_col-sm-6\"><div class=\"vc_column-inner\"><div class=\"wpb_wrapper\"><\/div><\/div><\/div><\/div><\/div><\/div><\/div><\/div><\/div><\/div>\n<\/div>","protected":false},"excerpt":{"rendered":"KaGlobal \u00dcr\u00fcnler 3 Kafal\u0131 6 Katl\u0131 Elektronik Mihver Boru K - 603 \u00dcr\u00fcn \u00d6zellikler Kategori: Elektronik Mihver Boru Marka: KAMAK Model: K - 603 \u0130\u00e7 \u00c7ap\u0131: 10-50 mm \u00dcretim Botu: 45-900 mm Motor G\u00fcc\u00fc: 5,5 kW B\u0131\u00e7ak Say\u0131s\u0131: 10 Adet TEKN\u0130K D\u00d6KUMAN Teknik \u00d6zellikler Teknik \u00f6zellik tablosu a\u015fa\u011f\u0131da yer almaktad\u0131r. Daha detayl\u0131 bilgi almak i\u00e7in [...]","protected":false},"author":1,"featured_media":0,"parent":1235,"menu_order":1,"comment_status":"closed","ping_status":"closed","template":"","meta":{"_joinchat":[],"footnotes":""},"class_list":["post-1247","page","type-page","status-publish","hentry"],"_links":{"self":[{"href":"https:\/\/kaglobal.com.tr\/en\/wp-json\/wp\/v2\/pages\/1247","targetHints":{"allow":["GET"]}}],"collection":[{"href":"https:\/\/kaglobal.com.tr\/en\/wp-json\/wp\/v2\/pages"}],"about":[{"href":"https:\/\/kaglobal.com.tr\/en\/wp-json\/wp\/v2\/types\/page"}],"author":[{"embeddable":true,"href":"https:\/\/kaglobal.com.tr\/en\/wp-json\/wp\/v2\/users\/1"}],"replies":[{"embeddable":true,"href":"https:\/\/kaglobal.com.tr\/en\/wp-json\/wp\/v2\/comments?post=1247"}],"version-history":[{"count":8,"href":"https:\/\/kaglobal.com.tr\/en\/wp-json\/wp\/v2\/pages\/1247\/revisions"}],"predecessor-version":[{"id":2470,"href":"https:\/\/kaglobal.com.tr\/en\/wp-json\/wp\/v2\/pages\/1247\/revisions\/2470"}],"up":[{"embeddable":true,"href":"https:\/\/kaglobal.com.tr\/en\/wp-json\/wp\/v2\/pages\/1235"}],"wp:attachment":[{"href":"https:\/\/kaglobal.com.tr\/en\/wp-json\/wp\/v2\/media?parent=1247"}],"curies":[{"name":"wp","href":"https:\/\/api.w.org\/{rel}","templated":true}]}}