{"id":1243,"date":"2023-10-04T15:45:51","date_gmt":"2023-10-04T12:45:51","guid":{"rendered":"https:\/\/kaglobal.com.tr\/?page_id=1243"},"modified":"2026-02-07T13:59:44","modified_gmt":"2026-02-07T10:59:44","slug":"k-3500-nonwoven-bobin-dilimleme","status":"publish","type":"page","link":"https:\/\/kaglobal.com.tr\/en\/urunler\/kagit-dilimleme-makinesi\/k-3500-nonwoven-bobin-dilimleme\/","title":{"rendered":"K-3500 Nonwoven Coil Slitting Machine"},"content":{"rendered":"<div class=\"wpb-content-wrapper\"><div class=\"fullwidth\" ><div class=\"vc_row wpb_row vc_row-fluid vc_custom_1696712193804\"><div class=\"wpb_column vc_column_container vc_col-sm-12\"><div class=\"vc_column-inner\"><div class=\"wpb_wrapper\"><div class=\"container\" ><div class=\"vc_row wpb_row vc_inner vc_row-fluid vc_custom_1640603113396\"><div class=\"wpb_column vc_column_container vc_col-sm-6\"><div class=\"vc_column-inner\"><div class=\"wpb_wrapper\">\n\t<div class=\"wpb_text_column wpb_content_element  vc_custom_1770461981116 urun-header\" >\n\t\t<div class=\"wpb_wrapper\">\n\t\t\t<h5><span style=\"color: #ffffff;\">KaGlobal Products<\/span><\/h5>\n<h2><span style=\"color: #ffffff;\"><strong>Nonwoven Coil Slitting<\/strong><\/span><\/h2>\n<h2><span style=\"color: #f07e22;\"><strong>K \u2013 3500<\/strong><\/span><\/h2>\n\n\t\t<\/div>\n\t<\/div>\n<\/div><\/div><\/div><div class=\"wpb_column vc_column_container vc_col-sm-6\"><div class=\"vc_column-inner\"><div class=\"wpb_wrapper\">\n\t<div  class=\"wpb_single_image wpb_content_element vc_align_center\">\n\t\t\n\t\t<figure class=\"wpb_wrapper vc_figure\">\n\t\t\t<div class=\"vc_single_image-wrapper   vc_box_border_grey\"><img loading=\"lazy\" decoding=\"async\" width=\"779\" height=\"583\" src=\"https:\/\/kaglobal.com.tr\/wp-content\/uploads\/2023\/10\/K-505-1.png\" class=\"vc_single_image-img attachment-full\" alt=\"\" title=\"K-505\" srcset=\"https:\/\/kaglobal.com.tr\/wp-content\/uploads\/2023\/10\/K-505-1.png 779w, https:\/\/kaglobal.com.tr\/wp-content\/uploads\/2023\/10\/K-505-1-300x225.png 300w, https:\/\/kaglobal.com.tr\/wp-content\/uploads\/2023\/10\/K-505-1-768x575.png 768w\" sizes=\"auto, (max-width: 779px) 100vw, 779px\" \/><\/div>\n\t\t<\/figure>\n\t<\/div>\n<\/div><\/div><\/div><\/div><\/div><\/div><\/div><\/div><\/div><\/div><div class=\"container\" ><div class=\"vc_row wpb_row vc_row-fluid vc_custom_1640601945603\"><div class=\"wpb_column vc_column_container vc_col-sm-8\"><div class=\"vc_column-inner\"><div class=\"wpb_wrapper\">\n\t<div  class=\"wpb_single_image wpb_content_element vc_align_left\">\n\t\t\n\t\t<figure class=\"wpb_wrapper vc_figure\">\n\t\t\t<div class=\"vc_single_image-wrapper   vc_box_border_grey\"><img loading=\"lazy\" decoding=\"async\" width=\"2560\" height=\"1707\" src=\"https:\/\/kaglobal.com.tr\/wp-content\/uploads\/2025\/12\/3500-scaled.png\" class=\"vc_single_image-img attachment-full\" alt=\"\" title=\"3500\" srcset=\"https:\/\/kaglobal.com.tr\/wp-content\/uploads\/2025\/12\/3500-scaled.png 2560w, https:\/\/kaglobal.com.tr\/wp-content\/uploads\/2025\/12\/3500-300x200.png 300w, https:\/\/kaglobal.com.tr\/wp-content\/uploads\/2025\/12\/3500-1024x683.png 1024w, https:\/\/kaglobal.com.tr\/wp-content\/uploads\/2025\/12\/3500-768x512.png 768w, https:\/\/kaglobal.com.tr\/wp-content\/uploads\/2025\/12\/3500-1536x1024.png 1536w, https:\/\/kaglobal.com.tr\/wp-content\/uploads\/2025\/12\/3500-2048x1365.png 2048w\" sizes=\"auto, (max-width: 2560px) 100vw, 2560px\" \/><\/div>\n\t\t<\/figure>\n\t<\/div>\n<\/div><\/div><\/div><div class=\"wpb_column vc_column_container vc_col-sm-4\"><div class=\"vc_column-inner\"><div class=\"wpb_wrapper\">\n\t<div class=\"wpb_text_column wpb_content_element\" >\n\t\t<div class=\"wpb_wrapper\">\n\t\t\t<h2 class=\"black left\">Product Specifications<\/h2>\n\n\t\t<\/div>\n\t<\/div>\n\n\t<div class=\"wpb_raw_code wpb_content_element wpb_raw_html\" >\n\t\t<div class=\"wpb_wrapper\">\n\t\t\t<div class=\"porduct-des\">\n<ul>\n \t<li><strong>Category<\/strong>Nonwoven Coil Slitting<\/li>\n \t<li><strong>Brand<\/strong>: KAMAK<\/li>\n \t<li><strong>Model<\/strong>: K - 3500<\/li>\n \t<li><strong>Machine Width<\/strong>: 1800-3500 mm<\/li>\n \t<li><strong>Engine Power<\/strong>: 15-20 kW<\/li>\n \t<li><strong>Cutting Speed<\/strong>: 400 m\/h<\/li>\n \t<li><strong>Winding Diameter<\/strong>: 1100 mm<\/li>\n<\/ul>\n<\/div>\n\t\t<\/div>\n\t<\/div>\n<div class=\"vc_btn3-container vc_btn3-inline vc_custom_1655129028941\" ><a class=\"vc_general vc_btn3 vc_btn3-size-md vc_btn3-shape-rounded vc_btn3-style-modern vc_btn3-icon-left vc_btn3-color-warning\" href=\"#\" title=\"\"><i class=\"vc_btn3-icon fas fa-file-alt\"><\/i> TECHNICAL DOCUMENT<\/a><\/div><\/div><\/div><\/div><\/div><\/div><div class=\"container\" ><div class=\"vc_row wpb_row vc_row-fluid vc_custom_1640601718093\"><div class=\"wpb_column vc_column_container vc_col-sm-12\"><div class=\"vc_column-inner\"><div class=\"wpb_wrapper\">\n\t<div class=\"wpb_text_column wpb_content_element\" >\n\t\t<div class=\"wpb_wrapper\">\n\t\t\t<h2 class=\"black left\">Technical Specifications<\/h2>\n<p class=\"onalti\">The technical specifications table is below. Please contact us for more detailed information.<\/p>\n\n\t\t<\/div>\n\t<\/div>\n\n\t<div class=\"wpb_raw_code wpb_content_element wpb_raw_html\" >\n\t\t<div class=\"wpb_wrapper\">\n\t\t\t<table class=\"sem-table\">\n  <tbody>\n    <tr>\n      <th scope=\"row\">Machine Width<\/th>\n      <td>1800 mm<\/td>\n      <td>2000 mm<\/td>\n      <td>2500 mm<\/td>\n      <td>3000 mm<\/td>\n      <td>3500 mm<\/td>\n    <\/tr>\n    <tr>\n      <th scope=\"row\">Engine Power<\/th>\n      <td>15 kW<\/td>\n      <td>18 kW<\/td>\n      <td>22 kW<\/td>\n      <td>30 kW<\/td>\n      <td>35 kW<\/td>\n    <\/tr>\n    <tr>\n      <th scope=\"row\">Number of Knives<\/th>\n      <td>12 Pieces<\/td>\n      <td>14 Pieces<\/td>\n      <td>16 Pieces<\/td>\n      <td>18 Pieces<\/td>\n      <td>20 Pieces<\/td>\n    <\/tr>\n    <tr>\n      <th scope=\"row\">Cutting Speed<\/th>\n      <td>400 meters per hour<\/td>\n      <td>400 meters per hour<\/td>\n      <td>400 meters per hour<\/td>\n      <td>400 meters per hour<\/td>\n      <td>400 meters per hour<\/td>\n    <\/tr>\n    <tr>\n      <th scope=\"row\">Winding Diameter<\/th>\n      <td>1100 mm<\/td>\n      <td>1100 mm<\/td>\n      <td>1100 mm<\/td>\n      <td>1100 mm<\/td>\n      <td>1100 mm<\/td>\n    <\/tr>\n    <tr>\n      <th scope=\"row\">Paper Grammage Range<\/th>\n      <td>15-100 gr<\/td>\n      <td>15-100 gr<\/td>\n      <td>15-100 gr<\/td>\n      <td>15-100 gr<\/td>\n      <td>15-100 gr<\/td>\n    <\/tr>\n    <tr>\n      <th scope=\"row\">Speed Control<\/th>\n      <td>There is<\/td>\n      <td>There is<\/td>\n      <td>There is<\/td>\n      <td>There is<\/td>\n      <td>There is<\/td>\n    <\/tr>\n    <tr>\n      <th scope=\"row\">Blood Pressure Control<\/th>\n      <td>Electronic<\/td>\n      <td>Electronic<\/td>\n      <td>Electronic<\/td>\n      <td>Electronic<\/td>\n      <td>Electronic<\/td>\n    <\/tr>\n    <tr>\n      <th scope=\"row\">Solvent Coil Diameter<\/th>\n      <td>1500 mm<\/td>\n      <td>1500 mm<\/td>\n      <td>1500 mm<\/td>\n      <td>1500 mm<\/td>\n      <td>1500 mm<\/td>\n    <\/tr>\n    <tr>\n      <th scope=\"row\">Winding Center Hub Shaft<\/th>\n      <td>76 mm<\/td>\n      <td>76 mm<\/td>\n      <td>76 mm<\/td>\n      <td>76 mm<\/td>\n      <td>76 mm<\/td>\n    <\/tr>\n  <\/tbody>\n<\/table>\n\t\t<\/div>\n\t<\/div>\n<\/div><\/div><\/div><\/div><\/div><div class=\"container\" ><div class=\"vc_row wpb_row vc_row-fluid vc_custom_1640601725467\"><div class=\"wpb_column vc_column_container vc_col-sm-12\"><div class=\"vc_column-inner\"><div class=\"wpb_wrapper\">\n\t<div class=\"wpb_text_column wpb_content_element\" >\n\t\t<div class=\"wpb_wrapper\">\n\t\t\t<h2 class=\"black left\">Product Photos<\/h2>\n\n\t\t<\/div>\n\t<\/div>\n<div class=\"fullwidth\" ><div class=\"vc_row wpb_row vc_inner vc_row-fluid\"><div class=\"wpb_column vc_column_container vc_col-sm-6\"><div class=\"vc_column-inner\"><div class=\"wpb_wrapper\">\n\t<div  class=\"wpb_single_image wpb_content_element vc_align_left\">\n\t\t\n\t\t<figure class=\"wpb_wrapper vc_figure\">\n\t\t\t<a class=\"\" data-lightbox=\"lightbox[rel-1243-3498642267]\" href=\"https:\/\/kaglobal.com.tr\/wp-content\/uploads\/2023\/10\/k-3500-nonwoven-bobin-dilimleme-01-1024x741.jpg\" target=\"_self\"><img loading=\"lazy\" decoding=\"async\" width=\"1469\" height=\"1063\" src=\"https:\/\/kaglobal.com.tr\/wp-content\/uploads\/2023\/10\/k-3500-nonwoven-bobin-dilimleme-01.jpg\" class=\"vc_single_image-img attachment-full\" alt=\"\" title=\"k-3500-nonwoven-bobbin-slitting-01\" srcset=\"https:\/\/kaglobal.com.tr\/wp-content\/uploads\/2023\/10\/k-3500-nonwoven-bobin-dilimleme-01.jpg 1469w, https:\/\/kaglobal.com.tr\/wp-content\/uploads\/2023\/10\/k-3500-nonwoven-bobin-dilimleme-01-300x217.jpg 300w, https:\/\/kaglobal.com.tr\/wp-content\/uploads\/2023\/10\/k-3500-nonwoven-bobin-dilimleme-01-1024x741.jpg 1024w, https:\/\/kaglobal.com.tr\/wp-content\/uploads\/2023\/10\/k-3500-nonwoven-bobin-dilimleme-01-768x556.jpg 768w\" sizes=\"auto, (max-width: 1469px) 100vw, 1469px\" \/><\/a>\n\t\t<\/figure>\n\t<\/div>\n<\/div><\/div><\/div><div class=\"wpb_column vc_column_container vc_col-sm-6\"><div class=\"vc_column-inner\"><div class=\"wpb_wrapper\">\n\t<div  class=\"wpb_single_image wpb_content_element vc_align_left\">\n\t\t\n\t\t<figure class=\"wpb_wrapper vc_figure\">\n\t\t\t<a class=\"\" data-lightbox=\"lightbox[rel-1243-3268416954]\" href=\"https:\/\/kaglobal.com.tr\/wp-content\/uploads\/2023\/10\/k-3500-nonwoven-bobin-dilimleme-02-1024x741.jpg\" target=\"_self\"><img loading=\"lazy\" decoding=\"async\" width=\"1469\" height=\"1063\" src=\"https:\/\/kaglobal.com.tr\/wp-content\/uploads\/2023\/10\/k-3500-nonwoven-bobin-dilimleme-02.jpg\" class=\"vc_single_image-img attachment-full\" alt=\"\" title=\"k-3500-nonwoven-bobbin-slitting-02\" srcset=\"https:\/\/kaglobal.com.tr\/wp-content\/uploads\/2023\/10\/k-3500-nonwoven-bobin-dilimleme-02.jpg 1469w, https:\/\/kaglobal.com.tr\/wp-content\/uploads\/2023\/10\/k-3500-nonwoven-bobin-dilimleme-02-300x217.jpg 300w, https:\/\/kaglobal.com.tr\/wp-content\/uploads\/2023\/10\/k-3500-nonwoven-bobin-dilimleme-02-1024x741.jpg 1024w, https:\/\/kaglobal.com.tr\/wp-content\/uploads\/2023\/10\/k-3500-nonwoven-bobin-dilimleme-02-768x556.jpg 768w\" sizes=\"auto, (max-width: 1469px) 100vw, 1469px\" \/><\/a>\n\t\t<\/figure>\n\t<\/div>\n<\/div><\/div><\/div><\/div><\/div><\/div><\/div><\/div><\/div><\/div><div class=\"container\" ><div class=\"vc_row wpb_row vc_row-fluid vc_custom_1640601732694\"><div class=\"wpb_column vc_column_container vc_col-sm-12\"><div class=\"vc_column-inner\"><div class=\"wpb_wrapper\">\n\t<div class=\"wpb_text_column wpb_content_element\" >\n\t\t<div class=\"wpb_wrapper\">\n\t\t\t<h2 class=\"black left\">Product Videos<\/h2>\n\n\t\t<\/div>\n\t<\/div>\n<div class=\"fullwidth\" ><div class=\"vc_row wpb_row vc_inner vc_row-fluid\"><div class=\"wpb_column vc_column_container vc_col-sm-6\"><div class=\"vc_column-inner\"><div class=\"wpb_wrapper\">\n\t<div class=\"wpb_raw_code wpb_content_element wpb_raw_html\" >\n\t\t<div class=\"wpb_wrapper\">\n\t\t\t<video poster=\"https:\/\/kaglobal.com.tr\/wp-content\/uploads\/2023\/10\/k-3500-video-01.jpg\" controls=\"1\" loop=\"1\" style=\"max-width:100%;\"><source type=\"video\/mp4\" src=\"https:\/\/kaglobal.com.tr\/video\/K-3500-nanwoven_01.mp4\"><\/video>\n\t\t<\/div>\n\t<\/div>\n<\/div><\/div><\/div><div class=\"wpb_column vc_column_container vc_col-sm-6\"><div class=\"vc_column-inner\"><div class=\"wpb_wrapper\">\n\t<div class=\"wpb_raw_code wpb_content_element wpb_raw_html\" >\n\t\t<div class=\"wpb_wrapper\">\n\t\t\t<video poster=\"https:\/\/kaglobal.com.tr\/wp-content\/uploads\/2023\/10\/k-3500-video-02.jpg\" controls=\"1\" loop=\"1\" style=\"max-width:100%;\"><source type=\"video\/mp4\" src=\"https:\/\/kaglobal.com.tr\/video\/K-3500-nanwoven_02.mp4\"><\/video>\n\t\t<\/div>\n\t<\/div>\n<\/div><\/div><\/div><\/div><\/div><\/div><\/div><\/div><\/div><\/div>\n<\/div>","protected":false},"excerpt":{"rendered":"KaGlobal \u00dcr\u00fcnler Nonwoven Bobin Dilimleme K - 3500 \u00dcr\u00fcn \u00d6zellikler Kategori: Nonwoven Bobin Dilimleme Marka: KAMAK Model: K - 3500 Makine Eni: 1800-3500 mm Motor G\u00fcc\u00fc: 15-20 kW Kesim H\u0131z\u0131: 400 m\/h Sar\u0131m \u00c7ap\u0131: 1100 mm TEKN\u0130K D\u00d6KUMAN Teknik \u00d6zellikler Teknik \u00f6zellik tablosu a\u015fa\u011f\u0131da yer almaktad\u0131r. Daha detayl\u0131 bilgi almak i\u00e7in bizimle ileti\u015fime ge\u00e7iniz. Makine [...]","protected":false},"author":1,"featured_media":0,"parent":1233,"menu_order":2,"comment_status":"closed","ping_status":"closed","template":"","meta":{"_joinchat":[],"footnotes":""},"class_list":["post-1243","page","type-page","status-publish","hentry"],"_links":{"self":[{"href":"https:\/\/kaglobal.com.tr\/en\/wp-json\/wp\/v2\/pages\/1243","targetHints":{"allow":["GET"]}}],"collection":[{"href":"https:\/\/kaglobal.com.tr\/en\/wp-json\/wp\/v2\/pages"}],"about":[{"href":"https:\/\/kaglobal.com.tr\/en\/wp-json\/wp\/v2\/types\/page"}],"author":[{"embeddable":true,"href":"https:\/\/kaglobal.com.tr\/en\/wp-json\/wp\/v2\/users\/1"}],"replies":[{"embeddable":true,"href":"https:\/\/kaglobal.com.tr\/en\/wp-json\/wp\/v2\/comments?post=1243"}],"version-history":[{"count":5,"href":"https:\/\/kaglobal.com.tr\/en\/wp-json\/wp\/v2\/pages\/1243\/revisions"}],"predecessor-version":[{"id":2466,"href":"https:\/\/kaglobal.com.tr\/en\/wp-json\/wp\/v2\/pages\/1243\/revisions\/2466"}],"up":[{"embeddable":true,"href":"https:\/\/kaglobal.com.tr\/en\/wp-json\/wp\/v2\/pages\/1233"}],"wp:attachment":[{"href":"https:\/\/kaglobal.com.tr\/en\/wp-json\/wp\/v2\/media?parent=1243"}],"curies":[{"name":"wp","href":"https:\/\/api.w.org\/{rel}","templated":true}]}}